{"id":295270,"date":"2023-09-05T09:28:01","date_gmt":"2023-09-05T06:28:01","guid":{"rendered":"https:\/\/www.rarom.ro\/?page_id=295270"},"modified":"2023-09-05T09:59:57","modified_gmt":"2023-09-05T06:59:57","slug":"design","status":"publish","type":"page","link":"https:\/\/www.rarom.ro\/?page_id=295270","title":{"rendered":"Design"},"content":{"rendered":"\n<p>Alfa Romeo 33 Navajo<\/p>\n\n\n<div class=\"wp-block-image\">\n<figure class=\"aligncenter size-full\"><a href=\"https:\/\/www.rarom.ro\/wp-content\/uploads\/2023\/09\/Design-mare.jpg\"><img loading=\"lazy\" decoding=\"async\" width=\"730\" height=\"450\" src=\"https:\/\/www.rarom.ro\/wp-content\/uploads\/2023\/09\/Design-mare.jpg\" alt=\"\" class=\"wp-image-295271\" srcset=\"https:\/\/www.rarom.ro\/wp-content\/uploads\/2023\/09\/Design-mare.jpg 730w, https:\/\/www.rarom.ro\/wp-content\/uploads\/2023\/09\/Design-mare-300x185.jpg 300w\" sizes=\"auto, (max-width: 730px) 100vw, 730px\" \/><\/a><\/figure><\/div>\n\n\n<div style=\"height:30px\" aria-hidden=\"true\" class=\"wp-block-spacer\"><\/div>\n\n\n\n<div class=\"wp-block-columns is-layout-flex wp-container-core-columns-is-layout-9d6595d7 wp-block-columns-is-layout-flex\">\n<div class=\"wp-block-column is-layout-flow wp-block-column-is-layout-flow\" style=\"flex-basis:66.66%\">\n<p>Cumva la \u00eenceputul demersului aceast\u0103 \u00eentrebare a ap\u0103rut \u00eentr-o form\u0103 sau alta la casa Bertone. \u0218i r\u0103spunsul a fost unul pe m\u0103sur\u0103, o Alfa Romeo cum nu s-a mai v\u0103zut. [\u2026]<\/p>\n<\/div>\n\n\n\n<div class=\"wp-block-column is-layout-flow wp-block-column-is-layout-flow\" style=\"flex-basis:33.33%\">\n<figure class=\"wp-block-image size-full\"><a href=\"https:\/\/www.rarom.ro\/wp-content\/uploads\/2023\/09\/Design-pagini.jpg\"><img loading=\"lazy\" decoding=\"async\" width=\"250\" height=\"165\" src=\"https:\/\/www.rarom.ro\/wp-content\/uploads\/2023\/09\/Design-pagini.jpg\" alt=\"\" class=\"wp-image-295273\"\/><\/a><\/figure>\n<\/div>\n<\/div>\n","protected":false},"excerpt":{"rendered":"<p>Alfa Romeo 33 Navajo Cumva la \u00eenceputul demersului aceast\u0103 \u00eentrebare a ap\u0103rut \u00eentr-o form\u0103 sau alta la casa Bertone. \u0218i r\u0103spunsul a fost unul pe m\u0103sur\u0103, o Alfa Romeo cum nu s-a mai v\u0103zut. [\u2026]<\/p>\n","protected":false},"author":3,"featured_media":0,"parent":295071,"menu_order":5,"comment_status":"closed","ping_status":"closed","template":"","meta":{"_acf_changed":false,"footnotes":""},"class_list":["post-295270","page","type-page","status-publish","hentry"],"acf":[],"_links":{"self":[{"href":"https:\/\/www.rarom.ro\/index.php?rest_route=\/wp\/v2\/pages\/295270","targetHints":{"allow":["GET"]}}],"collection":[{"href":"https:\/\/www.rarom.ro\/index.php?rest_route=\/wp\/v2\/pages"}],"about":[{"href":"https:\/\/www.rarom.ro\/index.php?rest_route=\/wp\/v2\/types\/page"}],"author":[{"embeddable":true,"href":"https:\/\/www.rarom.ro\/index.php?rest_route=\/wp\/v2\/users\/3"}],"replies":[{"embeddable":true,"href":"https:\/\/www.rarom.ro\/index.php?rest_route=%2Fwp%2Fv2%2Fcomments&post=295270"}],"version-history":[{"count":2,"href":"https:\/\/www.rarom.ro\/index.php?rest_route=\/wp\/v2\/pages\/295270\/revisions"}],"predecessor-version":[{"id":295276,"href":"https:\/\/www.rarom.ro\/index.php?rest_route=\/wp\/v2\/pages\/295270\/revisions\/295276"}],"up":[{"embeddable":true,"href":"https:\/\/www.rarom.ro\/index.php?rest_route=\/wp\/v2\/pages\/295071"}],"wp:attachment":[{"href":"https:\/\/www.rarom.ro\/index.php?rest_route=%2Fwp%2Fv2%2Fmedia&parent=295270"}],"curies":[{"name":"wp","href":"https:\/\/api.w.org\/{rel}","templated":true}]}}