{"id":294812,"date":"2023-08-17T09:14:51","date_gmt":"2023-08-17T06:14:51","guid":{"rendered":"https:\/\/www.rarom.ro\/?page_id=294812"},"modified":"2025-05-07T15:37:30","modified_gmt":"2025-05-07T12:37:30","slug":"d-t-i-c","status":"publish","type":"page","link":"https:\/\/www.rarom.ro\/?page_id=294812","title":{"rendered":"Direc\u021bia IT"},"content":{"rendered":"\n<p>Pentru Registrul Auto Rom\u00e2n R.A., Direc\u021bia IT (DIT) reprezint\u0103 unul dintre factorii importan\u021bi de succes, prin prisma eficien\u021bei \u0219i capacit\u0103\u021bii de a automatiza sarcinile de rutin\u0103, infrastructura IT fiind \u201cmotorul\u201d tuturor opera\u021biilor de automatizare. Este modalitatea excelent\u0103 de a cre\u0219te eficien\u021ba general\u0103.<br>La un nivel introductiv, Direc\u021bia IT asigur\u0103 administrarea tuturor aplica\u021biilor de business ale R.A.R. R.A., facilit\u00e2nd utilizarea re\u021belei de calculatoare \u0219i a sistemelor de operare \u00een a\u0219a fel \u00eenc\u00e2t angaja\u021bii institu\u021biei s\u0103:<\/p>\n\n\n\n<ul class=\"wp-block-list\">\n<li>Fie capabili s\u0103 comunice despre sarcinile zilnice de lucru;<\/li>\n\n\n\n<li>Lucreze \u00eempreun\u0103 \u00een cadrul platformei informatice integrate;<\/li>\n\n\n\n<li>Dispun\u0103 de toate func\u021bionalit\u0103\u021bile de care au nevoie pentru a-\u0219i \u00eendeplini sarcinile zilnice de<br>lucru.<\/li>\n<\/ul>\n\n\n\n<p>La un nivel mai detaliat, DIT este responsabil\u0103 de <em>trei func\u021bii IT principale<\/em>, <u>pe care le realizeaz\u0103 \u00een propor\u021bie de cel pu\u021bin 90% cu personal propriu<\/u>, \u0219i anume:<\/p>\n\n\n\n<p>a)<strong> Infrastructur\u0103<\/strong> &#8211; se refer\u0103 la componentele hardware, re\u021beaua de calculatoare, tehnologii cloud \u0219i toate celelalte echipamente necesare pentru ca un sistem IT s\u0103 func\u021bioneze. Totul g\u00e2ndit eficient, \u00een a\u0219a fel \u00eenc\u00e2t investi\u021biile realizate s\u0103 r\u0103spund\u0103 \u00een mod optim nevoilor companiei dar f\u0103r\u0103 a dep\u0103\u0219i bugetul alocat;<\/p>\n\n\n\n<p>b) <strong>Func\u021bionalitate<\/strong> &#8211; cea mai vizibil\u0103 \u0219i crucial\u0103 sarcin\u0103 efectuat\u0103 de c\u0103tre Direc\u021bia IT.  Se refer\u0103 la crearea \u0219i \u00eentre\u021binerea aplica\u021biilor opera\u021bionale, stocarea \u0219i securizarea datelor institu\u021biei precum \u0219i oferirea de asisten\u021b\u0103 \u00een utilizarea software-ului \u0219i gestionarea datelor. Dezvoltarea aplica\u021biilor reprezint\u0103 unul dintre rolurile principale ale Direc\u021biei IT \u00eentruc\u00e2t, prin utilizarea aplica\u021biile corect concepute R.A.R. R.A. devine mai inovatoare, mai productiv\u0103, mai eficient\u0103. Este \u00een fapt activitatea de baz\u0103 a programatorilor, anali\u0219tilor, designerilor de interfa\u021b\u0103, administratorii bazei de date, testeri \u0219i al\u021bi profesioni\u0219ti.<\/p>\n\n\n\n<p>c) <strong>Guvernan\u021b\u0103<\/strong> &#8211; implementarea parametrilor opera\u021bionali pentru structurile organiza\u021bionale ale R.A.R. R.A., la care se adaug\u0103 proiectarea, realizarea arhitecturii de re\u021bea \u0219i utilizarea sistemelor informatice de c\u0103tre angaja\u021bii institu\u021biei. Altfel spus, DIT stabile\u0219te regulile pentru modul \u00een care angaja\u021bii \u0219i structurile din componen\u021ba R.A.R. R.A. pot utiliza infrastructura IT de\u021binut\u0103 de c\u0103tre institu\u021bie, securitatea IT \u0219i furnizarea de date c\u0103tre o palet\u0103 larg\u0103 de destinatari externi dar \u0219i c\u0103tre cei interni.<\/p>\n\n\n\n<div style=\"height:20px\" aria-hidden=\"true\" class=\"wp-block-spacer\"><\/div>\n\n\n\n<hr>\n\n\n\n<p><strong>Direc\u021bia IT<\/strong> <strong>(DIT)<\/strong><\/p>\n\n\n\n<hr>\n\n\n\n<div style=\"height:20px\" aria-hidden=\"true\" class=\"wp-block-spacer\"><\/div>\n\n\n\n<div class=\"wp-block-group\"><div class=\"wp-block-group__inner-container is-layout-constrained wp-block-group-is-layout-constrained\">\n<div class=\"wp-block-columns is-layout-flex wp-container-core-columns-is-layout-9d6595d7 wp-block-columns-is-layout-flex\">\n<div class=\"wp-block-column is-layout-flow wp-block-column-is-layout-flow\" style=\"flex-basis:33.33%\"><div class=\"wp-block-image is-style-rounded\">\n<figure class=\"aligncenter size-full\"><a href=\"https:\/\/www.rarom.ro\/wp-content\/uploads\/2024\/07\/DIT_Manuel-FARCAS.png\"><img loading=\"lazy\" decoding=\"async\" width=\"170\" height=\"170\" src=\"https:\/\/www.rarom.ro\/wp-content\/uploads\/2024\/07\/DIT_Manuel-FARCAS.png\" alt=\"\" class=\"wp-image-297672\" srcset=\"https:\/\/www.rarom.ro\/wp-content\/uploads\/2024\/07\/DIT_Manuel-FARCAS.png 170w, https:\/\/www.rarom.ro\/wp-content\/uploads\/2024\/07\/DIT_Manuel-FARCAS-150x150.png 150w, https:\/\/www.rarom.ro\/wp-content\/uploads\/2024\/07\/DIT_Manuel-FARCAS-85x85.png 85w, https:\/\/www.rarom.ro\/wp-content\/uploads\/2024\/07\/DIT_Manuel-FARCAS-60x60.png 60w, https:\/\/www.rarom.ro\/wp-content\/uploads\/2024\/07\/DIT_Manuel-FARCAS-16x16.png 16w\" sizes=\"auto, (max-width: 170px) 100vw, 170px\" \/><\/a><\/figure><\/div>\n\n\n<div style=\"height:20px\" aria-hidden=\"true\" class=\"wp-block-spacer\"><\/div>\n\n\n\n<p class=\"has-text-align-center\"><strong>Manuel FARCA\u0218<\/strong><br><em>Director Direc\u021bie IT<\/em><\/p>\n<\/div>\n\n\n\n<div class=\"wp-block-column is-layout-flow wp-block-column-is-layout-flow\" style=\"flex-basis:66.66%\">\n<p><strong>Adresa:<\/strong> Calea Grivi\u0163ei nr. 391A, cod 010719<br>Bucure\u015fti, sector 1<\/p>\n\n\n\n<p><strong><em>Coordonate GPS: <\/em><\/strong>44.468488, 26.051998<\/p>\n\n\n\n<hr>\n\n\n\n<p>Tel.: 021 202.70.00 \/ int 8188<\/p>\n\n\n\n<hr>\n\n\n\n<p><strong>Formular de contact<\/strong><\/p>\n\n\n<p>[contact-form-7 id=&#8221;292691&#8243; title=&#8221;Formular de contact &#8211; Departamente&#8221;]<\/p>\n<\/div>\n<\/div>\n<\/div><\/div>\n","protected":false},"excerpt":{"rendered":"<p>Pentru Registrul Auto Rom\u00e2n R.A., Direc\u021bia IT (DIT) reprezint\u0103 unul dintre factorii importan\u021bi de succes, prin prisma eficien\u021bei \u0219i capacit\u0103\u021bii de a automatiza sarcinile de rutin\u0103, infrastructura IT fiind \u201cmotorul\u201d tuturor opera\u021biilor de automatizare. Este modalitatea excelent\u0103 de a cre\u0219te eficien\u021ba general\u0103.La un nivel introductiv, Direc\u021bia IT asigur\u0103 administrarea tuturor aplica\u021biilor de business ale R.A.R. [&hellip;]<\/p>\n","protected":false},"author":3,"featured_media":0,"parent":35,"menu_order":8,"comment_status":"closed","ping_status":"closed","template":"","meta":{"_acf_changed":false,"footnotes":""},"class_list":["post-294812","page","type-page","status-publish","hentry"],"acf":[],"_links":{"self":[{"href":"https:\/\/www.rarom.ro\/index.php?rest_route=\/wp\/v2\/pages\/294812","targetHints":{"allow":["GET"]}}],"collection":[{"href":"https:\/\/www.rarom.ro\/index.php?rest_route=\/wp\/v2\/pages"}],"about":[{"href":"https:\/\/www.rarom.ro\/index.php?rest_route=\/wp\/v2\/types\/page"}],"author":[{"embeddable":true,"href":"https:\/\/www.rarom.ro\/index.php?rest_route=\/wp\/v2\/users\/3"}],"replies":[{"embeddable":true,"href":"https:\/\/www.rarom.ro\/index.php?rest_route=%2Fwp%2Fv2%2Fcomments&post=294812"}],"version-history":[{"count":10,"href":"https:\/\/www.rarom.ro\/index.php?rest_route=\/wp\/v2\/pages\/294812\/revisions"}],"predecessor-version":[{"id":299533,"href":"https:\/\/www.rarom.ro\/index.php?rest_route=\/wp\/v2\/pages\/294812\/revisions\/299533"}],"up":[{"embeddable":true,"href":"https:\/\/www.rarom.ro\/index.php?rest_route=\/wp\/v2\/pages\/35"}],"wp:attachment":[{"href":"https:\/\/www.rarom.ro\/index.php?rest_route=%2Fwp%2Fv2%2Fmedia&parent=294812"}],"curies":[{"name":"wp","href":"https:\/\/api.w.org\/{rel}","templated":true}]}}