{"id":294271,"date":"2023-07-11T11:47:44","date_gmt":"2023-07-11T08:47:44","guid":{"rendered":"https:\/\/81.196.106.21\/?page_id=294271"},"modified":"2025-02-05T11:49:06","modified_gmt":"2025-02-05T09:49:06","slug":"rapoartele-de-aplicare-a-legii-nr-544-2001","status":"publish","type":"page","link":"https:\/\/www.rarom.ro\/?page_id=294271","title":{"rendered":"Rapoartele de aplicare a Legii nr. 544\/2001"},"content":{"rendered":"\n<p><a href=\"https:\/\/www.rarom.ro\/wp-content\/uploads\/2025\/02\/Raportul-de-evaluare-al-implementarii-Legii-nr-544-2001-anul-2024.pdf\" target=\"_blank\" rel=\"noreferrer noopener\">Raportul de evaluare al implement\u0103rii Legii nr. 544-2001 \u00een anul 2024<\/a><\/p>\n\n\n\n<p><a href=\"https:\/\/www.rarom.ro\/wp-content\/uploads\/2025\/02\/Raport-Dep-Comunicare-an-2024.pdf\" target=\"_blank\" rel=\"noreferrer noopener\">Raportarea activit\u0103\u021bii pe anul 2024<\/a><\/p>\n\n\n\n<p><a href=\"https:\/\/www.rarom.ro\/wp-content\/uploads\/2025\/02\/Anexa-1.pdf\" target=\"_blank\" rel=\"noreferrer noopener\">Anexa 1<\/a><\/p>\n\n\n\n<p><a href=\"https:\/\/www.rarom.ro\/wp-content\/uploads\/2025\/02\/Anexa-2.pdf\" target=\"_blank\" rel=\"noreferrer noopener\">Anexa 2<\/a><\/p>\n\n\n\n<hr>\n\n\n\n<p><a href=\"https:\/\/www.rarom.ro\/wp-content\/uploads\/2025\/02\/Raport-CCRRAT-2023.pdf\" target=\"_blank\" rel=\"noreferrer noopener\">Raportarea activit\u0103\u021bii pe anul 2023<\/a><\/p>\n\n\n\n<p><a href=\"https:\/\/www.rarom.ro\/wp-content\/uploads\/2025\/02\/Program-propus-2024.pdf\" target=\"_blank\" rel=\"noreferrer noopener\">Programul de activitate propus pentru anul 2024<\/a><\/p>\n\n\n\n<p><a href=\"https:\/\/www.rarom.ro\/wp-content\/uploads\/2025\/02\/Anexa-1-2023.pdf\" target=\"_blank\" rel=\"noreferrer noopener\">Anexa 1<\/a><\/p>\n\n\n\n<p><a href=\"https:\/\/www.rarom.ro\/wp-content\/uploads\/2025\/02\/Anexa-2-2023.pdf\" target=\"_blank\" rel=\"noreferrer noopener\">Anexa 2<\/a><\/p>\n\n\n\n<hr>\n\n\n\n<p><a href=\"https:\/\/www.rarom.ro\/wp-content\/uploads\/2025\/02\/Raport-CCRRAT-2022.pdf\" target=\"_blank\" rel=\"noreferrer noopener\">Raportarea activit\u0103\u021bii pe anul 2022<\/a><\/p>\n\n\n\n<hr>\n\n\n\n<p><a href=\"https:\/\/www.rarom.ro\/wp-content\/uploads\/2016\/08\/Raport_evaluare-2021.pdf\" target=\"_blank\" rel=\"noreferrer noopener\">Raport de evaluare al implement\u0103rii Legii nr. 544\/2001 \u00een anul 2021<\/a><\/p>\n\n\n\n<p><a href=\"https:\/\/www.rarom.ro\/wp-content\/uploads\/2025\/02\/CRRAT-2021.pdf\" target=\"_blank\" rel=\"noreferrer noopener\">Raportarea activit\u0103\u021bii pe anul 2021<\/a><\/p>\n\n\n\n<p><a href=\"https:\/\/www.rarom.ro\/wp-content\/uploads\/2025\/02\/Anexa-1-1.pdf\" target=\"_blank\" rel=\"noreferrer noopener\">Anexa 1<\/a><\/p>\n\n\n\n<p><a href=\"https:\/\/www.rarom.ro\/wp-content\/uploads\/2025\/02\/Anexa-2-1.pdf\" target=\"_blank\" rel=\"noreferrer noopener\">Anexa 2<\/a><\/p>\n\n\n\n<hr>\n\n\n\n<p><a href=\"https:\/\/www.rarom.ro\/wp-content\/uploads\/2025\/02\/Raport-anual-CCRRAT-2020.pdf\" target=\"_blank\" rel=\"noreferrer noopener\">Raportarea activit\u0103\u021bii pe anul 2020<\/a><\/p>\n\n\n\n<p><a href=\"https:\/\/www.rarom.ro\/wp-content\/uploads\/2025\/02\/Anexa-1-2.pdf\" target=\"_blank\" rel=\"noreferrer noopener\">Anexa 1<\/a><\/p>\n\n\n\n<p><a href=\"https:\/\/www.rarom.ro\/wp-content\/uploads\/2025\/02\/Anexa-2-2.pdf\" target=\"_blank\" rel=\"noreferrer noopener\">Anexa 2<\/a><\/p>\n\n\n\n<hr>\n\n\n\n<p><a href=\"https:\/\/www.rarom.ro\/wp-content\/uploads\/2016\/08\/Raportul-de-evaluare-al-implementarii-Legii-nr544-2001-in-anul-2019.pdf\" target=\"_blank\" rel=\"noreferrer noopener\">Raport de evaluare al implement\u0103rii Legii nr. 544\/2001 \u00een anul 2019<\/a><\/p>\n\n\n\n<hr>\n\n\n\n<p><a href=\"https:\/\/www.rarom.ro\/wp-content\/uploads\/2016\/08\/Raport_Evaluare_2018.pdf\" target=\"_blank\" rel=\"noreferrer noopener\">Raport de evaluare al implement\u0103rii Legii nr. 544\/2001 \u00een anul 2018<\/a><\/p>\n\n\n\n<hr>\n\n\n\n<p><a href=\"https:\/\/www.rarom.ro\/cs-uploads\/info-rar\/RaportEvaluare_2016.pdf\" target=\"_blank\" rel=\"noreferrer noopener\">Raport de evaluare al implement\u0103rii Legii nr. 544\/2001&nbsp;\u00een anul 2016<\/a><\/p>\n\n\n\n<p><a href=\"https:\/\/www.rarom.ro\/cs-uploads\/info-rar\/Raport_activitate_BCRRA_ian-martie-2016.pdf\" target=\"_blank\" rel=\"noreferrer noopener\">Raport de activitate al Biroului de Informare, Comunicare \u015fi Rela\u0163ii cu Mass Media, \u00een primul trimestru al anului 2016<\/a><\/p>\n\n\n\n<hr>\n\n\n\n<p><a href=\"https:\/\/www.rarom.ro\/cs-uploads\/info-rar\/Raport_activitate_BICRMM-AUTOTEST-2015.pdf\" target=\"_blank\" rel=\"noreferrer noopener\">Raport de activitate al Biroului de Informare, Comunicare \u015fi Rela\u0163ii cu Mass Media, \u00een anul 2015<\/a><\/p>\n\n\n\n<hr>\n\n\n\n<p><a href=\"https:\/\/www.rarom.ro\/cs-uploads\/info-rar\/Raport_activitate_BICRMM-2014.pdf\" target=\"_blank\" rel=\"noreferrer noopener\">Raport de activitate al Biroului de Informare, Comunicare \u015fi Rela\u0163ii cu Mass Media, \u00een anul 2014<\/a><\/p>\n\n\n\n<p><\/p>\n\n\n\n<p><\/p>\n\n\n\n<p><\/p>\n\n\n\n<p><\/p>\n\n\n\n<p><\/p>\n\n\n\n<p><\/p>\n","protected":false},"excerpt":{"rendered":"<p>Raportul de evaluare al implement\u0103rii Legii nr. 544-2001 \u00een anul 2024 Raportarea activit\u0103\u021bii pe anul 2024 Anexa 1 Anexa 2 Raportarea activit\u0103\u021bii pe anul 2023 Programul de activitate propus pentru anul 2024 Anexa 1 Anexa 2 Raportarea activit\u0103\u021bii pe anul 2022 Raport de evaluare al implement\u0103rii Legii nr. 544\/2001 \u00een anul 2021 Raportarea activit\u0103\u021bii pe [&hellip;]<\/p>\n","protected":false},"author":3,"featured_media":0,"parent":292011,"menu_order":5,"comment_status":"closed","ping_status":"closed","template":"","meta":{"_acf_changed":false,"footnotes":""},"class_list":["post-294271","page","type-page","status-publish","hentry"],"acf":[],"_links":{"self":[{"href":"https:\/\/www.rarom.ro\/index.php?rest_route=\/wp\/v2\/pages\/294271","targetHints":{"allow":["GET"]}}],"collection":[{"href":"https:\/\/www.rarom.ro\/index.php?rest_route=\/wp\/v2\/pages"}],"about":[{"href":"https:\/\/www.rarom.ro\/index.php?rest_route=\/wp\/v2\/types\/page"}],"author":[{"embeddable":true,"href":"https:\/\/www.rarom.ro\/index.php?rest_route=\/wp\/v2\/users\/3"}],"replies":[{"embeddable":true,"href":"https:\/\/www.rarom.ro\/index.php?rest_route=%2Fwp%2Fv2%2Fcomments&post=294271"}],"version-history":[{"count":12,"href":"https:\/\/www.rarom.ro\/index.php?rest_route=\/wp\/v2\/pages\/294271\/revisions"}],"predecessor-version":[{"id":298972,"href":"https:\/\/www.rarom.ro\/index.php?rest_route=\/wp\/v2\/pages\/294271\/revisions\/298972"}],"up":[{"embeddable":true,"href":"https:\/\/www.rarom.ro\/index.php?rest_route=\/wp\/v2\/pages\/292011"}],"wp:attachment":[{"href":"https:\/\/www.rarom.ro\/index.php?rest_route=%2Fwp%2Fv2%2Fmedia&parent=294271"}],"curies":[{"name":"wp","href":"https:\/\/api.w.org\/{rel}","templated":true}]}}