{"id":294266,"date":"2023-07-11T11:45:10","date_gmt":"2023-07-11T08:45:10","guid":{"rendered":"https:\/\/81.196.106.21\/?page_id=294266"},"modified":"2023-08-16T14:45:48","modified_gmt":"2023-08-16T11:45:48","slug":"modalitati-de-contestare","status":"publish","type":"page","link":"https:\/\/www.rarom.ro\/?page_id=294266","title":{"rendered":"Modalit\u0103\u0163i de contestare"},"content":{"rendered":"\n<ul class=\"wp-block-list\">\n<li><a href=\"https:\/\/www.rarom.ro\/cs-uploads\/info-rar\/ReclamatieAdministrativa_1.doc\" target=\"_blank\" rel=\"noreferrer noopener\">Reclama\u0163ia administrativ\u0103 1<\/a><\/li>\n\n\n\n<li><a href=\"https:\/\/www.rarom.ro\/cs-uploads\/info-rar\/ReclamatieAdministrativa_2.doc\" target=\"_blank\" rel=\"noreferrer noopener\">Reclama\u0163ia administrativ\u0103 2<\/a><\/li>\n<\/ul>\n\n\n\n<p><strong>MODALIT\u0102\u0162I DE TRIMITERE<\/strong><\/p>\n\n\n\n<p>Formularele se completeaz\u0103 complet \u015fi corect, apoi se transmit&nbsp;prin fax&nbsp;la nr.&nbsp;<strong>021 202.70.90,<\/strong>&nbsp;sau se scaneaz\u0103 \u015fi se transmit&nbsp;prin e-mail&nbsp;la adresa&nbsp;<strong><a rel=\"noreferrer noopener\" href=\"mailto:cerere544@rarom.ro\" target=\"_blank\">cerere544@rarom.ro<\/a>.<\/strong><\/p>\n\n\n\n<p>De asemenea, formularele completate pot fi expediate\u00a0prin po\u015ft\u0103\u00a0la adresa Registrul Auto Rom\u00e2n R.A. nr. 391A, sector 1, Bucure\u015fti, cod 010719 sau\u00a0pot fi depuse personal\u00a0la Registratura central\u0103 a R.A.R.-R.A. din Calea Grivi\u0163ei nr. 391A, Sector 1, Bucure\u015fti \u015fi la\u00a0<a href=\"https:\/\/www.rarom.ro\/?page_id=16\">reprezentan\u0163ele\u00a0R.A.R.<\/a><\/p>\n","protected":false},"excerpt":{"rendered":"<p>MODALIT\u0102\u0162I DE TRIMITERE Formularele se completeaz\u0103 complet \u015fi corect, apoi se transmit&nbsp;prin fax&nbsp;la nr.&nbsp;021 202.70.90,&nbsp;sau se scaneaz\u0103 \u015fi se transmit&nbsp;prin e-mail&nbsp;la adresa&nbsp;cerere544@rarom.ro. De asemenea, formularele completate pot fi expediate\u00a0prin po\u015ft\u0103\u00a0la adresa Registrul Auto Rom\u00e2n R.A. nr. 391A, sector 1, Bucure\u015fti, cod 010719 sau\u00a0pot fi depuse personal\u00a0la Registratura central\u0103 a R.A.R.-R.A. din Calea Grivi\u0163ei nr. 391A, [&hellip;]<\/p>\n","protected":false},"author":3,"featured_media":0,"parent":292011,"menu_order":3,"comment_status":"closed","ping_status":"closed","template":"","meta":{"_acf_changed":false,"footnotes":""},"class_list":["post-294266","page","type-page","status-publish","hentry"],"acf":[],"_links":{"self":[{"href":"https:\/\/www.rarom.ro\/index.php?rest_route=\/wp\/v2\/pages\/294266","targetHints":{"allow":["GET"]}}],"collection":[{"href":"https:\/\/www.rarom.ro\/index.php?rest_route=\/wp\/v2\/pages"}],"about":[{"href":"https:\/\/www.rarom.ro\/index.php?rest_route=\/wp\/v2\/types\/page"}],"author":[{"embeddable":true,"href":"https:\/\/www.rarom.ro\/index.php?rest_route=\/wp\/v2\/users\/3"}],"replies":[{"embeddable":true,"href":"https:\/\/www.rarom.ro\/index.php?rest_route=%2Fwp%2Fv2%2Fcomments&post=294266"}],"version-history":[{"count":5,"href":"https:\/\/www.rarom.ro\/index.php?rest_route=\/wp\/v2\/pages\/294266\/revisions"}],"predecessor-version":[{"id":294784,"href":"https:\/\/www.rarom.ro\/index.php?rest_route=\/wp\/v2\/pages\/294266\/revisions\/294784"}],"up":[{"embeddable":true,"href":"https:\/\/www.rarom.ro\/index.php?rest_route=\/wp\/v2\/pages\/292011"}],"wp:attachment":[{"href":"https:\/\/www.rarom.ro\/index.php?rest_route=%2Fwp%2Fv2%2Fmedia&parent=294266"}],"curies":[{"name":"wp","href":"https:\/\/api.w.org\/{rel}","templated":true}]}}