{"id":294058,"date":"2023-07-07T09:08:33","date_gmt":"2023-07-07T06:08:33","guid":{"rendered":"https:\/\/81.196.106.21\/?page_id=294058"},"modified":"2023-07-07T12:39:40","modified_gmt":"2023-07-07T09:39:40","slug":"lansare","status":"publish","type":"page","link":"https:\/\/www.rarom.ro\/?page_id=294058","title":{"rendered":"Lansare"},"content":{"rendered":"\n<p><strong>Dacia<\/strong><\/p>\n\n\n\n<figure class=\"wp-block-image size-full\"><a href=\"https:\/\/www.rarom.ro\/wp-content\/uploads\/2023\/07\/Lansare-mare.jpg\"><img loading=\"lazy\" decoding=\"async\" width=\"730\" height=\"450\" src=\"https:\/\/www.rarom.ro\/wp-content\/uploads\/2023\/07\/Lansare-mare.jpg\" alt=\"\" class=\"wp-image-294059\" srcset=\"https:\/\/www.rarom.ro\/wp-content\/uploads\/2023\/07\/Lansare-mare.jpg 730w, https:\/\/www.rarom.ro\/wp-content\/uploads\/2023\/07\/Lansare-mare-300x185.jpg 300w\" sizes=\"auto, (max-width: 730px) 100vw, 730px\" \/><\/a><\/figure>\n\n\n\n<div style=\"height:30px\" aria-hidden=\"true\" class=\"wp-block-spacer\"><\/div>\n\n\n\n<div class=\"wp-block-columns is-layout-flex wp-container-core-columns-is-layout-9d6595d7 wp-block-columns-is-layout-flex\">\n<div class=\"wp-block-column is-layout-flow wp-block-column-is-layout-flow\" style=\"flex-basis:66.66%\">\n<p>Am fost \u00een Austria pentru a fi martor la felul \u00een care Dacia inten\u021bioneaz\u0103 s\u0103 \u00ee\u015fi ranforseze imaginea de marc\u0103 \u015fi percep\u0163ia \u00een pia\u0163\u0103. Pachetul Extreme devine nivel de echipare pentru Spring, Sandero Stepway, Jogger \u015fi Duster, iar Spring \u00ee\u0219i extinde oferta cu un motor de 65 CP. [\u2026]<\/p>\n<\/div>\n\n\n\n<div class=\"wp-block-column is-layout-flow wp-block-column-is-layout-flow\" style=\"flex-basis:33.33%\">\n<figure class=\"wp-block-image size-full\"><a href=\"https:\/\/www.rarom.ro\/wp-content\/uploads\/2023\/07\/Lansare-pagini.jpg\"><img loading=\"lazy\" decoding=\"async\" width=\"250\" height=\"165\" src=\"https:\/\/www.rarom.ro\/wp-content\/uploads\/2023\/07\/Lansare-pagini.jpg\" alt=\"\" class=\"wp-image-294061\"\/><\/a><\/figure>\n<\/div>\n<\/div>\n","protected":false},"excerpt":{"rendered":"<p>Dacia Am fost \u00een Austria pentru a fi martor la felul \u00een care Dacia inten\u021bioneaz\u0103 s\u0103 \u00ee\u015fi ranforseze imaginea de marc\u0103 \u015fi percep\u0163ia \u00een pia\u0163\u0103. Pachetul Extreme devine nivel de echipare pentru Spring, Sandero Stepway, Jogger \u015fi Duster, iar Spring \u00ee\u0219i extinde oferta cu un motor de 65 CP. [\u2026]<\/p>\n","protected":false},"author":3,"featured_media":0,"parent":294001,"menu_order":5,"comment_status":"closed","ping_status":"closed","template":"","meta":{"_acf_changed":false,"footnotes":""},"class_list":["post-294058","page","type-page","status-publish","hentry"],"acf":[],"_links":{"self":[{"href":"https:\/\/www.rarom.ro\/index.php?rest_route=\/wp\/v2\/pages\/294058","targetHints":{"allow":["GET"]}}],"collection":[{"href":"https:\/\/www.rarom.ro\/index.php?rest_route=\/wp\/v2\/pages"}],"about":[{"href":"https:\/\/www.rarom.ro\/index.php?rest_route=\/wp\/v2\/types\/page"}],"author":[{"embeddable":true,"href":"https:\/\/www.rarom.ro\/index.php?rest_route=\/wp\/v2\/users\/3"}],"replies":[{"embeddable":true,"href":"https:\/\/www.rarom.ro\/index.php?rest_route=%2Fwp%2Fv2%2Fcomments&post=294058"}],"version-history":[{"count":3,"href":"https:\/\/www.rarom.ro\/index.php?rest_route=\/wp\/v2\/pages\/294058\/revisions"}],"predecessor-version":[{"id":294065,"href":"https:\/\/www.rarom.ro\/index.php?rest_route=\/wp\/v2\/pages\/294058\/revisions\/294065"}],"up":[{"embeddable":true,"href":"https:\/\/www.rarom.ro\/index.php?rest_route=\/wp\/v2\/pages\/294001"}],"wp:attachment":[{"href":"https:\/\/www.rarom.ro\/index.php?rest_route=%2Fwp%2Fv2%2Fmedia&parent=294058"}],"curies":[{"name":"wp","href":"https:\/\/api.w.org\/{rel}","templated":true}]}}