{"id":293853,"date":"2023-07-05T15:44:16","date_gmt":"2023-07-05T12:44:16","guid":{"rendered":"https:\/\/81.196.106.21\/?page_id=293853"},"modified":"2023-07-06T15:13:40","modified_gmt":"2023-07-06T12:13:40","slug":"interviu","status":"publish","type":"page","link":"https:\/\/www.rarom.ro\/?page_id=293853","title":{"rendered":"Interviu"},"content":{"rendered":"\n<p><strong>Anatol Basarab<\/strong><\/p>\n\n\n<div class=\"wp-block-image\">\n<figure class=\"aligncenter size-full\"><a href=\"https:\/\/www.rarom.ro\/wp-content\/uploads\/2023\/07\/Interviu-mare.jpg\"><img loading=\"lazy\" decoding=\"async\" width=\"730\" height=\"450\" src=\"https:\/\/www.rarom.ro\/wp-content\/uploads\/2023\/07\/Interviu-mare.jpg\" alt=\"\" class=\"wp-image-293854\" srcset=\"https:\/\/www.rarom.ro\/wp-content\/uploads\/2023\/07\/Interviu-mare.jpg 730w, https:\/\/www.rarom.ro\/wp-content\/uploads\/2023\/07\/Interviu-mare-300x185.jpg 300w\" sizes=\"auto, (max-width: 730px) 100vw, 730px\" \/><\/a><\/figure><\/div>\n\n\n<div style=\"height:30px\" aria-hidden=\"true\" class=\"wp-block-spacer\"><\/div>\n\n\n\n<div class=\"wp-block-columns is-layout-flex wp-container-core-columns-is-layout-9d6595d7 wp-block-columns-is-layout-flex\">\n<div class=\"wp-block-column is-layout-flow wp-block-column-is-layout-flow\" style=\"flex-basis:33.33%\">\n<figure class=\"wp-block-image size-full\"><a href=\"https:\/\/www.rarom.ro\/wp-content\/uploads\/2023\/07\/Interviu-pagini.jpg\"><img loading=\"lazy\" decoding=\"async\" width=\"250\" height=\"165\" src=\"https:\/\/www.rarom.ro\/wp-content\/uploads\/2023\/07\/Interviu-pagini.jpg\" alt=\"\" class=\"wp-image-293856\"\/><\/a><\/figure>\n<\/div>\n\n\n\n<div class=\"wp-block-column is-layout-flow wp-block-column-is-layout-flow\" style=\"flex-basis:66.66%\">\n<p>O discu\u021bie cu Anatol Basarab seam\u0103n\u0103 foarte mult cu momentul \u00een care cite\u0219ti cu nesa\u021b o enciclopedie. Este psiholog, ezoterist faimos \u0219i este considerat unul dintre cei mai buni numerologi din lume, iar fiecare cuv\u00e2nt al lui \u00ee\u021bi inspir\u0103 pasiune, voin\u021b\u0103, lini\u0219te \u0219i cunoa\u0219tere. Am profitat de ocazie \u0219i am aflat c\u00e2teva am\u0103nunte legate de numerologie, dar am descoperit \u0219i care este \u201eritualul\u201d dinaintea unui drum cu ma\u0219ina. [\u2026]<\/p>\n<\/div>\n<\/div>\n","protected":false},"excerpt":{"rendered":"<p>Anatol Basarab O discu\u021bie cu Anatol Basarab seam\u0103n\u0103 foarte mult cu momentul \u00een care cite\u0219ti cu nesa\u021b o enciclopedie. Este psiholog, ezoterist faimos \u0219i este considerat unul dintre cei mai buni numerologi din lume, iar fiecare cuv\u00e2nt al lui \u00ee\u021bi inspir\u0103 pasiune, voin\u021b\u0103, lini\u0219te \u0219i cunoa\u0219tere. Am profitat de ocazie \u0219i am aflat c\u00e2teva am\u0103nunte [&hellip;]<\/p>\n","protected":false},"author":3,"featured_media":0,"parent":293654,"menu_order":3,"comment_status":"closed","ping_status":"closed","template":"","meta":{"_acf_changed":false,"footnotes":""},"class_list":["post-293853","page","type-page","status-publish","hentry"],"acf":[],"_links":{"self":[{"href":"https:\/\/www.rarom.ro\/index.php?rest_route=\/wp\/v2\/pages\/293853","targetHints":{"allow":["GET"]}}],"collection":[{"href":"https:\/\/www.rarom.ro\/index.php?rest_route=\/wp\/v2\/pages"}],"about":[{"href":"https:\/\/www.rarom.ro\/index.php?rest_route=\/wp\/v2\/types\/page"}],"author":[{"embeddable":true,"href":"https:\/\/www.rarom.ro\/index.php?rest_route=\/wp\/v2\/users\/3"}],"replies":[{"embeddable":true,"href":"https:\/\/www.rarom.ro\/index.php?rest_route=%2Fwp%2Fv2%2Fcomments&post=293853"}],"version-history":[{"count":3,"href":"https:\/\/www.rarom.ro\/index.php?rest_route=\/wp\/v2\/pages\/293853\/revisions"}],"predecessor-version":[{"id":293860,"href":"https:\/\/www.rarom.ro\/index.php?rest_route=\/wp\/v2\/pages\/293853\/revisions\/293860"}],"up":[{"embeddable":true,"href":"https:\/\/www.rarom.ro\/index.php?rest_route=\/wp\/v2\/pages\/293654"}],"wp:attachment":[{"href":"https:\/\/www.rarom.ro\/index.php?rest_route=%2Fwp%2Fv2%2Fmedia&parent=293853"}],"curies":[{"name":"wp","href":"https:\/\/api.w.org\/{rel}","templated":true}]}}