{"id":293831,"date":"2023-07-05T15:35:06","date_gmt":"2023-07-05T12:35:06","guid":{"rendered":"https:\/\/81.196.106.21\/?page_id=293831"},"modified":"2023-07-06T15:11:23","modified_gmt":"2023-07-06T12:11:23","slug":"jeep-grand-cherokee-4xe","status":"publish","type":"page","link":"https:\/\/www.rarom.ro\/?page_id=293831","title":{"rendered":"Jeep Grand Cherokee 4xe"},"content":{"rendered":"\n<p><strong>Test: Jeep Grand Cherokee 4xe<\/strong><\/p>\n\n\n<div class=\"wp-block-image\">\n<figure class=\"aligncenter size-full\"><a href=\"https:\/\/www.rarom.ro\/wp-content\/uploads\/2023\/07\/Test-Jeep-mare.jpg\"><img loading=\"lazy\" decoding=\"async\" width=\"730\" height=\"450\" src=\"https:\/\/www.rarom.ro\/wp-content\/uploads\/2023\/07\/Test-Jeep-mare.jpg\" alt=\"\" class=\"wp-image-293832\" srcset=\"https:\/\/www.rarom.ro\/wp-content\/uploads\/2023\/07\/Test-Jeep-mare.jpg 730w, https:\/\/www.rarom.ro\/wp-content\/uploads\/2023\/07\/Test-Jeep-mare-300x185.jpg 300w\" sizes=\"auto, (max-width: 730px) 100vw, 730px\" \/><\/a><\/figure><\/div>\n\n\n<div style=\"height:30px\" aria-hidden=\"true\" class=\"wp-block-spacer\"><\/div>\n\n\n\n<div class=\"wp-block-columns is-layout-flex wp-container-core-columns-is-layout-9d6595d7 wp-block-columns-is-layout-flex\">\n<div class=\"wp-block-column is-layout-flow wp-block-column-is-layout-flow\" style=\"flex-basis:33.33%\">\n<figure class=\"wp-block-image size-full\"><a href=\"https:\/\/www.rarom.ro\/wp-content\/uploads\/2023\/07\/Test-Jeep-pagini.jpg\"><img loading=\"lazy\" decoding=\"async\" width=\"250\" height=\"165\" src=\"https:\/\/www.rarom.ro\/wp-content\/uploads\/2023\/07\/Test-Jeep-pagini.jpg\" alt=\"\" class=\"wp-image-293834\"\/><\/a><\/figure>\n<\/div>\n\n\n\n<div class=\"wp-block-column is-layout-flow wp-block-column-is-layout-flow\" style=\"flex-basis:66.66%\">\n<p>Jeep Grand Cherokee a inventat, practic, categoria SUV \u00een 1992, fiind unul dintre primele modele de acest gen importate \u00een Rom\u00e2nia. Ajuns la a cincea genera\u021bie, emblematicul model \u00eembr\u0103\u021bi\u0219eaz\u0103 electrificarea oferind o singur\u0103 motorizare plug-in hybrid. [\u2026]<\/p>\n<\/div>\n<\/div>\n","protected":false},"excerpt":{"rendered":"<p>Test: Jeep Grand Cherokee 4xe Jeep Grand Cherokee a inventat, practic, categoria SUV \u00een 1992, fiind unul dintre primele modele de acest gen importate \u00een Rom\u00e2nia. Ajuns la a cincea genera\u021bie, emblematicul model \u00eembr\u0103\u021bi\u0219eaz\u0103 electrificarea oferind o singur\u0103 motorizare plug-in hybrid. [\u2026]<\/p>\n","protected":false},"author":3,"featured_media":0,"parent":293662,"menu_order":5,"comment_status":"closed","ping_status":"closed","template":"","meta":{"_acf_changed":false,"footnotes":""},"class_list":["post-293831","page","type-page","status-publish","hentry"],"acf":[],"_links":{"self":[{"href":"https:\/\/www.rarom.ro\/index.php?rest_route=\/wp\/v2\/pages\/293831","targetHints":{"allow":["GET"]}}],"collection":[{"href":"https:\/\/www.rarom.ro\/index.php?rest_route=\/wp\/v2\/pages"}],"about":[{"href":"https:\/\/www.rarom.ro\/index.php?rest_route=\/wp\/v2\/types\/page"}],"author":[{"embeddable":true,"href":"https:\/\/www.rarom.ro\/index.php?rest_route=\/wp\/v2\/users\/3"}],"replies":[{"embeddable":true,"href":"https:\/\/www.rarom.ro\/index.php?rest_route=%2Fwp%2Fv2%2Fcomments&post=293831"}],"version-history":[{"count":2,"href":"https:\/\/www.rarom.ro\/index.php?rest_route=\/wp\/v2\/pages\/293831\/revisions"}],"predecessor-version":[{"id":293837,"href":"https:\/\/www.rarom.ro\/index.php?rest_route=\/wp\/v2\/pages\/293831\/revisions\/293837"}],"up":[{"embeddable":true,"href":"https:\/\/www.rarom.ro\/index.php?rest_route=\/wp\/v2\/pages\/293662"}],"wp:attachment":[{"href":"https:\/\/www.rarom.ro\/index.php?rest_route=%2Fwp%2Fv2%2Fmedia&parent=293831"}],"curies":[{"name":"wp","href":"https:\/\/api.w.org\/{rel}","templated":true}]}}