{"id":293824,"date":"2023-07-05T15:32:38","date_gmt":"2023-07-05T12:32:38","guid":{"rendered":"https:\/\/81.196.106.21\/?page_id=293824"},"modified":"2023-07-06T15:10:51","modified_gmt":"2023-07-06T12:10:51","slug":"peugeot-408-1-6-pure-tech-phev","status":"publish","type":"page","link":"https:\/\/www.rarom.ro\/?page_id=293824","title":{"rendered":"Peugeot 408 1.6 Pure Tech PHEV"},"content":{"rendered":"\n<p><strong>Test: Peugeot 408 1.6 Pure Tech PHEV<\/strong><\/p>\n\n\n<div class=\"wp-block-image\">\n<figure class=\"alignleft size-full\"><a href=\"https:\/\/www.rarom.ro\/wp-content\/uploads\/2023\/07\/Test-Peugeot-mare.jpg\"><img loading=\"lazy\" decoding=\"async\" width=\"730\" height=\"450\" src=\"https:\/\/www.rarom.ro\/wp-content\/uploads\/2023\/07\/Test-Peugeot-mare.jpg\" alt=\"\" class=\"wp-image-293825\" srcset=\"https:\/\/www.rarom.ro\/wp-content\/uploads\/2023\/07\/Test-Peugeot-mare.jpg 730w, https:\/\/www.rarom.ro\/wp-content\/uploads\/2023\/07\/Test-Peugeot-mare-300x185.jpg 300w\" sizes=\"auto, (max-width: 730px) 100vw, 730px\" \/><\/a><\/figure><\/div>\n\n\n<div style=\"height:30px\" aria-hidden=\"true\" class=\"wp-block-spacer\"><\/div>\n\n\n\n<div class=\"wp-block-columns is-layout-flex wp-container-core-columns-is-layout-9d6595d7 wp-block-columns-is-layout-flex\">\n<div class=\"wp-block-column is-layout-flow wp-block-column-is-layout-flow\" style=\"flex-basis:54%\">\n<p>Francezii dau dovad\u0103 de mult spirit inovator \u015fi de un bun gust des\u0103v\u00e2r\u0219it \u00een diverse domenii din sfera frumosului \u015fi luxului, domenii \u00een care sunt percepu\u0163i drept autoritate absolut\u0103 cum ar fi moda haute-couture, buc\u0103t\u0103ria stilat\u0103 sau parfumurile \u015fi b\u0103uturile fine. Industria auto nu este mai prejos. O demonstreaz\u0103 \u0219i noul Peugeot 408, disponibil acum \u0219i \u00een variant\u0103 Plug-In Hybrid. [\u2026]<\/p>\n<\/div>\n\n\n\n<div class=\"wp-block-column is-layout-flow wp-block-column-is-layout-flow\" style=\"flex-basis:33.33%\">\n<figure class=\"wp-block-image size-full\"><a href=\"https:\/\/www.rarom.ro\/wp-content\/uploads\/2023\/07\/Test-Peugeot-pagini-1.jpg\"><img loading=\"lazy\" decoding=\"async\" width=\"250\" height=\"165\" src=\"https:\/\/www.rarom.ro\/wp-content\/uploads\/2023\/07\/Test-Peugeot-pagini-1.jpg\" alt=\"\" class=\"wp-image-293977\"\/><\/a><\/figure>\n<\/div>\n<\/div>\n","protected":false},"excerpt":{"rendered":"<p>Test: Peugeot 408 1.6 Pure Tech PHEV Francezii dau dovad\u0103 de mult spirit inovator \u015fi de un bun gust des\u0103v\u00e2r\u0219it \u00een diverse domenii din sfera frumosului \u015fi luxului, domenii \u00een care sunt percepu\u0163i drept autoritate absolut\u0103 cum ar fi moda haute-couture, buc\u0103t\u0103ria stilat\u0103 sau parfumurile \u015fi b\u0103uturile fine. Industria auto nu este mai prejos. O [&hellip;]<\/p>\n","protected":false},"author":3,"featured_media":0,"parent":293662,"menu_order":4,"comment_status":"closed","ping_status":"closed","template":"","meta":{"_acf_changed":false,"footnotes":""},"class_list":["post-293824","page","type-page","status-publish","hentry"],"acf":[],"_links":{"self":[{"href":"https:\/\/www.rarom.ro\/index.php?rest_route=\/wp\/v2\/pages\/293824","targetHints":{"allow":["GET"]}}],"collection":[{"href":"https:\/\/www.rarom.ro\/index.php?rest_route=\/wp\/v2\/pages"}],"about":[{"href":"https:\/\/www.rarom.ro\/index.php?rest_route=\/wp\/v2\/types\/page"}],"author":[{"embeddable":true,"href":"https:\/\/www.rarom.ro\/index.php?rest_route=\/wp\/v2\/users\/3"}],"replies":[{"embeddable":true,"href":"https:\/\/www.rarom.ro\/index.php?rest_route=%2Fwp%2Fv2%2Fcomments&post=293824"}],"version-history":[{"count":3,"href":"https:\/\/www.rarom.ro\/index.php?rest_route=\/wp\/v2\/pages\/293824\/revisions"}],"predecessor-version":[{"id":293979,"href":"https:\/\/www.rarom.ro\/index.php?rest_route=\/wp\/v2\/pages\/293824\/revisions\/293979"}],"up":[{"embeddable":true,"href":"https:\/\/www.rarom.ro\/index.php?rest_route=\/wp\/v2\/pages\/293662"}],"wp:attachment":[{"href":"https:\/\/www.rarom.ro\/index.php?rest_route=%2Fwp%2Fv2%2Fmedia&parent=293824"}],"curies":[{"name":"wp","href":"https:\/\/api.w.org\/{rel}","templated":true}]}}