{"id":293669,"date":"2023-07-03T12:34:51","date_gmt":"2023-07-03T09:34:51","guid":{"rendered":"https:\/\/81.196.106.21\/?page_id=293669"},"modified":"2023-07-06T15:06:08","modified_gmt":"2023-07-06T12:06:08","slug":"dacia-sandero-stepway-extreme-tce-110","status":"publish","type":"page","link":"https:\/\/www.rarom.ro\/?page_id=293669","title":{"rendered":"Dacia Sandero Stepway Extreme TCe 110"},"content":{"rendered":"\n<hr>\n\n\n\n<p><strong>Test: Dacia Sandero Stepway Extreme TCe 110<\/strong><\/p>\n\n\n<div class=\"wp-block-image\">\n<figure class=\"alignleft size-full\"><a href=\"https:\/\/www.rarom.ro\/wp-content\/uploads\/2023\/07\/Test-Dacia-mare.jpg\"><img loading=\"lazy\" decoding=\"async\" width=\"730\" height=\"450\" src=\"https:\/\/www.rarom.ro\/wp-content\/uploads\/2023\/07\/Test-Dacia-mare.jpg\" alt=\"\" class=\"wp-image-293672\" srcset=\"https:\/\/www.rarom.ro\/wp-content\/uploads\/2023\/07\/Test-Dacia-mare.jpg 730w, https:\/\/www.rarom.ro\/wp-content\/uploads\/2023\/07\/Test-Dacia-mare-300x185.jpg 300w\" sizes=\"auto, (max-width: 730px) 100vw, 730px\" \/><\/a><\/figure><\/div>\n\n\n<div style=\"height:30px\" aria-hidden=\"true\" class=\"wp-block-spacer\"><\/div>\n\n\n\n<div class=\"wp-block-columns is-layout-flex wp-container-core-columns-is-layout-9d6595d7 wp-block-columns-is-layout-flex\">\n<div class=\"wp-block-column is-layout-flow wp-block-column-is-layout-flow\" style=\"flex-basis:54%\">\n<p>Dacia Sandero Stepway este, chiar \u015fi f\u0103r\u0103 pachetul Extreme, devenit \u00eentre timp nivel de echipare, un model moderat aventuros, gata s\u0103 \u00ee\u015fi \u00eenfig\u0103 cauciucurile \u00een macadam dac\u0103 \u015fi-a \u00eencheiat programul de lucru urban. C\u00e2teva extensii atent selectate \u00eei pot colora personalitatea de a\u015fa manier\u0103 \u00eenc\u00e2t devine clar pentru oricine ce fel de activitate prefer\u0103. [\u2026]<\/p>\n<\/div>\n\n\n\n<div class=\"wp-block-column is-layout-flow wp-block-column-is-layout-flow\" style=\"flex-basis:33.33%\">\n<figure class=\"wp-block-image size-full\"><a href=\"https:\/\/www.rarom.ro\/wp-content\/uploads\/2023\/07\/Test-Dacia-pagini-3.jpg\"><img loading=\"lazy\" decoding=\"async\" width=\"250\" height=\"165\" src=\"https:\/\/www.rarom.ro\/wp-content\/uploads\/2023\/07\/Test-Dacia-pagini-3.jpg\" alt=\"\" class=\"wp-image-293956\"\/><\/a><\/figure>\n<\/div>\n<\/div>\n","protected":false},"excerpt":{"rendered":"<p>Test: Dacia Sandero Stepway Extreme TCe 110 Dacia Sandero Stepway este, chiar \u015fi f\u0103r\u0103 pachetul Extreme, devenit \u00eentre timp nivel de echipare, un model moderat aventuros, gata s\u0103 \u00ee\u015fi \u00eenfig\u0103 cauciucurile \u00een macadam dac\u0103 \u015fi-a \u00eencheiat programul de lucru urban. C\u00e2teva extensii atent selectate \u00eei pot colora personalitatea de a\u015fa manier\u0103 \u00eenc\u00e2t devine clar pentru [&hellip;]<\/p>\n","protected":false},"author":3,"featured_media":0,"parent":293662,"menu_order":1,"comment_status":"closed","ping_status":"closed","template":"","meta":{"_acf_changed":false,"footnotes":""},"class_list":["post-293669","page","type-page","status-publish","hentry"],"acf":[],"_links":{"self":[{"href":"https:\/\/www.rarom.ro\/index.php?rest_route=\/wp\/v2\/pages\/293669","targetHints":{"allow":["GET"]}}],"collection":[{"href":"https:\/\/www.rarom.ro\/index.php?rest_route=\/wp\/v2\/pages"}],"about":[{"href":"https:\/\/www.rarom.ro\/index.php?rest_route=\/wp\/v2\/types\/page"}],"author":[{"embeddable":true,"href":"https:\/\/www.rarom.ro\/index.php?rest_route=\/wp\/v2\/users\/3"}],"replies":[{"embeddable":true,"href":"https:\/\/www.rarom.ro\/index.php?rest_route=%2Fwp%2Fv2%2Fcomments&post=293669"}],"version-history":[{"count":26,"href":"https:\/\/www.rarom.ro\/index.php?rest_route=\/wp\/v2\/pages\/293669\/revisions"}],"predecessor-version":[{"id":293966,"href":"https:\/\/www.rarom.ro\/index.php?rest_route=\/wp\/v2\/pages\/293669\/revisions\/293966"}],"up":[{"embeddable":true,"href":"https:\/\/www.rarom.ro\/index.php?rest_route=\/wp\/v2\/pages\/293662"}],"wp:attachment":[{"href":"https:\/\/www.rarom.ro\/index.php?rest_route=%2Fwp%2Fv2%2Fmedia&parent=293669"}],"curies":[{"name":"wp","href":"https:\/\/api.w.org\/{rel}","templated":true}]}}