{"id":292270,"date":"2023-06-10T10:42:23","date_gmt":"2023-06-10T07:42:23","guid":{"rendered":"https:\/\/81.196.106.21\/?page_id=292270"},"modified":"2026-03-09T09:14:01","modified_gmt":"2026-03-09T07:14:01","slug":"galerie-foto-test","status":"publish","type":"page","link":"https:\/\/www.rarom.ro\/?page_id=292270","title":{"rendered":"Galerie foto"},"content":{"rendered":"\n<div class=\"wp-block-columns is-layout-flex wp-container-core-columns-is-layout-9d6595d7 wp-block-columns-is-layout-flex\">\n<div class=\"wp-block-column is-layout-flow wp-block-column-is-layout-flow\">\n<figure class=\"wp-block-image size-full wp-duotone-000000-ffffff-1\"><a href=\"https:\/\/www.rarom.ro\/?p=292931\"><img loading=\"lazy\" decoding=\"async\" width=\"250\" height=\"160\" src=\"https:\/\/www.rarom.ro\/wp-content\/uploads\/2023\/06\/ctt-galerie-4.jpg\" alt=\"\" class=\"wp-image-292976\"\/><\/a><figcaption class=\"wp-element-caption\"><a href=\"https:\/\/www.rarom.ro\/?p=292931\">Control tehnic \u00een trafic<\/a><\/figcaption><\/figure>\n<\/div>\n\n\n\n<div class=\"wp-block-column is-layout-flow wp-block-column-is-layout-flow\">\n<figure class=\"wp-block-image size-full wp-duotone-000000-ffffff-2\"><a href=\"https:\/\/www.rarom.ro\/?p=292408\"><img loading=\"lazy\" decoding=\"async\" width=\"250\" height=\"160\" src=\"https:\/\/www.rarom.ro\/wp-content\/uploads\/2023\/06\/SediulCentral-galerie-3.jpg\" alt=\"\" class=\"wp-image-292948\"\/><\/a><figcaption class=\"wp-element-caption\"><a href=\"https:\/\/www.rarom.ro\/?p=292408\">Reprezentan\u0163a Bucure\u015fti-Grivi\u0163a<\/a><\/figcaption><\/figure>\n<\/div>\n\n\n\n<div class=\"wp-block-column is-layout-flow wp-block-column-is-layout-flow\">\n<figure class=\"wp-block-image size-full wp-duotone-000000-ffffff-3\"><a href=\"https:\/\/www.rarom.ro\/?p=292582\"><img loading=\"lazy\" decoding=\"async\" width=\"250\" height=\"160\" src=\"https:\/\/www.rarom.ro\/wp-content\/uploads\/2023\/06\/RAR-Voluntari-4-galerie-2.jpg\" alt=\"\" class=\"wp-image-292950\"\/><\/a><figcaption class=\"wp-element-caption\"><a href=\"https:\/\/www.rarom.ro\/?p=292582\">Reprezentan\u0163a Bucure\u015fti-Voluntari<\/a><\/figcaption><\/figure>\n<\/div>\n<\/div>\n\n\n\n<div class=\"wp-block-columns is-layout-flex wp-container-core-columns-is-layout-9d6595d7 wp-block-columns-is-layout-flex\">\n<div class=\"wp-block-column is-layout-flow wp-block-column-is-layout-flow\">\n<figure class=\"wp-block-image size-full wp-duotone-000000-ffffff-4\"><a href=\"https:\/\/www.rarom.ro\/?p=292587\"><img loading=\"lazy\" decoding=\"async\" width=\"250\" height=\"160\" src=\"https:\/\/www.rarom.ro\/wp-content\/uploads\/2023\/06\/RAR-Alba-galerie-1.jpg\" alt=\"\" class=\"wp-image-292952\"\/><\/a><figcaption class=\"wp-element-caption\"><a href=\"https:\/\/www.rarom.ro\/?p=292587\">Reprezentan\u0163a Alba<\/a><\/figcaption><\/figure>\n<\/div>\n\n\n\n<div class=\"wp-block-column is-layout-flow wp-block-column-is-layout-flow\">\n<figure class=\"wp-block-image size-full wp-duotone-000000-ffffff-5\"><a href=\"https:\/\/www.rarom.ro\/?p=292589\"><img loading=\"lazy\" decoding=\"async\" width=\"250\" height=\"160\" src=\"https:\/\/www.rarom.ro\/wp-content\/uploads\/2023\/06\/2-galerie.jpg\" alt=\"\" class=\"wp-image-292963\"\/><\/a><figcaption class=\"wp-element-caption\"><a href=\"https:\/\/www.rarom.ro\/?p=292589\">Reprezentan\u0163a Arad<\/a><\/figcaption><\/figure>\n<\/div>\n\n\n\n<div class=\"wp-block-column is-layout-flow wp-block-column-is-layout-flow\">\n<figure class=\"wp-block-image size-full wp-duotone-000000-ffffff-6\"><a href=\"https:\/\/www.rarom.ro\/?p=292591\"><img loading=\"lazy\" decoding=\"async\" width=\"250\" height=\"160\" src=\"https:\/\/www.rarom.ro\/wp-content\/uploads\/2023\/06\/RAR-Arges-galerie-1.jpg\" alt=\"\" class=\"wp-image-292956\"\/><\/a><figcaption class=\"wp-element-caption\"><a href=\"https:\/\/www.rarom.ro\/?p=292591\">Reprezentan\u0163a Arge\u015f<\/a><\/figcaption><\/figure>\n<\/div>\n<\/div>\n\n\n\n<div class=\"wp-block-columns is-layout-flex wp-container-core-columns-is-layout-9d6595d7 wp-block-columns-is-layout-flex\">\n<div class=\"wp-block-column is-layout-flow wp-block-column-is-layout-flow\">\n<figure class=\"wp-block-image size-full wp-duotone-000000-ffffff-7\"><a href=\"https:\/\/www.rarom.ro\/?p=292604\"><img loading=\"lazy\" decoding=\"async\" width=\"250\" height=\"160\" src=\"https:\/\/www.rarom.ro\/wp-content\/uploads\/2023\/06\/RAR-Bacau-galerie-2.jpg\" alt=\"\" class=\"wp-image-292960\"\/><\/a><figcaption class=\"wp-element-caption\"><a href=\"https:\/\/www.rarom.ro\/?p=292604\">Reprezentan\u0163a Bac\u0103u<\/a><\/figcaption><\/figure>\n<\/div>\n\n\n\n<div class=\"wp-block-column is-layout-flow wp-block-column-is-layout-flow\">\n<figure class=\"wp-block-image size-full wp-duotone-000000-ffffff-8\"><a href=\"https:\/\/www.rarom.ro\/?p=292606\"><img loading=\"lazy\" decoding=\"async\" width=\"250\" height=\"160\" src=\"https:\/\/www.rarom.ro\/wp-content\/uploads\/2023\/06\/RAR-Bihor-galerie-1.jpg\" alt=\"\" class=\"wp-image-292969\"\/><\/a><figcaption class=\"wp-element-caption\"><a href=\"https:\/\/www.rarom.ro\/?p=292606\">Reprezentan\u0163a Bihor<\/a><\/figcaption><\/figure>\n<\/div>\n\n\n\n<div class=\"wp-block-column is-layout-flow wp-block-column-is-layout-flow\">\n<figure class=\"wp-block-image size-full wp-duotone-000000-ffffff-9\"><a href=\"https:\/\/www.rarom.ro\/?p=292608\"><img loading=\"lazy\" decoding=\"async\" width=\"250\" height=\"160\" src=\"https:\/\/www.rarom.ro\/wp-content\/uploads\/2023\/06\/RAR-Bistrita-galerie-1.jpg\" alt=\"\" class=\"wp-image-292979\"\/><\/a><figcaption class=\"wp-element-caption\"><a href=\"https:\/\/www.rarom.ro\/?p=292608\">Reprezentan\u0163a Bistri\u0163a-N\u0103s\u0103ud<\/a><\/figcaption><\/figure>\n<\/div>\n<\/div>\n\n\n\n<div class=\"wp-block-columns is-layout-flex wp-container-core-columns-is-layout-9d6595d7 wp-block-columns-is-layout-flex\">\n<div class=\"wp-block-column is-layout-flow wp-block-column-is-layout-flow\">\n<figure class=\"wp-block-image size-full wp-duotone-000000-ffffff-10\"><a href=\"https:\/\/www.rarom.ro\/?p=292610\"><img loading=\"lazy\" decoding=\"async\" width=\"250\" height=\"160\" src=\"https:\/\/www.rarom.ro\/wp-content\/uploads\/2023\/06\/RAR-Botosani-galerie-1.jpg\" alt=\"\" class=\"wp-image-292982\"\/><\/a><figcaption class=\"wp-element-caption\"><a href=\"https:\/\/www.rarom.ro\/?p=292610\">Reprezentan\u0163a Boto\u015fani<\/a><\/figcaption><\/figure>\n<\/div>\n\n\n\n<div class=\"wp-block-column is-layout-flow wp-block-column-is-layout-flow\">\n<figure class=\"wp-block-image size-full wp-duotone-000000-ffffff-11\"><a href=\"https:\/\/www.rarom.ro\/?p=292612\"><img loading=\"lazy\" decoding=\"async\" width=\"250\" height=\"160\" src=\"https:\/\/www.rarom.ro\/wp-content\/uploads\/2023\/06\/RAR-Brasov-galerie-1.jpg\" alt=\"\" class=\"wp-image-292991\"\/><\/a><figcaption class=\"wp-element-caption\"><a href=\"https:\/\/www.rarom.ro\/?p=292612\">Reprezentan\u0163a Bra\u015fov<\/a><\/figcaption><\/figure>\n<\/div>\n\n\n\n<div class=\"wp-block-column is-layout-flow wp-block-column-is-layout-flow\">\n<figure class=\"wp-block-image size-full wp-duotone-000000-ffffff-12\"><a href=\"https:\/\/www.rarom.ro\/?p=292614\"><img loading=\"lazy\" decoding=\"async\" width=\"250\" height=\"160\" src=\"https:\/\/www.rarom.ro\/wp-content\/uploads\/2023\/06\/RAR-Braila-galerie-1.jpg\" alt=\"\" class=\"wp-image-292984\"\/><\/a><figcaption class=\"wp-element-caption\"><a href=\"https:\/\/www.rarom.ro\/?p=292614\">Reprezentan\u0163a Br\u0103ila<\/a><\/figcaption><\/figure>\n<\/div>\n<\/div>\n\n\n\n<div class=\"wp-block-columns is-layout-flex wp-container-core-columns-is-layout-9d6595d7 wp-block-columns-is-layout-flex\">\n<div class=\"wp-block-column is-layout-flow wp-block-column-is-layout-flow\">\n<figure class=\"wp-block-image size-full wp-duotone-000000-ffffff-13\"><a href=\"https:\/\/www.rarom.ro\/?p=292616\"><img loading=\"lazy\" decoding=\"async\" width=\"250\" height=\"160\" src=\"https:\/\/www.rarom.ro\/wp-content\/uploads\/2023\/06\/RAR-Buzau-galerie-3.jpg\" alt=\"\" class=\"wp-image-292988\"\/><\/a><figcaption class=\"wp-element-caption\"><a href=\"https:\/\/www.rarom.ro\/?p=292616\">Reprezentan\u0163a Buz\u0103u<\/a><\/figcaption><\/figure>\n<\/div>\n\n\n\n<div class=\"wp-block-column is-layout-flow wp-block-column-is-layout-flow\">\n<figure class=\"wp-block-image size-full wp-duotone-000000-ffffff-14\"><a href=\"https:\/\/www.rarom.ro\/?p=292618\"><img loading=\"lazy\" decoding=\"async\" width=\"250\" height=\"160\" src=\"https:\/\/www.rarom.ro\/wp-content\/uploads\/2023\/06\/RAR-Caras-Severin-galerie.jpg\" alt=\"\" class=\"wp-image-293060\"\/><\/a><figcaption class=\"wp-element-caption\"><a href=\"https:\/\/www.rarom.ro\/?p=292618\">Reprezentan\u021ba Caras-Severin<\/a><\/figcaption><\/figure>\n<\/div>\n\n\n\n<div class=\"wp-block-column is-layout-flow wp-block-column-is-layout-flow\">\n<figure class=\"wp-block-image size-full wp-duotone-000000-ffffff-15\"><a href=\"https:\/\/www.rarom.ro\/?p=292620\"><img loading=\"lazy\" decoding=\"async\" width=\"250\" height=\"160\" src=\"https:\/\/www.rarom.ro\/wp-content\/uploads\/2023\/06\/RAR-Calarasi-galerie.jpg\" alt=\"\" class=\"wp-image-293057\"\/><\/a><figcaption class=\"wp-element-caption\"><a href=\"https:\/\/www.rarom.ro\/?p=292620\">Reprezentan\u021ba C\u0103l\u0103ra\u0219i<\/a><\/figcaption><\/figure>\n<\/div>\n<\/div>\n\n\n\n<div class=\"wp-block-columns is-layout-flex wp-container-core-columns-is-layout-9d6595d7 wp-block-columns-is-layout-flex\">\n<div class=\"wp-block-column is-layout-flow wp-block-column-is-layout-flow\">\n<figure class=\"wp-block-image size-full wp-duotone-000000-ffffff-16\"><img loading=\"lazy\" decoding=\"async\" width=\"250\" height=\"161\" src=\"https:\/\/www.rarom.ro\/wp-content\/uploads\/2026\/03\/RAR-Cluj-galerie-1.jpg\" alt=\"\" class=\"wp-image-302282\"\/><figcaption class=\"wp-element-caption\"><a href=\"https:\/\/www.rarom.ro\/?p=292622\">Reprezentan\u021ba Cluj<\/a><\/figcaption><\/figure>\n<\/div>\n\n\n\n<div class=\"wp-block-column is-layout-flow wp-block-column-is-layout-flow\">\n<figure class=\"wp-block-image size-full wp-duotone-000000-ffffff-17\"><img loading=\"lazy\" decoding=\"async\" width=\"250\" height=\"160\" src=\"https:\/\/www.rarom.ro\/wp-content\/uploads\/2023\/08\/CT-1-galerie.jpg\" alt=\"\" class=\"wp-image-294919\"\/><figcaption class=\"wp-element-caption\"><a href=\"https:\/\/www.rarom.ro\/?p=292624\">Reprezentan\u021ba Constan\u021ba<\/a><\/figcaption><\/figure>\n<\/div>\n\n\n\n<div class=\"wp-block-column is-layout-flow wp-block-column-is-layout-flow\">\n<figure class=\"wp-block-image size-full wp-duotone-000000-ffffff-18\"><a href=\"https:\/\/www.rarom.ro\/?p=292628\"><img loading=\"lazy\" decoding=\"async\" width=\"250\" height=\"160\" src=\"https:\/\/www.rarom.ro\/wp-content\/uploads\/2023\/06\/RAR-Covasna-galerie.jpg\" alt=\"\" class=\"wp-image-293068\"\/><\/a><figcaption class=\"wp-element-caption\"><a href=\"https:\/\/www.rarom.ro\/?p=292628\">Reprezentan\u021ba Covasna<\/a><\/figcaption><\/figure>\n<\/div>\n<\/div>\n\n\n\n<div class=\"wp-block-columns is-layout-flex wp-container-core-columns-is-layout-9d6595d7 wp-block-columns-is-layout-flex\">\n<div class=\"wp-block-column is-layout-flow wp-block-column-is-layout-flow\">\n<figure class=\"wp-block-image size-full wp-duotone-000000-ffffff-19\"><a href=\"https:\/\/www.rarom.ro\/?p=292654\"><img loading=\"lazy\" decoding=\"async\" width=\"250\" height=\"160\" src=\"https:\/\/www.rarom.ro\/wp-content\/uploads\/2023\/06\/RAR-DB-galerie.jpg\" alt=\"\" class=\"wp-image-293071\"\/><\/a><figcaption class=\"wp-element-caption\"><a href=\"https:\/\/www.rarom.ro\/?p=292654\">Reprezentan\u021ba D\u00e2mbovi\u021ba<\/a><\/figcaption><\/figure>\n<\/div>\n\n\n\n<div class=\"wp-block-column is-layout-flow wp-block-column-is-layout-flow\">\n<figure class=\"wp-block-image size-full wp-duotone-000000-ffffff-20\"><a href=\"https:\/\/www.rarom.ro\/?p=292630\"><img loading=\"lazy\" decoding=\"async\" width=\"250\" height=\"160\" src=\"https:\/\/www.rarom.ro\/wp-content\/uploads\/2023\/06\/RAR-Dolj-galerie.jpg\" alt=\"\" class=\"wp-image-293074\"\/><\/a><figcaption class=\"wp-element-caption\"><a href=\"https:\/\/www.rarom.ro\/?p=292630\">Reprezentan\u021ba Dolj<\/a><\/figcaption><\/figure>\n<\/div>\n\n\n\n<div class=\"wp-block-column is-layout-flow wp-block-column-is-layout-flow\">\n<figure class=\"wp-block-image size-full wp-duotone-000000-ffffff-21\"><a href=\"https:\/\/www.rarom.ro\/?p=292656\"><img loading=\"lazy\" decoding=\"async\" width=\"250\" height=\"160\" src=\"https:\/\/www.rarom.ro\/wp-content\/uploads\/2023\/06\/RAR-Galati-galerie.jpg\" alt=\"\" class=\"wp-image-293076\"\/><\/a><figcaption class=\"wp-element-caption\"><a href=\"https:\/\/www.rarom.ro\/?p=292656\">Reprezentan\u021ba Gala\u021bi<\/a><\/figcaption><\/figure>\n<\/div>\n<\/div>\n\n\n\n<div class=\"wp-block-columns is-layout-flex wp-container-core-columns-is-layout-9d6595d7 wp-block-columns-is-layout-flex\">\n<div class=\"wp-block-column is-layout-flow wp-block-column-is-layout-flow\">\n<figure class=\"wp-block-image size-full wp-duotone-000000-ffffff-22\"><a href=\"https:\/\/www.rarom.ro\/?p=292632\"><img loading=\"lazy\" decoding=\"async\" width=\"250\" height=\"160\" src=\"https:\/\/www.rarom.ro\/wp-content\/uploads\/2023\/06\/RAR-Giurgiu-galerie.jpg\" alt=\"\" class=\"wp-image-293078\"\/><\/a><figcaption class=\"wp-element-caption\"><a href=\"https:\/\/www.rarom.ro\/?p=292632\">Reprezentan\u021ba Giurgiu<\/a><\/figcaption><\/figure>\n<\/div>\n\n\n\n<div class=\"wp-block-column is-layout-flow wp-block-column-is-layout-flow\">\n<figure class=\"wp-block-image size-full wp-duotone-000000-ffffff-23\"><a href=\"https:\/\/www.rarom.ro\/?p=292626\"><img loading=\"lazy\" decoding=\"async\" width=\"250\" height=\"160\" src=\"https:\/\/www.rarom.ro\/wp-content\/uploads\/2023\/06\/RAR_Gorj-galerie.jpg\" alt=\"\" class=\"wp-image-293080\"\/><\/a><figcaption class=\"wp-element-caption\"><a href=\"https:\/\/www.rarom.ro\/?p=292626\">Reprezentan\u021ba Gorj<\/a><\/figcaption><\/figure>\n<\/div>\n\n\n\n<div class=\"wp-block-column is-layout-flow wp-block-column-is-layout-flow\">\n<figure class=\"wp-block-image size-full wp-duotone-000000-ffffff-24\"><a href=\"https:\/\/www.rarom.ro\/?p=292634\"><img loading=\"lazy\" decoding=\"async\" width=\"250\" height=\"160\" src=\"https:\/\/www.rarom.ro\/wp-content\/uploads\/2023\/06\/RAR-Harghita-galerie.jpg\" alt=\"\" class=\"wp-image-293225\"\/><\/a><figcaption class=\"wp-element-caption\"><a href=\"https:\/\/www.rarom.ro\/?p=292634\">Reprezentan\u021ba Harghita<\/a><\/figcaption><\/figure>\n<\/div>\n<\/div>\n\n\n\n<div class=\"wp-block-columns is-layout-flex wp-container-core-columns-is-layout-9d6595d7 wp-block-columns-is-layout-flex\">\n<div class=\"wp-block-column is-layout-flow wp-block-column-is-layout-flow\">\n<figure class=\"wp-block-image size-full wp-duotone-000000-ffffff-25\"><a href=\"https:\/\/www.rarom.ro\/?p=292636\"><img loading=\"lazy\" decoding=\"async\" width=\"250\" height=\"160\" src=\"https:\/\/www.rarom.ro\/wp-content\/uploads\/2023\/06\/RAR-Hunedoara-galerie.jpg\" alt=\"\" class=\"wp-image-293246\"\/><\/a><figcaption class=\"wp-element-caption\"><a href=\"https:\/\/www.rarom.ro\/?p=292636\">Reprezentan\u021ba Hunedoara<\/a><\/figcaption><\/figure>\n<\/div>\n\n\n\n<div class=\"wp-block-column is-layout-flow wp-block-column-is-layout-flow\">\n<figure class=\"wp-block-image size-full wp-duotone-000000-ffffff-26\"><a href=\"https:\/\/www.rarom.ro\/?p=292658\"><img loading=\"lazy\" decoding=\"async\" width=\"250\" height=\"160\" src=\"https:\/\/www.rarom.ro\/wp-content\/uploads\/2023\/06\/RAR-Ialomita-galerie.jpg\" alt=\"\" class=\"wp-image-293251\"\/><\/a><figcaption class=\"wp-element-caption\"><a href=\"https:\/\/www.rarom.ro\/?p=292658\">Reprezentan\u021ba Ialomi\u021ba<\/a><\/figcaption><\/figure>\n<\/div>\n\n\n\n<div class=\"wp-block-column is-layout-flow wp-block-column-is-layout-flow\">\n<figure class=\"wp-block-image size-full wp-duotone-000000-ffffff-27\"><a href=\"https:\/\/www.rarom.ro\/?p=292652\"><img loading=\"lazy\" decoding=\"async\" width=\"250\" height=\"160\" src=\"https:\/\/www.rarom.ro\/wp-content\/uploads\/2023\/06\/RAR-Iasi-galerie.jpg\" alt=\"\" class=\"wp-image-293256\"\/><\/a><figcaption class=\"wp-element-caption\"><a href=\"https:\/\/www.rarom.ro\/?p=292652\">Reprezentan\u021ba Ia\u0219i<\/a><\/figcaption><\/figure>\n<\/div>\n<\/div>\n\n\n\n<div class=\"wp-block-columns is-layout-flex wp-container-core-columns-is-layout-9d6595d7 wp-block-columns-is-layout-flex\">\n<div class=\"wp-block-column is-layout-flow wp-block-column-is-layout-flow\">\n<figure class=\"wp-block-image size-full wp-duotone-000000-ffffff-28\"><a href=\"https:\/\/www.rarom.ro\/?p=292638\"><img loading=\"lazy\" decoding=\"async\" width=\"250\" height=\"160\" src=\"https:\/\/www.rarom.ro\/wp-content\/uploads\/2023\/06\/RAR-Maramures-galerie.jpg\" alt=\"\" class=\"wp-image-293263\"\/><\/a><figcaption class=\"wp-element-caption\"><a href=\"https:\/\/www.rarom.ro\/?p=292638\">Reprezentan\u021ba Maramure\u0219<\/a><\/figcaption><\/figure>\n<\/div>\n\n\n\n<div class=\"wp-block-column is-layout-flow wp-block-column-is-layout-flow\">\n<figure class=\"wp-block-image size-full wp-duotone-000000-ffffff-29\"><a href=\"https:\/\/www.rarom.ro\/?p=292640\"><img loading=\"lazy\" decoding=\"async\" width=\"250\" height=\"160\" src=\"https:\/\/www.rarom.ro\/wp-content\/uploads\/2023\/06\/RAR-Mehedinti-galerie.jpg\" alt=\"\" class=\"wp-image-293268\"\/><\/a><figcaption class=\"wp-element-caption\"><a href=\"https:\/\/www.rarom.ro\/?p=292640\">Reprezentan\u021ba Mehedin\u021bi<\/a><\/figcaption><\/figure>\n<\/div>\n\n\n\n<div class=\"wp-block-column is-layout-flow wp-block-column-is-layout-flow\">\n<figure class=\"wp-block-image size-full wp-duotone-000000-ffffff-30\"><a href=\"https:\/\/www.rarom.ro\/?p=292642\"><img loading=\"lazy\" decoding=\"async\" width=\"250\" height=\"160\" src=\"https:\/\/www.rarom.ro\/wp-content\/uploads\/2023\/06\/RAR-Mures-galerie.jpg\" alt=\"\" class=\"wp-image-293270\"\/><\/a><figcaption class=\"wp-element-caption\"><a href=\"https:\/\/www.rarom.ro\/?p=292642\">Reprezentan\u021ba Mure\u0219<\/a><\/figcaption><\/figure>\n<\/div>\n<\/div>\n\n\n\n<div class=\"wp-block-columns is-layout-flex wp-container-core-columns-is-layout-9d6595d7 wp-block-columns-is-layout-flex\">\n<div class=\"wp-block-column is-layout-flow wp-block-column-is-layout-flow\">\n<figure class=\"wp-block-image size-full wp-duotone-000000-ffffff-31\"><a href=\"https:\/\/www.rarom.ro\/?p=292644\"><img loading=\"lazy\" decoding=\"async\" width=\"250\" height=\"160\" src=\"https:\/\/www.rarom.ro\/wp-content\/uploads\/2023\/06\/RAR-Neamt-galerie.jpg\" alt=\"\" class=\"wp-image-293275\"\/><\/a><figcaption class=\"wp-element-caption\"><a href=\"https:\/\/www.rarom.ro\/?p=292644\">Reprezentan\u021ba Nem\u021b<\/a><\/figcaption><\/figure>\n<\/div>\n\n\n\n<div class=\"wp-block-column is-layout-flow wp-block-column-is-layout-flow\">\n<figure class=\"wp-block-image size-full wp-duotone-000000-ffffff-32\"><a href=\"https:\/\/www.rarom.ro\/?p=292646\"><img loading=\"lazy\" decoding=\"async\" width=\"250\" height=\"160\" src=\"https:\/\/www.rarom.ro\/wp-content\/uploads\/2023\/06\/RAR-Olt-galerie.jpg\" alt=\"\" class=\"wp-image-293277\"\/><\/a><figcaption class=\"wp-element-caption\"><a href=\"https:\/\/www.rarom.ro\/?p=292646\">Reprezentan\u021ba Olt<\/a><\/figcaption><\/figure>\n<\/div>\n\n\n\n<div class=\"wp-block-column is-layout-flow wp-block-column-is-layout-flow\">\n<figure class=\"wp-block-image size-full wp-duotone-000000-ffffff-33\"><a href=\"https:\/\/www.rarom.ro\/?p=292650\"><img loading=\"lazy\" decoding=\"async\" width=\"250\" height=\"160\" src=\"https:\/\/www.rarom.ro\/wp-content\/uploads\/2023\/06\/RAR-Prahova-galerie.jpg\" alt=\"\" class=\"wp-image-293279\"\/><\/a><figcaption class=\"wp-element-caption\"><a href=\"https:\/\/www.rarom.ro\/?p=292650\">Reprezentan\u021ba Prahova<\/a><\/figcaption><\/figure>\n<\/div>\n<\/div>\n\n\n\n<div class=\"wp-block-columns is-layout-flex wp-container-core-columns-is-layout-9d6595d7 wp-block-columns-is-layout-flex\">\n<div class=\"wp-block-column is-layout-flow wp-block-column-is-layout-flow\">\n<figure class=\"wp-block-image size-full wp-duotone-000000-ffffff-34\"><a href=\"https:\/\/www.rarom.ro\/?p=292660\"><img loading=\"lazy\" decoding=\"async\" width=\"250\" height=\"160\" src=\"https:\/\/www.rarom.ro\/wp-content\/uploads\/2023\/06\/SM-2-galerie.jpg\" alt=\"\" class=\"wp-image-293285\"\/><\/a><figcaption class=\"wp-element-caption\"><a href=\"https:\/\/www.rarom.ro\/?p=292660\">Reprezentan\u021ba Satu Mare<\/a><\/figcaption><\/figure>\n<\/div>\n\n\n\n<div class=\"wp-block-column is-layout-flow wp-block-column-is-layout-flow\">\n<figure class=\"wp-block-image size-full wp-duotone-000000-ffffff-35\"><a href=\"https:\/\/www.rarom.ro\/?p=293506\"><img loading=\"lazy\" decoding=\"async\" width=\"250\" height=\"160\" src=\"https:\/\/www.rarom.ro\/wp-content\/uploads\/2023\/06\/salaj2-250.png\" alt=\"\" class=\"wp-image-300695\"\/><\/a><figcaption class=\"wp-element-caption\"><a href=\"https:\/\/www.rarom.ro\/?p=293506\">Reprezentan\u021ba S\u0103laj<\/a><\/figcaption><\/figure>\n<\/div>\n\n\n\n<div class=\"wp-block-column is-layout-flow wp-block-column-is-layout-flow\">\n<figure class=\"wp-block-image size-full wp-duotone-000000-ffffff-36\"><img loading=\"lazy\" decoding=\"async\" width=\"250\" height=\"160\" src=\"https:\/\/www.rarom.ro\/wp-content\/uploads\/2025\/01\/RAR-Sibiu-galerie-2.png\" alt=\"\" class=\"wp-image-298744\"\/><figcaption class=\"wp-element-caption\"><a href=\"https:\/\/www.rarom.ro\/?p=292648\">Reprezentan\u021ba Sibiu<\/a><\/figcaption><\/figure>\n<\/div>\n<\/div>\n\n\n\n<div class=\"wp-block-columns is-layout-flex wp-container-core-columns-is-layout-9d6595d7 wp-block-columns-is-layout-flex\">\n<div class=\"wp-block-column is-layout-flow wp-block-column-is-layout-flow\">\n<figure class=\"wp-block-image size-full wp-duotone-000000-ffffff-37\"><a href=\"https:\/\/www.rarom.ro\/?p=292662\"><img loading=\"lazy\" decoding=\"async\" width=\"250\" height=\"160\" src=\"https:\/\/www.rarom.ro\/wp-content\/uploads\/2023\/06\/RAR-Suceava-galerie.jpg\" alt=\"\" class=\"wp-image-293295\"\/><\/a><figcaption class=\"wp-element-caption\"><a href=\"https:\/\/www.rarom.ro\/?p=292662\">Reprezentan\u021ba Suceava<\/a><\/figcaption><\/figure>\n<\/div>\n\n\n\n<div class=\"wp-block-column is-layout-flow wp-block-column-is-layout-flow\">\n<figure class=\"wp-block-image size-full wp-duotone-000000-ffffff-38\"><a href=\"https:\/\/www.rarom.ro\/?p=292664\"><img loading=\"lazy\" decoding=\"async\" width=\"250\" height=\"160\" src=\"https:\/\/www.rarom.ro\/wp-content\/uploads\/2023\/07\/IMG_8288-galerie.jpg\" alt=\"\" class=\"wp-image-293791\"\/><\/a><figcaption class=\"wp-element-caption\"><a href=\"https:\/\/www.rarom.ro\/?p=292664\"><\/a><a href=\"https:\/\/www.rarom.ro\/?p=292664\">Reprezentan\u021ba Teleorman<\/a><\/figcaption><\/figure>\n<\/div>\n\n\n\n<div class=\"wp-block-column is-layout-flow wp-block-column-is-layout-flow\">\n<figure class=\"wp-block-image size-full wp-duotone-000000-ffffff-39\"><a href=\"https:\/\/www.rarom.ro\/?p=292666\"><img loading=\"lazy\" decoding=\"async\" width=\"250\" height=\"160\" src=\"https:\/\/www.rarom.ro\/wp-content\/uploads\/2023\/06\/RAR-Timis-galerie.jpg\" alt=\"\" class=\"wp-image-293297\"\/><\/a><figcaption class=\"wp-element-caption\"><a href=\"https:\/\/www.rarom.ro\/?p=292666\">Reprezentan\u021ba Timi\u0219<\/a><\/figcaption><\/figure>\n<\/div>\n<\/div>\n\n\n\n<div class=\"wp-block-columns is-layout-flex wp-container-core-columns-is-layout-9d6595d7 wp-block-columns-is-layout-flex\">\n<div class=\"wp-block-column is-layout-flow wp-block-column-is-layout-flow\">\n<figure class=\"wp-block-image size-full wp-duotone-000000-ffffff-40\"><a href=\"https:\/\/www.rarom.ro\/?p=292668\"><img loading=\"lazy\" decoding=\"async\" width=\"250\" height=\"160\" src=\"https:\/\/www.rarom.ro\/wp-content\/uploads\/2023\/07\/RAR-Tulcea-galerie.jpg\" alt=\"\" class=\"wp-image-293787\"\/><\/a><figcaption class=\"wp-element-caption\"><a href=\"https:\/\/www.rarom.ro\/?p=292668\">Reprezentan\u021ba Tulcea<\/a><\/figcaption><\/figure>\n<\/div>\n\n\n\n<div class=\"wp-block-column is-layout-flow wp-block-column-is-layout-flow\">\n<figure class=\"wp-block-image size-full wp-duotone-000000-ffffff-41\"><a href=\"https:\/\/www.rarom.ro\/?p=292672\"><img loading=\"lazy\" decoding=\"async\" width=\"250\" height=\"160\" src=\"https:\/\/www.rarom.ro\/wp-content\/uploads\/2023\/07\/RAR_Vaslui-galerie.jpg\" alt=\"\" class=\"wp-image-293797\"\/><\/a><figcaption class=\"wp-element-caption\"><a href=\"https:\/\/www.rarom.ro\/?p=292672\">Reprezentan\u021ba Vaslui<\/a><\/figcaption><\/figure>\n<\/div>\n\n\n\n<div class=\"wp-block-column is-layout-flow wp-block-column-is-layout-flow\">\n<figure class=\"wp-block-image size-full wp-duotone-000000-ffffff-42\"><a href=\"https:\/\/www.rarom.ro\/?p=292670\"><img loading=\"lazy\" decoding=\"async\" width=\"250\" height=\"160\" src=\"https:\/\/www.rarom.ro\/wp-content\/uploads\/2023\/07\/RAR-Valcea-galerie-1.jpg\" alt=\"\" class=\"wp-image-293800\"\/><\/a><figcaption class=\"wp-element-caption\"><a href=\"https:\/\/www.rarom.ro\/?p=292670\">Reprezentan\u021ba V\u00e2lcea<\/a><\/figcaption><\/figure>\n<\/div>\n<\/div>\n\n\n\n<div class=\"wp-block-columns is-layout-flex wp-container-core-columns-is-layout-9d6595d7 wp-block-columns-is-layout-flex\">\n<div class=\"wp-block-column is-layout-flow wp-block-column-is-layout-flow\" style=\"flex-basis:33.33%\">\n<figure class=\"wp-block-image size-full wp-duotone-000000-ffffff-43\"><a href=\"https:\/\/www.rarom.ro\/?p=292674\"><img loading=\"lazy\" decoding=\"async\" width=\"250\" height=\"160\" src=\"https:\/\/www.rarom.ro\/wp-content\/uploads\/2023\/07\/RAR-Vrancea-galerie-1.jpg\" alt=\"\" class=\"wp-image-293783\"\/><\/a><figcaption class=\"wp-element-caption\"><a href=\"https:\/\/www.rarom.ro\/?p=292674\">Reprezentan\u021ba Vrancea<\/a><\/figcaption><\/figure>\n<\/div>\n\n\n\n<div class=\"wp-block-column is-layout-flow wp-block-column-is-layout-flow\" style=\"flex-basis:66.66%\"><\/div>\n<\/div>\n","protected":false},"excerpt":{"rendered":"","protected":false},"author":3,"featured_media":0,"parent":6,"menu_order":13,"comment_status":"closed","ping_status":"closed","template":"","meta":{"_acf_changed":false,"footnotes":""},"class_list":["post-292270","page","type-page","status-publish","hentry"],"acf":[],"_links":{"self":[{"href":"https:\/\/www.rarom.ro\/index.php?rest_route=\/wp\/v2\/pages\/292270","targetHints":{"allow":["GET"]}}],"collection":[{"href":"https:\/\/www.rarom.ro\/index.php?rest_route=\/wp\/v2\/pages"}],"about":[{"href":"https:\/\/www.rarom.ro\/index.php?rest_route=\/wp\/v2\/types\/page"}],"author":[{"embeddable":true,"href":"https:\/\/www.rarom.ro\/index.php?rest_route=\/wp\/v2\/users\/3"}],"replies":[{"embeddable":true,"href":"https:\/\/www.rarom.ro\/index.php?rest_route=%2Fwp%2Fv2%2Fcomments&post=292270"}],"version-history":[{"count":182,"href":"https:\/\/www.rarom.ro\/index.php?rest_route=\/wp\/v2\/pages\/292270\/revisions"}],"predecessor-version":[{"id":302284,"href":"https:\/\/www.rarom.ro\/index.php?rest_route=\/wp\/v2\/pages\/292270\/revisions\/302284"}],"up":[{"embeddable":true,"href":"https:\/\/www.rarom.ro\/index.php?rest_route=\/wp\/v2\/pages\/6"}],"wp:attachment":[{"href":"https:\/\/www.rarom.ro\/index.php?rest_route=%2Fwp%2Fv2%2Fmedia&parent=292270"}],"curies":[{"name":"wp","href":"https:\/\/api.w.org\/{rel}","templated":true}]}}