{"id":292049,"date":"2023-05-30T08:37:42","date_gmt":"2023-05-30T05:37:42","guid":{"rendered":"https:\/\/81.196.106.21\/?page_id=292049"},"modified":"2025-08-08T11:04:56","modified_gmt":"2025-08-08T08:04:56","slug":"bilanturi-contabile","status":"publish","type":"page","link":"https:\/\/www.rarom.ro\/?page_id=292049","title":{"rendered":"Bilan\u021buri contabile"},"content":{"rendered":"\n<p><strong>Situa\u0163iile financiare anuale<\/strong><\/p>\n\n\n\n<ul class=\"wp-block-list\">\n<li><a href=\"https:\/\/www.rarom.ro\/wp-content\/uploads\/2025\/05\/Situatii-financiare-individuale-2024.pdf\" target=\"_blank\" rel=\"noreferrer noopener\">Situa\u0163ii Financiare Individuale 31 decembrie 2024 \u00eentocmite \u00een conformitate cu Standardele Interna\u0163ionale de Raportare Financiar\u0103<\/a><br><a href=\"https:\/\/www.rarom.ro\/wp-content\/uploads\/2025\/05\/Raportare-contabila-la-31-12-2024_J1590236.pdf\" target=\"_blank\" rel=\"noreferrer noopener\">Raportare contabil\u0103 anual\u0103 2024<\/a><\/li>\n\n\n\n<li><a href=\"https:\/\/www.rarom.ro\/wp-content\/uploads\/2024\/05\/Situatii-financiare-individuale-2023.pdf\" target=\"_blank\" rel=\"noreferrer noopener\">Situa\u0163ii Financiare Individuale 31 decembrie 2023 \u00eentocmite \u00een conformitate cu Standardele Interna\u0163ionale de Raportare Financiar\u0103<\/a><br><a href=\"https:\/\/www.rarom.ro\/wp-content\/uploads\/2024\/05\/Raportare-contabila-la-31-12-2023_J1590236.pdf\" target=\"_blank\" rel=\"noreferrer noopener\">Raportare contabil\u0103 anual\u0103 2023<\/a><\/li>\n\n\n\n<li><a href=\"https:\/\/www.rarom.ro\/wp-content\/uploads\/2023\/05\/Situatii-financiare_2022.pdf\" target=\"_blank\" rel=\"noreferrer noopener\">Situa\u0163ii Financiare Individuale 31 decembrie 2022 \u00eentocmite \u00een conformitate cu Standardele Interna\u0163ionale de Raportare Financiar\u0103<\/a><br><a href=\"https:\/\/www.rarom.ro\/wp-content\/uploads\/2023\/05\/Raportare-contabila-la-31-12-2022.pdf\" target=\"_blank\" rel=\"noreferrer noopener\">Raportare contabil\u0103 anual\u0103 2022<\/a><\/li>\n\n\n\n<li><a href=\"https:\/\/www.rarom.ro\/wp-content\/uploads\/2022\/05\/Situatii-financiare-2021.pdf\" target=\"_blank\" rel=\"noreferrer noopener\">Situa\u0163ii Financiare Individuale 31 decembrie 2021 \u00eentocmite \u00een conformitate cu Standardele Interna\u0163ionale de Raportare Financiar\u0103<\/a><br><a href=\"https:\/\/www.rarom.ro\/wp-content\/uploads\/2022\/05\/Raportare-contabila-la-31-12-2021.pdf\" target=\"_blank\" rel=\"noreferrer noopener\">Raportare contabil\u0103 anual\u0103 2021<\/a><\/li>\n\n\n\n<li><a href=\"https:\/\/www.rarom.ro\/wp-content\/uploads\/2021\/05\/2.-SITUATII-FINANCIARE-INDIVIDUALE.pdf\" target=\"_blank\" rel=\"noreferrer noopener\">Situa\u0163ii Financiare Individuale 31 decembrie 2020 \u00eentocmite \u00een conformitate cu Standardele Interna\u0163ionale de Raportare Financiar\u0103<\/a><br><a href=\"https:\/\/www.rarom.ro\/wp-content\/uploads\/2021\/05\/2.-RAPORTARE-CONTABILA.pdf\" target=\"_blank\" rel=\"noreferrer noopener\">Raportare contabil\u0103 anual\u0103 2020<\/a><\/li>\n\n\n\n<li><a href=\"https:\/\/www.rarom.ro\/wp-content\/uploads\/2020\/06\/Raportare-Contabila-Anuala-31.12.2019_J1590236.pdf\" target=\"_blank\" rel=\"noreferrer noopener\">Raportare contabil\u0103 anual\u0103 2019<\/a><\/li>\n\n\n\n<li><a href=\"https:\/\/www.rarom.ro\/wp-content\/uploads\/2020\/06\/Situatii-financiare-2019.pdf\" target=\"_blank\" rel=\"noreferrer noopener\">Situa\u021biile financiare anuale 2019<\/a><\/li>\n\n\n\n<li><a href=\"https:\/\/www.rarom.ro\/wp-content\/uploads\/2019\/05\/Raportare-Contabila-Anuala-31-12-2018_J1590236.pdf\" target=\"_blank\" rel=\"noreferrer noopener\">Raportare Contabil\u0103 Anual\u0103 2018<\/a><\/li>\n\n\n\n<li><a href=\"https:\/\/www.rarom.ro\/wp-content\/uploads\/2019\/05\/Situatii-Financiare-individuale-2018-intocmite-conf-IFRS.pdf\" target=\"_blank\" rel=\"noreferrer noopener\">Situa\u0163ii Financiare Individuale 2018 \u00eentocmite conf. IFRS<\/a><\/li>\n\n\n\n<li><a href=\"https:\/\/www.rarom.ro\/wp-content\/uploads\/2019\/05\/Anexa1-Rezultate-retratare-IFRS-OMF-2844.pdf\" target=\"_blank\" rel=\"noreferrer noopener\">Anexa 1 2018 \u2013 Rezultate retratare IFRS, OMF 2488<\/a><\/li>\n\n\n\n<li><a href=\"https:\/\/www.rarom.ro\/wp-content\/uploads\/2019\/03\/RAR_IFRS-2017-2.pdf\" target=\"_blank\" rel=\"noreferrer noopener\">Situa\u0163ii financiare an 2017 (bilan\u0163 2017)&nbsp;<\/a>\u2013 Situa\u0163ii Financiare Individuale 31 decembrie 2017 \u00eentocmite \u00een conformitate cu Standardele Interna\u0163ionale de Raportare Financiar\u0103<\/li>\n\n\n\n<li><a href=\"https:\/\/www.rarom.ro\/wp-content\/uploads\/2018\/05\/BILANT_31-12-2017_J1590236_RAR-RA.pdf\" target=\"_blank\" rel=\"noreferrer noopener\">Situa\u0163ii financiare an 2017 (bilan\u0163 contabil 2017)<\/a><\/li>\n\n\n\n<li><a href=\"https:\/\/www.rarom.ro\/wp-content\/uploads\/2018\/12\/RAR_IFRS-2016.pdf\" target=\"_blank\" rel=\"noreferrer noopener\">Situa\u0163ii financiare an 2016 (bilan\u0163 2016)<\/a>&nbsp;\u2013 Situa\u0163ii Financiare Individuale 31 decembrie 2016 \u00eentocmite \u00een conformitate cu Standardele Interna\u0163ionale de Raportare Financiar\u0103<\/li>\n\n\n\n<li><a href=\"https:\/\/www.rarom.ro\/wp-content\/uploads\/2017\/06\/bilant_312122016_J1590236.pdf\" target=\"_blank\" rel=\"noreferrer noopener\">Situa\u0163ii financiare an 2016 (bilan\u0163 contabil 2016)<\/a><\/li>\n\n\n\n<li><a href=\"https:\/\/www.rarom.ro\/wp-content\/uploads\/2016\/06\/bilant_2015.pdf\" target=\"_blank\" rel=\"noreferrer noopener\">Situa\u0163ii financiare an 2015 (bilan\u0163 contabil 2015)<\/a><\/li>\n\n\n\n<li><a href=\"https:\/\/www.rarom.ro\/wp-content\/uploads\/2015\/10\/bilant_SC_1214_XML_v100_090415-2014.pdf\" target=\"_blank\" rel=\"noreferrer noopener\">Situa\u0163ii financiare an 2014 (bilan\u0163 contabil 2014)<\/a><\/li>\n\n\n\n<li><a href=\"https:\/\/www.rarom.ro\/wp-content\/uploads\/2015\/10\/bilant_2013.pdf\" target=\"_blank\" rel=\"noreferrer noopener\">Situa\u0163ii financiare an 2013 (bilan\u0163 contabil 2013)<\/a><\/li>\n\n\n\n<li><a href=\"https:\/\/www.rarom.ro\/wp-content\/uploads\/2015\/10\/bilant_2012.pdf\" target=\"_blank\" rel=\"noreferrer noopener\">Situa\u0163ii financiare an 2012 (bilan\u0163 contabil 2012)<\/a><\/li>\n<\/ul>\n\n\n\n<p><strong>Raport\u0103rile contabile semestriale<\/strong><\/p>\n\n\n\n<ul class=\"wp-block-list\">\n<li><a href=\"https:\/\/www.rarom.ro\/wp-content\/uploads\/2025\/08\/RAPORTARE-CONTABILA-30-06-2025_J1590236.pdf\" target=\"_blank\" rel=\"noreferrer noopener\">Raportare contabil\u0103 semestrul I 2025<\/a><\/li>\n\n\n\n<li><a href=\"http:\/\/rarom.ro\/wp-content\/uploads\/2023\/08\/Raportare-contabila-la-30-06-2024.pdf\" target=\"_blank\" rel=\"noreferrer noopener\">R<\/a><a href=\"https:\/\/raromtest.rar.ro\/wp-content\/uploads\/2024\/08\/Raportare-contabila-la-30-06-2024.pdf\" target=\"_blank\" rel=\"noreferrer noopener\">aportare contabil\u0103 semestrul I 2024<\/a><\/li>\n\n\n\n<li><a href=\"https:\/\/www.rarom.ro\/wp-content\/uploads\/2023\/08\/Raportare-contabila-la-30-06-2023.pdf\" target=\"_blank\" rel=\"noreferrer noopener\">Raportare contabil\u0103 semestrul I 2023<\/a><\/li>\n\n\n\n<li><a href=\"https:\/\/www.rarom.ro\/wp-content\/uploads\/2022\/08\/RAPORTARE-CONTABILA-LA-30.06.2022-_J1590236.pdf\" target=\"_blank\" rel=\"noreferrer noopener\">Raportare contabil\u0103 semestrul I 2022<\/a><\/li>\n\n\n\n<li><a href=\"https:\/\/www.rarom.ro\/wp-content\/uploads\/2021\/08\/Raportare-contabila-semestrul-I-2021.pdf\" target=\"_blank\" rel=\"noreferrer noopener\">Raportare contabil\u0103 semestrul I 2021<\/a><\/li>\n\n\n\n<li><a href=\"https:\/\/www.rarom.ro\/wp-content\/uploads\/2020\/09\/Raportare_contabila_06-2020.pdf\" target=\"_blank\" rel=\"noreferrer noopener\">Raportare contabil\u0103 semestrul I 2020<\/a><\/li>\n\n\n\n<li><a href=\"https:\/\/www.rarom.ro\/wp-content\/uploads\/2020\/01\/RAPORTARE-CONTABILA-30.06.2019_J1590236.pdf\" target=\"_blank\" rel=\"noreferrer noopener\">Raportare contabil\u0103 semestrul I 2019<\/a><\/li>\n\n\n\n<li><a href=\"https:\/\/www.rarom.ro\/wp-content\/uploads\/2018\/10\/Bilant_30.06.2018_J1590236.pdf\" target=\"_blank\" rel=\"noreferrer noopener\">Raportare contabil\u0103 semestrul I 2018<\/a><\/li>\n\n\n\n<li><a href=\"https:\/\/www.rarom.ro\/wp-content\/uploads\/2017\/08\/Bilant-RAR_30.06.2017_J1590236.pdf\" target=\"_blank\" rel=\"noreferrer noopener\">Raportare contabil\u0103 semestrul I 2017<\/a><\/li>\n\n\n\n<li><a href=\"https:\/\/www.rarom.ro\/wp-content\/uploads\/2016\/08\/Bilant-RAR_30.06.2016_J1590236.pdf\" target=\"_blank\" rel=\"noreferrer noopener\">Raportare contabil\u0103 semestrul I 2016<\/a><\/li>\n\n\n\n<li><a href=\"https:\/\/www.rarom.ro\/wp-content\/uploads\/2015\/10\/bilant_SC_0615_XML_v100_220715.pdf\" target=\"_blank\" rel=\"noreferrer noopener\">Raportare contabil\u0103 semestrul I 2015<\/a><\/li>\n\n\n\n<li><a href=\"https:\/\/www.rarom.ro\/wp-content\/uploads\/2015\/10\/raportare_conta2014.pdf\" target=\"_blank\" rel=\"noreferrer noopener\">Raportare contabil\u0103 semestrul I 2014<\/a><\/li>\n\n\n\n<li><a href=\"https:\/\/www.rarom.ro\/wp-content\/uploads\/2015\/10\/bilant_iunie_2013.pdf\" target=\"_blank\" rel=\"noreferrer noopener\">Raportare contabil\u0103 semestrul I 2013<\/a><\/li>\n<\/ul>\n","protected":false},"excerpt":{"rendered":"<p>Situa\u0163iile financiare anuale Raport\u0103rile contabile semestriale<\/p>\n","protected":false},"author":16,"featured_media":0,"parent":294275,"menu_order":5,"comment_status":"closed","ping_status":"closed","template":"","meta":{"_acf_changed":false,"footnotes":""},"class_list":["post-292049","page","type-page","status-publish","hentry"],"acf":[],"_links":{"self":[{"href":"https:\/\/www.rarom.ro\/index.php?rest_route=\/wp\/v2\/pages\/292049","targetHints":{"allow":["GET"]}}],"collection":[{"href":"https:\/\/www.rarom.ro\/index.php?rest_route=\/wp\/v2\/pages"}],"about":[{"href":"https:\/\/www.rarom.ro\/index.php?rest_route=\/wp\/v2\/types\/page"}],"author":[{"embeddable":true,"href":"https:\/\/www.rarom.ro\/index.php?rest_route=\/wp\/v2\/users\/16"}],"replies":[{"embeddable":true,"href":"https:\/\/www.rarom.ro\/index.php?rest_route=%2Fwp%2Fv2%2Fcomments&post=292049"}],"version-history":[{"count":12,"href":"https:\/\/www.rarom.ro\/index.php?rest_route=\/wp\/v2\/pages\/292049\/revisions"}],"predecessor-version":[{"id":301330,"href":"https:\/\/www.rarom.ro\/index.php?rest_route=\/wp\/v2\/pages\/292049\/revisions\/301330"}],"up":[{"embeddable":true,"href":"https:\/\/www.rarom.ro\/index.php?rest_route=\/wp\/v2\/pages\/294275"}],"wp:attachment":[{"href":"https:\/\/www.rarom.ro\/index.php?rest_route=%2Fwp%2Fv2%2Fmedia&parent=292049"}],"curies":[{"name":"wp","href":"https:\/\/api.w.org\/{rel}","templated":true}]}}