{"id":292046,"date":"2023-05-30T08:36:45","date_gmt":"2023-05-30T05:36:45","guid":{"rendered":"https:\/\/81.196.106.21\/?page_id=292046"},"modified":"2025-06-02T09:40:06","modified_gmt":"2025-06-02T06:40:06","slug":"bugetul-de-venituri-si-cheltuieli","status":"publish","type":"page","link":"https:\/\/www.rarom.ro\/?page_id=292046","title":{"rendered":"Buget din toate sursele de venituri"},"content":{"rendered":"\n<p><\/p>\n\n\n\n<p><a href=\"https:\/\/www.rarom.ro\/wp-content\/uploads\/2025\/04\/BVC-2025.pdf\" target=\"_blank\" rel=\"noreferrer noopener\">Bugetul de venituri \u0219i cheltuieli pe anul 2025<\/a><\/p>\n\n\n\n<p><a href=\"https:\/\/www.rarom.ro\/wp-content\/uploads\/2024\/12\/bugetul-de-venituri-si-cheltuieli-2024.pdf\" target=\"_blank\" rel=\"noreferrer noopener\">Bugetul de venituri \u0219i cheltuieli pe anul 2024<\/a><\/p>\n\n\n\n<p><a href=\"https:\/\/www.rarom.ro\/wp-content\/uploads\/2024\/12\/bugetul-de-venituri-si-cheltuieli-rectificat-2024.pdf\" target=\"_blank\" rel=\"noreferrer noopener\">Bugetul de venituri \u0219i cheltuieli pe anul 2024 rectificat<\/a><\/p>\n\n\n\n<p><a href=\"https:\/\/www.rarom.ro\/cs-uploads\/info-rar\/Bugetul-de-venituri-si-cheltuieli-2023.pdf\" target=\"_blank\" rel=\"noreferrer noopener\">Bugetul de venituri \u015fi cheltuieli pe anul 2023<\/a><\/p>\n\n\n\n<p><a href=\"https:\/\/www.rarom.ro\/cs-uploads\/info-rar\/Bugetul-de-venituri-si-cheltuieli-2022.pdf\" target=\"_blank\" rel=\"noreferrer noopener\">Bugetul de venituri \u015fi cheltuieli pe anul 2022<\/a><\/p>\n\n\n\n<p><a href=\"https:\/\/www.rarom.ro\/cs-uploads\/info-rar\/Bugetul-de-venituri-si-cheltuieli-2021.pdf\" target=\"_blank\" rel=\"noreferrer noopener\">Bugetul de venituri \u015fi cheltuieli pe anul 2021<\/a><\/p>\n\n\n\n<p><a href=\"https:\/\/www.rarom.ro\/cs-uploads\/info-rar\/Bugetul-de-venituri-si-cheltuieli-2020.pdf\" target=\"_blank\" rel=\"noreferrer noopener\">Bugetul de venituri \u015fi cheltuieli pe anul 2020<\/a><\/p>\n\n\n\n<p><a href=\"https:\/\/www.rarom.ro\/cs-uploads\/info-rar\/Bugetul-de-venituri-si-cheltuieli-2019.pdf\" target=\"_blank\" rel=\"noreferrer noopener\">Bugetul de venituri \u015fi cheltuieli pe anul 2019<\/a><\/p>\n\n\n\n<p><a href=\"https:\/\/www.rarom.ro\/cs-uploads\/info-rar\/Bugetul-de-venituri-si-cheltuieli-2018.pdf\" target=\"_blank\" rel=\"noreferrer noopener\">Bugetul de venituri \u015fi cheltuieli pe anul 2018<\/a><\/p>\n\n\n\n<p><a href=\"https:\/\/www.rarom.ro\/cs-uploads\/info-rar\/Bugetul-de-venituri-si-cheltuieli-2017.pdf\" target=\"_blank\" rel=\"noreferrer noopener\">Bugetul de venituri \u015fi cheltuieli pe anul 2017<\/a><\/p>\n\n\n\n<p><a href=\"https:\/\/www.rarom.ro\/cs-uploads\/info-rar\/BugetRAR2016.pdf\" target=\"_blank\" rel=\"noreferrer noopener\">Bugetul de venituri \u015fi cheltuieli pe anul 2016<\/a><\/p>\n\n\n\n<p><a href=\"https:\/\/www.rarom.ro\/cs-uploads\/info-rar\/BugetRAR2015.pdf\" target=\"_blank\" rel=\"noreferrer noopener\">Bugetul de venituri \u015fi cheltuieli pe anul 2015<\/a><\/p>\n\n\n\n<p><a href=\"https:\/\/www.rarom.ro\/\/wp-content\/uploads\/2015\/10\/Buget-de-venituri-si-cheltuieli-2014.pdf\" target=\"_blank\" rel=\"noreferrer noopener\">Bugetul de venituri \u015fi cheltuieli pe anul 2014<\/a><\/p>\n","protected":false},"excerpt":{"rendered":"<p>Bugetul de venituri \u0219i cheltuieli pe anul 2025 Bugetul de venituri \u0219i cheltuieli pe anul 2024 Bugetul de venituri \u0219i cheltuieli pe anul 2024 rectificat Bugetul de venituri \u015fi cheltuieli pe anul 2023 Bugetul de venituri \u015fi cheltuieli pe anul 2022 Bugetul de venituri \u015fi cheltuieli pe anul 2021 Bugetul de venituri \u015fi cheltuieli pe [&hellip;]<\/p>\n","protected":false},"author":16,"featured_media":0,"parent":294275,"menu_order":4,"comment_status":"closed","ping_status":"closed","template":"","meta":{"_acf_changed":false,"footnotes":""},"class_list":["post-292046","page","type-page","status-publish","hentry"],"acf":[],"_links":{"self":[{"href":"https:\/\/www.rarom.ro\/index.php?rest_route=\/wp\/v2\/pages\/292046","targetHints":{"allow":["GET"]}}],"collection":[{"href":"https:\/\/www.rarom.ro\/index.php?rest_route=\/wp\/v2\/pages"}],"about":[{"href":"https:\/\/www.rarom.ro\/index.php?rest_route=\/wp\/v2\/types\/page"}],"author":[{"embeddable":true,"href":"https:\/\/www.rarom.ro\/index.php?rest_route=\/wp\/v2\/users\/16"}],"replies":[{"embeddable":true,"href":"https:\/\/www.rarom.ro\/index.php?rest_route=%2Fwp%2Fv2%2Fcomments&post=292046"}],"version-history":[{"count":5,"href":"https:\/\/www.rarom.ro\/index.php?rest_route=\/wp\/v2\/pages\/292046\/revisions"}],"predecessor-version":[{"id":300126,"href":"https:\/\/www.rarom.ro\/index.php?rest_route=\/wp\/v2\/pages\/292046\/revisions\/300126"}],"up":[{"embeddable":true,"href":"https:\/\/www.rarom.ro\/index.php?rest_route=\/wp\/v2\/pages\/294275"}],"wp:attachment":[{"href":"https:\/\/www.rarom.ro\/index.php?rest_route=%2Fwp%2Fv2%2Fmedia&parent=292046"}],"curies":[{"name":"wp","href":"https:\/\/api.w.org\/{rel}","templated":true}]}}