{"id":292013,"date":"2023-05-29T23:19:47","date_gmt":"2023-05-29T20:19:47","guid":{"rendered":"https:\/\/81.196.106.21\/?page_id=292013"},"modified":"2025-01-17T09:10:30","modified_gmt":"2025-01-17T07:10:30","slug":"buletinul-informativ","status":"publish","type":"page","link":"https:\/\/www.rarom.ro\/?page_id=292013","title":{"rendered":"Buletinul informativ"},"content":{"rendered":"\n<p><strong>Legea 544\/2001 privind liberul acces la informa\u0163iile de interes public<\/strong><\/p>\n\n\n\n<p>Art. 5<\/p>\n\n\n\n<p>(1) Fiecare autoritate sau institu\u0163ie public\u0103 are obliga\u0163ia s\u0103 comunice din oficiu urm\u0103toarele informa\u0163ii de interes public:<\/p>\n\n\n\n<p>a)<a href=\"https:\/\/www.rarom.ro\/?page_id=291988\">&nbsp;actele normative<\/a>&nbsp;care reglementeaz\u0103 organizarea \u015fi func\u0163ionarea autorit\u0103\u0163ii sau institu\u0163iei publice;<\/p>\n\n\n\n<p>b)&nbsp;<a href=\"https:\/\/www.rarom.ro\/cs-uploads\/organigrama.pdf\">structura organizatoric\u0103<\/a>, atribu\u0163iile departamentelor,&nbsp;<a href=\"https:\/\/www.rarom.ro\/?page_id=16\">programul de func\u0163ionare<\/a>,&nbsp;<a href=\"https:\/\/www.rarom.ro\/?page_id=292005\">programul de audien\u0163e<\/a>&nbsp;al autorit\u0103\u0163ii sau institu\u0163iei publice;<\/p>\n\n\n\n<p>c)&nbsp;<a href=\"https:\/\/www.rarom.ro\/?page_id=292011\">numele \u015fi prenumele persoanelor<\/a>&nbsp;din conducerea autorit\u0103\u0163ii sau a institu\u0163iei publice \u015fi ale func\u0163ionarului responsabil cu difuzarea informa\u0163iilor publice;<\/p>\n\n\n\n<p>d)&nbsp;<a href=\"https:\/\/www.rarom.ro\/?page_id=16\">coordonatele de contact<\/a>&nbsp;ale autorit\u0103\u0163ii sau institu\u0163iei publice, respectiv: denumirea, sediul, numerele de telefon, fax, adresa de e-mail \u015fi adresa paginii de Internet;<\/p>\n\n\n\n<p>e) sursele financiare,&nbsp;<a href=\"https:\/\/www.rarom.ro\/?page_id=292046\">bugetul<\/a>&nbsp;\u015fi&nbsp;<a href=\"https:\/\/www.rarom.ro\/?page_id=292049\">bilan\u0163ul contabil<\/a>;<\/p>\n\n\n\n<p>f)\u00a0<a href=\"https:\/\/www.rarom.ro\/?page_id=291993\">programele \u015fi strategiile proprii<\/a>;<\/p>\n\n\n\n<p>g)\u00a0<a href=\"https:\/\/www.rarom.ro\/?page_id=294269\">lista cuprinz\u00e2nd documentele de interes public<\/a>;<\/p>\n\n\n\n<p>h) lista cuprinz\u00e2nd categoriile de documente produse \u015fi\/sau gestionate, potrivit legii;<\/p>\n\n\n\n<p>i) modalit\u0103\u0163ile de contestare a deciziei autorit\u0103\u0163ii sau a institu\u0163iei publice \u00een situa\u0163ia \u00een care persoana se consider\u0103 v\u0103t\u0103mat\u0103 \u00een privin\u0163a dreptului de acces la informa\u0163iile de interes public solicitate.<\/p>\n\n\n\n<ul class=\"wp-block-list\">\n<li><a href=\"https:\/\/www.rarom.ro\/cs-uploads\/info-rar\/ReclamatieAdministrativa_1.doc\" target=\"_blank\" rel=\"noreferrer noopener\">Reclama\u0163ia administrativ\u0103 1<\/a><\/li>\n\n\n\n<li><a href=\"https:\/\/www.rarom.ro\/cs-uploads\/info-rar\/ReclamatieAdministrativa_2.doc\" target=\"_blank\" rel=\"noreferrer noopener\">Reclama\u0163ia administrativ\u0103 2<\/a><\/li>\n<\/ul>\n","protected":false},"excerpt":{"rendered":"<p>Legea 544\/2001 privind liberul acces la informa\u0163iile de interes public Art. 5 (1) Fiecare autoritate sau institu\u0163ie public\u0103 are obliga\u0163ia s\u0103 comunice din oficiu urm\u0103toarele informa\u0163ii de interes public: a)&nbsp;actele normative&nbsp;care reglementeaz\u0103 organizarea \u015fi func\u0163ionarea autorit\u0103\u0163ii sau institu\u0163iei publice; b)&nbsp;structura organizatoric\u0103, atribu\u0163iile departamentelor,&nbsp;programul de func\u0163ionare,&nbsp;programul de audien\u0163e&nbsp;al autorit\u0103\u0163ii sau institu\u0163iei publice; c)&nbsp;numele \u015fi prenumele persoanelor&nbsp;din [&hellip;]<\/p>\n","protected":false},"author":16,"featured_media":0,"parent":294275,"menu_order":3,"comment_status":"closed","ping_status":"closed","template":"","meta":{"_acf_changed":false,"footnotes":""},"class_list":["post-292013","page","type-page","status-publish","hentry"],"acf":[],"_links":{"self":[{"href":"https:\/\/www.rarom.ro\/index.php?rest_route=\/wp\/v2\/pages\/292013","targetHints":{"allow":["GET"]}}],"collection":[{"href":"https:\/\/www.rarom.ro\/index.php?rest_route=\/wp\/v2\/pages"}],"about":[{"href":"https:\/\/www.rarom.ro\/index.php?rest_route=\/wp\/v2\/types\/page"}],"author":[{"embeddable":true,"href":"https:\/\/www.rarom.ro\/index.php?rest_route=\/wp\/v2\/users\/16"}],"replies":[{"embeddable":true,"href":"https:\/\/www.rarom.ro\/index.php?rest_route=%2Fwp%2Fv2%2Fcomments&post=292013"}],"version-history":[{"count":19,"href":"https:\/\/www.rarom.ro\/index.php?rest_route=\/wp\/v2\/pages\/292013\/revisions"}],"predecessor-version":[{"id":294805,"href":"https:\/\/www.rarom.ro\/index.php?rest_route=\/wp\/v2\/pages\/292013\/revisions\/294805"}],"up":[{"embeddable":true,"href":"https:\/\/www.rarom.ro\/index.php?rest_route=\/wp\/v2\/pages\/294275"}],"wp:attachment":[{"href":"https:\/\/www.rarom.ro\/index.php?rest_route=%2Fwp%2Fv2%2Fmedia&parent=292013"}],"curies":[{"name":"wp","href":"https:\/\/api.w.org\/{rel}","templated":true}]}}