{"id":292011,"date":"2023-05-29T23:18:57","date_gmt":"2023-05-29T20:18:57","guid":{"rendered":"https:\/\/81.196.106.21\/?page_id=292011"},"modified":"2025-02-04T12:36:10","modified_gmt":"2025-02-04T10:36:10","slug":"solicitare-informatii-legislatie","status":"publish","type":"page","link":"https:\/\/www.rarom.ro\/?page_id=292011","title":{"rendered":"Solicitare informa\u021bii. Legisla\u021bie."},"content":{"rendered":"\n<ul class=\"wp-block-list\">\n<li><a href=\"https:\/\/www.rarom.ro\/?page_id=294259\">Persoana responsabil\u0103 pentru Legea 544\/2001<\/a><\/li>\n\n\n\n<li><a href=\"https:\/\/www.rarom.ro\/?page_id=294261\">Formular pentru solicitare \u00een baza Legii 544\/2001<\/a><\/li>\n\n\n\n<li><a href=\"https:\/\/www.rarom.ro\/?page_id=294266\">Modalit\u0103\u0163i de contestare<\/a><\/li>\n\n\n\n<li><a href=\"https:\/\/www.rarom.ro\/?page_id=294269\">Lista cu documentele de interes public \u015fi lista cu documentele produse\/gestionate de institu\u0163ie<\/a><\/li>\n\n\n\n<li><a href=\"https:\/\/www.rarom.ro\/?page_id=294271\">Rapoartele de aplicare a Legii nr. 544\/2001<\/a><\/li>\n<\/ul>\n\n\n\n<hr class=\"wp-block-separator has-alpha-channel-opacity\"\/>\n\n\n\n<p><strong>LEGISLA\u0162IE<\/strong><\/p>\n\n\n\n<p><a href=\"http:\/\/legislatie.just.ro\/Public\/DetaliiDocument\/31413\" target=\"_blank\" rel=\"noreferrer noopener\">Legea nr 544 din 2001<\/a><\/p>\n\n\n\n<p><a href=\"http:\/\/legislatie.just.ro\/Public\/DetaliiDocument\/34416\" target=\"_blank\" rel=\"noreferrer noopener\">HOT\u0102R\u00c2RE Nr. 123 din 7 februarie 2002<\/a>&nbsp;pentru aprobarea Normelor metodologice de aplicare a Legii nr. 544\/2001 privind liberul acces la informa\u0163iile de interes public<\/p>\n\n\n\n<p><a href=\"https:\/\/legislatie.just.ro\/Public\/DetaliiDocument\/81689\" target=\"_blank\" rel=\"noreferrer noopener\">LEGE nr. 109 din 25 aprilie 2007<\/a> privind reutilizarea informa\u0163iilor din institu\u0163iile publice<\/p>\n","protected":false},"excerpt":{"rendered":"<p>LEGISLA\u0162IE Legea nr 544 din 2001 HOT\u0102R\u00c2RE Nr. 123 din 7 februarie 2002&nbsp;pentru aprobarea Normelor metodologice de aplicare a Legii nr. 544\/2001 privind liberul acces la informa\u0163iile de interes public LEGE nr. 109 din 25 aprilie 2007 privind reutilizarea informa\u0163iilor din institu\u0163iile publice<\/p>\n","protected":false},"author":16,"featured_media":0,"parent":294275,"menu_order":1,"comment_status":"closed","ping_status":"closed","template":"","meta":{"_acf_changed":false,"footnotes":""},"class_list":["post-292011","page","type-page","status-publish","hentry"],"acf":[],"_links":{"self":[{"href":"https:\/\/www.rarom.ro\/index.php?rest_route=\/wp\/v2\/pages\/292011","targetHints":{"allow":["GET"]}}],"collection":[{"href":"https:\/\/www.rarom.ro\/index.php?rest_route=\/wp\/v2\/pages"}],"about":[{"href":"https:\/\/www.rarom.ro\/index.php?rest_route=\/wp\/v2\/types\/page"}],"author":[{"embeddable":true,"href":"https:\/\/www.rarom.ro\/index.php?rest_route=\/wp\/v2\/users\/16"}],"replies":[{"embeddable":true,"href":"https:\/\/www.rarom.ro\/index.php?rest_route=%2Fwp%2Fv2%2Fcomments&post=292011"}],"version-history":[{"count":18,"href":"https:\/\/www.rarom.ro\/index.php?rest_route=\/wp\/v2\/pages\/292011\/revisions"}],"predecessor-version":[{"id":298893,"href":"https:\/\/www.rarom.ro\/index.php?rest_route=\/wp\/v2\/pages\/292011\/revisions\/298893"}],"up":[{"embeddable":true,"href":"https:\/\/www.rarom.ro\/index.php?rest_route=\/wp\/v2\/pages\/294275"}],"wp:attachment":[{"href":"https:\/\/www.rarom.ro\/index.php?rest_route=%2Fwp%2Fv2%2Fmedia&parent=292011"}],"curies":[{"name":"wp","href":"https:\/\/api.w.org\/{rel}","templated":true}]}}