{"id":291988,"date":"2023-05-29T22:48:44","date_gmt":"2023-05-29T19:48:44","guid":{"rendered":"https:\/\/81.196.106.21\/?page_id=291988"},"modified":"2024-04-26T10:53:41","modified_gmt":"2024-04-26T07:53:41","slug":"legislatie","status":"publish","type":"page","link":"https:\/\/www.rarom.ro\/?page_id=291988","title":{"rendered":"Legisla\u021bie"},"content":{"rendered":"\n<p>1.\u00a0<a href=\"http:\/\/legislatie.just.ro\/Public\/DetaliiDocument\/2007\" target=\"_blank\" rel=\"noreferrer noopener\">HOT\u0102R\u00ceREA nr. 768 din 8 noiembrie 1991<\/a>\u00a0privind \u00eenfiin\u0163area \u015fi func\u0163ionarea Regiei Autonome \u201eRegistrul Auto Rom\u00e2n\u201d<\/p>\n","protected":false},"excerpt":{"rendered":"<p>1.\u00a0HOT\u0102R\u00ceREA nr. 768 din 8 noiembrie 1991\u00a0privind \u00eenfiin\u0163area \u015fi func\u0163ionarea Regiei Autonome \u201eRegistrul Auto Rom\u00e2n\u201d<\/p>\n","protected":false},"author":16,"featured_media":0,"parent":6,"menu_order":1,"comment_status":"closed","ping_status":"closed","template":"","meta":{"_acf_changed":false,"footnotes":""},"class_list":["post-291988","page","type-page","status-publish","hentry"],"acf":[],"_links":{"self":[{"href":"https:\/\/www.rarom.ro\/index.php?rest_route=\/wp\/v2\/pages\/291988","targetHints":{"allow":["GET"]}}],"collection":[{"href":"https:\/\/www.rarom.ro\/index.php?rest_route=\/wp\/v2\/pages"}],"about":[{"href":"https:\/\/www.rarom.ro\/index.php?rest_route=\/wp\/v2\/types\/page"}],"author":[{"embeddable":true,"href":"https:\/\/www.rarom.ro\/index.php?rest_route=\/wp\/v2\/users\/16"}],"replies":[{"embeddable":true,"href":"https:\/\/www.rarom.ro\/index.php?rest_route=%2Fwp%2Fv2%2Fcomments&post=291988"}],"version-history":[{"count":4,"href":"https:\/\/www.rarom.ro\/index.php?rest_route=\/wp\/v2\/pages\/291988\/revisions"}],"predecessor-version":[{"id":297213,"href":"https:\/\/www.rarom.ro\/index.php?rest_route=\/wp\/v2\/pages\/291988\/revisions\/297213"}],"up":[{"embeddable":true,"href":"https:\/\/www.rarom.ro\/index.php?rest_route=\/wp\/v2\/pages\/6"}],"wp:attachment":[{"href":"https:\/\/www.rarom.ro\/index.php?rest_route=%2Fwp%2Fv2%2Fmedia&parent=291988"}],"curies":[{"name":"wp","href":"https:\/\/api.w.org\/{rel}","templated":true}]}}