{"id":2851,"date":"2016-07-01T10:35:16","date_gmt":"2016-07-01T07:35:16","guid":{"rendered":"https:\/\/www.rarom.ro\/?page_id=2851"},"modified":"2016-07-01T10:35:16","modified_gmt":"2016-07-01T07:35:16","slug":"bmw-420i-convertible","status":"publish","type":"page","link":"https:\/\/www.rarom.ro\/?page_id=2851","title":{"rendered":"BMW 420i Convertible"},"content":{"rendered":"<p><strong>Test: BMW 420i Convertible<\/strong><\/p>\n<p><img loading=\"lazy\" decoding=\"async\" class=\"aligncenter size-full wp-image-3529\" src=\"https:\/\/www.rarom.ro\/wp-content\/uploads\/2016\/07\/TestBMW_mare217.jpg\" alt=\"TestBMW_mare217\" width=\"730\" height=\"450\" \/><\/p>\n<p style=\"text-align: justify;\"><img loading=\"lazy\" decoding=\"async\" class=\"size-full wp-image-3531 alignleft\" src=\"https:\/\/www.rarom.ro\/wp-content\/uploads\/2016\/07\/TestBMW_pagini217.jpg\" alt=\"TestBMW_pagini217\" width=\"265\" height=\"174\" \/>O culoare ro\u015fu aprins, tapi\u0163erie din piele \u00een dou\u0103 nuan\u0163e, un interior \u00eennobilat cu inser\u0163ii metalice, autentice, un plafon retractabil \u015fi c\u00e2te un bumerang stilizat pe aripile fa\u0163\u0103 deasupra c\u0103ruia descifrezi inscrip\u0163ia &#8222;Luxury&#8221;. S\u0103 m\u0103 mai mir atunci c\u0103 am devenit, pentru c\u00e2teva zile, extrem de vizibil p\u00e2n\u0103 \u015fi pe cele mai de fi\u0163e artere ale Capitalei? \u00a0[&#8230;]<\/p>\n","protected":false},"excerpt":{"rendered":"<p>Test: BMW 420i Convertible O culoare ro\u015fu aprins, tapi\u0163erie din piele \u00een dou\u0103 nuan\u0163e, un interior \u00eennobilat cu inser\u0163ii metalice, autentice, un plafon retractabil \u015fi c\u00e2te un bumerang stilizat pe aripile fa\u0163\u0103 deasupra c\u0103ruia descifrezi inscrip\u0163ia &#8222;Luxury&#8221;. S\u0103 m\u0103 mai mir atunci c\u0103 am devenit, pentru c\u00e2teva zile, extrem de vizibil p\u00e2n\u0103 \u015fi pe cele [&hellip;]<\/p>\n","protected":false},"author":3,"featured_media":0,"parent":2845,"menu_order":3,"comment_status":"closed","ping_status":"closed","template":"","meta":{"_acf_changed":false,"footnotes":""},"class_list":["post-2851","page","type-page","status-publish","hentry"],"acf":[],"_links":{"self":[{"href":"https:\/\/www.rarom.ro\/index.php?rest_route=\/wp\/v2\/pages\/2851","targetHints":{"allow":["GET"]}}],"collection":[{"href":"https:\/\/www.rarom.ro\/index.php?rest_route=\/wp\/v2\/pages"}],"about":[{"href":"https:\/\/www.rarom.ro\/index.php?rest_route=\/wp\/v2\/types\/page"}],"author":[{"embeddable":true,"href":"https:\/\/www.rarom.ro\/index.php?rest_route=\/wp\/v2\/users\/3"}],"replies":[{"embeddable":true,"href":"https:\/\/www.rarom.ro\/index.php?rest_route=%2Fwp%2Fv2%2Fcomments&post=2851"}],"version-history":[{"count":1,"href":"https:\/\/www.rarom.ro\/index.php?rest_route=\/wp\/v2\/pages\/2851\/revisions"}],"predecessor-version":[{"id":2852,"href":"https:\/\/www.rarom.ro\/index.php?rest_route=\/wp\/v2\/pages\/2851\/revisions\/2852"}],"up":[{"embeddable":true,"href":"https:\/\/www.rarom.ro\/index.php?rest_route=\/wp\/v2\/pages\/2845"}],"wp:attachment":[{"href":"https:\/\/www.rarom.ro\/index.php?rest_route=%2Fwp%2Fv2%2Fmedia&parent=2851"}],"curies":[{"name":"wp","href":"https:\/\/api.w.org\/{rel}","templated":true}]}}