{"id":2849,"date":"2016-07-01T10:29:30","date_gmt":"2016-07-01T07:29:30","guid":{"rendered":"https:\/\/www.rarom.ro\/?page_id=2849"},"modified":"2016-07-01T10:29:30","modified_gmt":"2016-07-01T07:29:30","slug":"mitsubishi-outlander-phev","status":"publish","type":"page","link":"https:\/\/www.rarom.ro\/?page_id=2849","title":{"rendered":"Mitsubishi Outlander PHEV"},"content":{"rendered":"<p><strong>Test: Mitsubishi Outlander PHEV<\/strong><\/p>\n<p><img loading=\"lazy\" decoding=\"async\" class=\"aligncenter size-full wp-image-3518\" src=\"https:\/\/www.rarom.ro\/wp-content\/uploads\/2016\/07\/TestMitsubishi_mare217.jpg\" alt=\"TestMitsubishi_mare217\" width=\"730\" height=\"450\" \/><\/p>\n<p style=\"text-align: justify;\"><img loading=\"lazy\" decoding=\"async\" class=\"size-full wp-image-3520 alignleft\" src=\"https:\/\/www.rarom.ro\/wp-content\/uploads\/2016\/07\/TestMitsubishi_pagini217.jpg\" alt=\"TestMitsubishi_pagini217\" width=\"265\" height=\"174\" \/>Oricine arunc\u0103 un ochi \u00een curtea celor de la Mitsubishi Motors Corporation \u00eencepe s\u0103 \u00een\u0163eleag\u0103 de ce constructorul nipon spune despre Outlander PHEV c\u0103 este cel mai bine v\u00e2ndut crossover Plug-in Hibrid electric din Europa. [&#8230;]<\/p>\n<p>&nbsp;<\/p>\n","protected":false},"excerpt":{"rendered":"<p>Test: Mitsubishi Outlander PHEV Oricine arunc\u0103 un ochi \u00een curtea celor de la Mitsubishi Motors Corporation \u00eencepe s\u0103 \u00een\u0163eleag\u0103 de ce constructorul nipon spune despre Outlander PHEV c\u0103 este cel mai bine v\u00e2ndut crossover Plug-in Hibrid electric din Europa. [&#8230;] &nbsp;<\/p>\n","protected":false},"author":3,"featured_media":0,"parent":2845,"menu_order":2,"comment_status":"closed","ping_status":"closed","template":"","meta":{"_acf_changed":false,"footnotes":""},"class_list":["post-2849","page","type-page","status-publish","hentry"],"acf":[],"_links":{"self":[{"href":"https:\/\/www.rarom.ro\/index.php?rest_route=\/wp\/v2\/pages\/2849","targetHints":{"allow":["GET"]}}],"collection":[{"href":"https:\/\/www.rarom.ro\/index.php?rest_route=\/wp\/v2\/pages"}],"about":[{"href":"https:\/\/www.rarom.ro\/index.php?rest_route=\/wp\/v2\/types\/page"}],"author":[{"embeddable":true,"href":"https:\/\/www.rarom.ro\/index.php?rest_route=\/wp\/v2\/users\/3"}],"replies":[{"embeddable":true,"href":"https:\/\/www.rarom.ro\/index.php?rest_route=%2Fwp%2Fv2%2Fcomments&post=2849"}],"version-history":[{"count":1,"href":"https:\/\/www.rarom.ro\/index.php?rest_route=\/wp\/v2\/pages\/2849\/revisions"}],"predecessor-version":[{"id":2850,"href":"https:\/\/www.rarom.ro\/index.php?rest_route=\/wp\/v2\/pages\/2849\/revisions\/2850"}],"up":[{"embeddable":true,"href":"https:\/\/www.rarom.ro\/index.php?rest_route=\/wp\/v2\/pages\/2845"}],"wp:attachment":[{"href":"https:\/\/www.rarom.ro\/index.php?rest_route=%2Fwp%2Fv2%2Fmedia&parent=2849"}],"curies":[{"name":"wp","href":"https:\/\/api.w.org\/{rel}","templated":true}]}}