{"id":2716,"date":"2016-06-06T14:59:02","date_gmt":"2016-06-06T11:59:02","guid":{"rendered":"https:\/\/www.rarom.ro\/?page_id=2716"},"modified":"2016-06-06T14:59:02","modified_gmt":"2016-06-06T11:59:02","slug":"istorie","status":"publish","type":"page","link":"https:\/\/www.rarom.ro\/?page_id=2716","title":{"rendered":"Istorie"},"content":{"rendered":"<p><strong>Citroen Mehari<\/strong><\/p>\n<p><img loading=\"lazy\" decoding=\"async\" class=\"aligncenter size-full wp-image-3037\" src=\"https:\/\/www.rarom.ro\/wp-content\/uploads\/2016\/06\/Istorie_mare216.jpg\" alt=\"Istorie_mare216\" width=\"554\" height=\"330\" \/><\/p>\n<p style=\"text-align: justify;\"><img loading=\"lazy\" decoding=\"async\" class=\"alignleft size-full wp-image-3039\" src=\"https:\/\/www.rarom.ro\/wp-content\/uploads\/2016\/06\/Istorie_pagini216.jpg\" alt=\"Istorie_pagini216\" width=\"250\" height=\"165\" \/>\u00a0Dac\u0103 a\u0163i v\u0103zut filmele clasice fran\u0163uze\u015fti f\u0103cute celebre de actorul Louis de Funes, atunci \u015fti\u0163i ce este un Citroen Mehari. Una dintre cele mai simple \u015fi robuste ma\u015fini construite de c\u0103tre produc\u0103torul francez. [&#8230;]<\/p>\n<p>&nbsp;<\/p>\n","protected":false},"excerpt":{"rendered":"<p>Citroen Mehari \u00a0Dac\u0103 a\u0163i v\u0103zut filmele clasice fran\u0163uze\u015fti f\u0103cute celebre de actorul Louis de Funes, atunci \u015fti\u0163i ce este un Citroen Mehari. Una dintre cele mai simple \u015fi robuste ma\u015fini construite de c\u0103tre produc\u0103torul francez. [&#8230;] &nbsp;<\/p>\n","protected":false},"author":3,"featured_media":0,"parent":2697,"menu_order":4,"comment_status":"closed","ping_status":"closed","template":"","meta":{"_acf_changed":false,"footnotes":""},"class_list":["post-2716","page","type-page","status-publish","hentry"],"acf":[],"_links":{"self":[{"href":"https:\/\/www.rarom.ro\/index.php?rest_route=\/wp\/v2\/pages\/2716","targetHints":{"allow":["GET"]}}],"collection":[{"href":"https:\/\/www.rarom.ro\/index.php?rest_route=\/wp\/v2\/pages"}],"about":[{"href":"https:\/\/www.rarom.ro\/index.php?rest_route=\/wp\/v2\/types\/page"}],"author":[{"embeddable":true,"href":"https:\/\/www.rarom.ro\/index.php?rest_route=\/wp\/v2\/users\/3"}],"replies":[{"embeddable":true,"href":"https:\/\/www.rarom.ro\/index.php?rest_route=%2Fwp%2Fv2%2Fcomments&post=2716"}],"version-history":[{"count":1,"href":"https:\/\/www.rarom.ro\/index.php?rest_route=\/wp\/v2\/pages\/2716\/revisions"}],"predecessor-version":[{"id":2717,"href":"https:\/\/www.rarom.ro\/index.php?rest_route=\/wp\/v2\/pages\/2716\/revisions\/2717"}],"up":[{"embeddable":true,"href":"https:\/\/www.rarom.ro\/index.php?rest_route=\/wp\/v2\/pages\/2697"}],"wp:attachment":[{"href":"https:\/\/www.rarom.ro\/index.php?rest_route=%2Fwp%2Fv2%2Fmedia&parent=2716"}],"curies":[{"name":"wp","href":"https:\/\/api.w.org\/{rel}","templated":true}]}}