{"id":2714,"date":"2016-06-06T14:57:18","date_gmt":"2016-06-06T11:57:18","guid":{"rendered":"https:\/\/www.rarom.ro\/?page_id=2714"},"modified":"2016-06-06T14:57:18","modified_gmt":"2016-06-06T11:57:18","slug":"magazin","status":"publish","type":"page","link":"https:\/\/www.rarom.ro\/?page_id=2714","title":{"rendered":"Magazin"},"content":{"rendered":"<p><strong>Ma\u015fini la Hollywood<\/strong><\/p>\n<p><img loading=\"lazy\" decoding=\"async\" class=\"aligncenter size-full wp-image-3031\" src=\"https:\/\/www.rarom.ro\/wp-content\/uploads\/2016\/06\/Magazin_mare216.jpg\" alt=\"Magazin_mare216\" width=\"554\" height=\"330\" \/><\/p>\n<p style=\"text-align: justify;\"><img loading=\"lazy\" decoding=\"async\" class=\"alignleft size-full wp-image-3033\" src=\"https:\/\/www.rarom.ro\/wp-content\/uploads\/2016\/06\/Magazin_pagini216.jpg\" alt=\"Magazin_pagini216\" width=\"250\" height=\"165\" \/>\u00a0\u00cei admir\u0103m pe marele ecran \u015fi ne identific\u0103m cu personajele c\u0103rora le dau via\u0163\u0103. Dar \u00een via\u0163a de zi cu zi sunt oameni obi\u015fnui\u0163i, care conduc ma\u015fini, iar unii dintre ei sunt chiar pasiona\u0163i de fenomenul auto. Vorbim despre actorii no\u015ftri prefera\u0163i de la Hollywood. [&#8230;]<\/p>\n","protected":false},"excerpt":{"rendered":"<p>Ma\u015fini la Hollywood \u00a0\u00cei admir\u0103m pe marele ecran \u015fi ne identific\u0103m cu personajele c\u0103rora le dau via\u0163\u0103. Dar \u00een via\u0163a de zi cu zi sunt oameni obi\u015fnui\u0163i, care conduc ma\u015fini, iar unii dintre ei sunt chiar pasiona\u0163i de fenomenul auto. Vorbim despre actorii no\u015ftri prefera\u0163i de la Hollywood. [&#8230;]<\/p>\n","protected":false},"author":3,"featured_media":0,"parent":2697,"menu_order":3,"comment_status":"closed","ping_status":"closed","template":"","meta":{"_acf_changed":false,"footnotes":""},"class_list":["post-2714","page","type-page","status-publish","hentry"],"acf":[],"_links":{"self":[{"href":"https:\/\/www.rarom.ro\/index.php?rest_route=\/wp\/v2\/pages\/2714","targetHints":{"allow":["GET"]}}],"collection":[{"href":"https:\/\/www.rarom.ro\/index.php?rest_route=\/wp\/v2\/pages"}],"about":[{"href":"https:\/\/www.rarom.ro\/index.php?rest_route=\/wp\/v2\/types\/page"}],"author":[{"embeddable":true,"href":"https:\/\/www.rarom.ro\/index.php?rest_route=\/wp\/v2\/users\/3"}],"replies":[{"embeddable":true,"href":"https:\/\/www.rarom.ro\/index.php?rest_route=%2Fwp%2Fv2%2Fcomments&post=2714"}],"version-history":[{"count":1,"href":"https:\/\/www.rarom.ro\/index.php?rest_route=\/wp\/v2\/pages\/2714\/revisions"}],"predecessor-version":[{"id":2715,"href":"https:\/\/www.rarom.ro\/index.php?rest_route=\/wp\/v2\/pages\/2714\/revisions\/2715"}],"up":[{"embeddable":true,"href":"https:\/\/www.rarom.ro\/index.php?rest_route=\/wp\/v2\/pages\/2697"}],"wp:attachment":[{"href":"https:\/\/www.rarom.ro\/index.php?rest_route=%2Fwp%2Fv2%2Fmedia&parent=2714"}],"curies":[{"name":"wp","href":"https:\/\/api.w.org\/{rel}","templated":true}]}}