{"id":2712,"date":"2016-06-06T14:55:51","date_gmt":"2016-06-06T11:55:51","guid":{"rendered":"https:\/\/www.rarom.ro\/?page_id=2712"},"modified":"2016-06-06T14:55:51","modified_gmt":"2016-06-06T11:55:51","slug":"interviu","status":"publish","type":"page","link":"https:\/\/www.rarom.ro\/?page_id=2712","title":{"rendered":"Interviu"},"content":{"rendered":"<p><strong>Florentin Petre<\/strong><\/p>\n<p><img loading=\"lazy\" decoding=\"async\" class=\"aligncenter size-full wp-image-3025\" src=\"https:\/\/www.rarom.ro\/wp-content\/uploads\/2016\/06\/Interviu_mare216.jpg\" alt=\"Interviu_mare216\" width=\"554\" height=\"330\" \/><\/p>\n<p style=\"text-align: justify;\"><img loading=\"lazy\" decoding=\"async\" class=\"alignleft size-full wp-image-3027\" src=\"https:\/\/www.rarom.ro\/wp-content\/uploads\/2016\/06\/Interviu_pagini216.jpg\" alt=\"Interviu_pagini216\" width=\"250\" height=\"165\" \/>\u00a0Despre Florentin Petre se poate scrie un roman. Are mai bine de 50 de meciuri \u00een na\u0163ionala de fotbal a Rom\u00e2niei \u015fi a jucat la dou\u0103 Campionate Europene, \u00een 2000 \u015fi 2008. A c\u00e2\u015ftigat o mul\u0163ime de trofee la fotbal, dar \u015fi \u00een competi\u0163iile de raliu. Via\u0163a i a oferit \u00eens\u0103 \u015fi multe momente de cump\u0103n\u0103. [&#8230;]<\/p>\n","protected":false},"excerpt":{"rendered":"<p>Florentin Petre \u00a0Despre Florentin Petre se poate scrie un roman. Are mai bine de 50 de meciuri \u00een na\u0163ionala de fotbal a Rom\u00e2niei \u015fi a jucat la dou\u0103 Campionate Europene, \u00een 2000 \u015fi 2008. A c\u00e2\u015ftigat o mul\u0163ime de trofee la fotbal, dar \u015fi \u00een competi\u0163iile de raliu. Via\u0163a i a oferit \u00eens\u0103 \u015fi multe [&hellip;]<\/p>\n","protected":false},"author":3,"featured_media":0,"parent":2697,"menu_order":2,"comment_status":"closed","ping_status":"closed","template":"","meta":{"_acf_changed":false,"footnotes":""},"class_list":["post-2712","page","type-page","status-publish","hentry"],"acf":[],"_links":{"self":[{"href":"https:\/\/www.rarom.ro\/index.php?rest_route=\/wp\/v2\/pages\/2712","targetHints":{"allow":["GET"]}}],"collection":[{"href":"https:\/\/www.rarom.ro\/index.php?rest_route=\/wp\/v2\/pages"}],"about":[{"href":"https:\/\/www.rarom.ro\/index.php?rest_route=\/wp\/v2\/types\/page"}],"author":[{"embeddable":true,"href":"https:\/\/www.rarom.ro\/index.php?rest_route=\/wp\/v2\/users\/3"}],"replies":[{"embeddable":true,"href":"https:\/\/www.rarom.ro\/index.php?rest_route=%2Fwp%2Fv2%2Fcomments&post=2712"}],"version-history":[{"count":1,"href":"https:\/\/www.rarom.ro\/index.php?rest_route=\/wp\/v2\/pages\/2712\/revisions"}],"predecessor-version":[{"id":2713,"href":"https:\/\/www.rarom.ro\/index.php?rest_route=\/wp\/v2\/pages\/2712\/revisions\/2713"}],"up":[{"embeddable":true,"href":"https:\/\/www.rarom.ro\/index.php?rest_route=\/wp\/v2\/pages\/2697"}],"wp:attachment":[{"href":"https:\/\/www.rarom.ro\/index.php?rest_route=%2Fwp%2Fv2%2Fmedia&parent=2712"}],"curies":[{"name":"wp","href":"https:\/\/api.w.org\/{rel}","templated":true}]}}