{"id":2709,"date":"2016-06-06T14:51:41","date_gmt":"2016-06-06T11:51:41","guid":{"rendered":"https:\/\/www.rarom.ro\/?page_id=2709"},"modified":"2016-06-06T14:51:41","modified_gmt":"2016-06-06T11:51:41","slug":"mini-cooper-s-cabrio","status":"publish","type":"page","link":"https:\/\/www.rarom.ro\/?page_id=2709","title":{"rendered":"Mini Cooper S Cabrio"},"content":{"rendered":"<p><strong>Test: Mini Cooper S Cabrio<\/strong><\/p>\n<p><img loading=\"lazy\" decoding=\"async\" class=\"aligncenter size-full wp-image-3017\" src=\"https:\/\/www.rarom.ro\/wp-content\/uploads\/2016\/06\/TestMini_mare216.jpg\" alt=\"TestMini_mare216\" width=\"554\" height=\"330\" \/><\/p>\n<p style=\"text-align: justify;\"><img loading=\"lazy\" decoding=\"async\" class=\"alignleft size-full wp-image-3019\" src=\"https:\/\/www.rarom.ro\/wp-content\/uploads\/2016\/06\/TestMini_pagini216.jpg\" alt=\"TestMini_pagini216\" width=\"250\" height=\"165\" \/>\u00a0Cam at\u00e2t mi-a luat s\u0103-mi readuc aminte c\u0103 \u015fofatul f\u0103r\u0103 un acoperi\u015f deasupra capului este foarte intens&#8230; mai ales c\u00e2nd am privit lucrurile dintr-un unghi de vedere premium. [&#8230;]<\/p>\n<p>&nbsp;<\/p>\n","protected":false},"excerpt":{"rendered":"<p>Test: Mini Cooper S Cabrio \u00a0Cam at\u00e2t mi-a luat s\u0103-mi readuc aminte c\u0103 \u015fofatul f\u0103r\u0103 un acoperi\u015f deasupra capului este foarte intens&#8230; mai ales c\u00e2nd am privit lucrurile dintr-un unghi de vedere premium. [&#8230;] &nbsp;<\/p>\n","protected":false},"author":3,"featured_media":0,"parent":2699,"menu_order":4,"comment_status":"closed","ping_status":"closed","template":"","meta":{"_acf_changed":false,"footnotes":""},"class_list":["post-2709","page","type-page","status-publish","hentry"],"acf":[],"_links":{"self":[{"href":"https:\/\/www.rarom.ro\/index.php?rest_route=\/wp\/v2\/pages\/2709","targetHints":{"allow":["GET"]}}],"collection":[{"href":"https:\/\/www.rarom.ro\/index.php?rest_route=\/wp\/v2\/pages"}],"about":[{"href":"https:\/\/www.rarom.ro\/index.php?rest_route=\/wp\/v2\/types\/page"}],"author":[{"embeddable":true,"href":"https:\/\/www.rarom.ro\/index.php?rest_route=\/wp\/v2\/users\/3"}],"replies":[{"embeddable":true,"href":"https:\/\/www.rarom.ro\/index.php?rest_route=%2Fwp%2Fv2%2Fcomments&post=2709"}],"version-history":[{"count":1,"href":"https:\/\/www.rarom.ro\/index.php?rest_route=\/wp\/v2\/pages\/2709\/revisions"}],"predecessor-version":[{"id":2710,"href":"https:\/\/www.rarom.ro\/index.php?rest_route=\/wp\/v2\/pages\/2709\/revisions\/2710"}],"up":[{"embeddable":true,"href":"https:\/\/www.rarom.ro\/index.php?rest_route=\/wp\/v2\/pages\/2699"}],"wp:attachment":[{"href":"https:\/\/www.rarom.ro\/index.php?rest_route=%2Fwp%2Fv2%2Fmedia&parent=2709"}],"curies":[{"name":"wp","href":"https:\/\/api.w.org\/{rel}","templated":true}]}}