{"id":2707,"date":"2016-06-06T14:50:00","date_gmt":"2016-06-06T11:50:00","guid":{"rendered":"https:\/\/www.rarom.ro\/?page_id=2707"},"modified":"2016-06-06T14:50:00","modified_gmt":"2016-06-06T11:50:00","slug":"mitsubishi-outlander","status":"publish","type":"page","link":"https:\/\/www.rarom.ro\/?page_id=2707","title":{"rendered":"Mitsubishi Outlander"},"content":{"rendered":"<p><strong>Test: Mitsubishi Outlander<\/strong><\/p>\n<p><img loading=\"lazy\" decoding=\"async\" class=\"aligncenter size-full wp-image-3011\" src=\"https:\/\/www.rarom.ro\/wp-content\/uploads\/2016\/06\/TestMitsubishi_mare216.jpg\" alt=\"TestMitsubishi_mare216\" width=\"554\" height=\"330\" \/><\/p>\n<p style=\"text-align: justify;\"><img loading=\"lazy\" decoding=\"async\" class=\"alignleft size-full wp-image-3013\" src=\"https:\/\/www.rarom.ro\/wp-content\/uploads\/2016\/06\/TestMitsubishi_pagini216.jpg\" alt=\"TestMitsubishi_pagini216\" width=\"250\" height=\"165\" \/>\u00a0Dup\u0103 ce a suferit un facelift discret, dar sugestiv, noul Mitsubishi Outlander \u00ee\u015fi etaleaz\u0103 cu \u00eencredere noua \u0163inut\u0103. Ce semn mai bun dec\u00e2t numele &#8222;tatuat&#8221; cu litere de-o \u015fchioap\u0103, fix pe muchia capotei motorului, ar putea argumenta mai bine acest lucru? [&#8230;]<\/p>\n","protected":false},"excerpt":{"rendered":"<p>Test: Mitsubishi Outlander \u00a0Dup\u0103 ce a suferit un facelift discret, dar sugestiv, noul Mitsubishi Outlander \u00ee\u015fi etaleaz\u0103 cu \u00eencredere noua \u0163inut\u0103. Ce semn mai bun dec\u00e2t numele &#8222;tatuat&#8221; cu litere de-o \u015fchioap\u0103, fix pe muchia capotei motorului, ar putea argumenta mai bine acest lucru? [&#8230;]<\/p>\n","protected":false},"author":3,"featured_media":0,"parent":2699,"menu_order":3,"comment_status":"closed","ping_status":"closed","template":"","meta":{"_acf_changed":false,"footnotes":""},"class_list":["post-2707","page","type-page","status-publish","hentry"],"acf":[],"_links":{"self":[{"href":"https:\/\/www.rarom.ro\/index.php?rest_route=\/wp\/v2\/pages\/2707","targetHints":{"allow":["GET"]}}],"collection":[{"href":"https:\/\/www.rarom.ro\/index.php?rest_route=\/wp\/v2\/pages"}],"about":[{"href":"https:\/\/www.rarom.ro\/index.php?rest_route=\/wp\/v2\/types\/page"}],"author":[{"embeddable":true,"href":"https:\/\/www.rarom.ro\/index.php?rest_route=\/wp\/v2\/users\/3"}],"replies":[{"embeddable":true,"href":"https:\/\/www.rarom.ro\/index.php?rest_route=%2Fwp%2Fv2%2Fcomments&post=2707"}],"version-history":[{"count":1,"href":"https:\/\/www.rarom.ro\/index.php?rest_route=\/wp\/v2\/pages\/2707\/revisions"}],"predecessor-version":[{"id":2708,"href":"https:\/\/www.rarom.ro\/index.php?rest_route=\/wp\/v2\/pages\/2707\/revisions\/2708"}],"up":[{"embeddable":true,"href":"https:\/\/www.rarom.ro\/index.php?rest_route=\/wp\/v2\/pages\/2699"}],"wp:attachment":[{"href":"https:\/\/www.rarom.ro\/index.php?rest_route=%2Fwp%2Fv2%2Fmedia&parent=2707"}],"curies":[{"name":"wp","href":"https:\/\/api.w.org\/{rel}","templated":true}]}}