{"id":2703,"date":"2016-06-06T14:45:42","date_gmt":"2016-06-06T11:45:42","guid":{"rendered":"https:\/\/www.rarom.ro\/?page_id=2703"},"modified":"2016-06-06T14:45:42","modified_gmt":"2016-06-06T11:45:42","slug":"bmw-330e","status":"publish","type":"page","link":"https:\/\/www.rarom.ro\/?page_id=2703","title":{"rendered":"BMW 330e"},"content":{"rendered":"<p><strong>Test: BMW 330e<\/strong><\/p>\n<p><img loading=\"lazy\" decoding=\"async\" class=\"aligncenter size-full wp-image-2998\" src=\"https:\/\/www.rarom.ro\/wp-content\/uploads\/2016\/06\/TestBMW_mare216.jpg\" alt=\"TestBMW_mare216\" width=\"554\" height=\"330\" \/><\/p>\n<p style=\"text-align: justify;\"><img loading=\"lazy\" decoding=\"async\" class=\"alignleft size-full wp-image-3000\" src=\"https:\/\/www.rarom.ro\/wp-content\/uploads\/2016\/06\/TestBMW_pagini216.jpg\" alt=\"TestBMW_pagini216\" width=\"250\" height=\"165\" \/><br \/>\n\u00cenchide ochii! Imagineaz\u0103-\u0163i c\u0103 ai o ma\u015fin\u0103 de peste 250 CP. Este a ta. O folose\u015fti zilnic \u00een ora\u015f, cam 50 km. Drumurile astea te cost\u0103 mai pu\u0163in de cinci lei. Acum ie\u015fim din ora\u015f \u015fi ai voie s\u0103 faci o liniu\u0163\u0103. Ajungi la 100 km\/h \u00een 6,1 secunde. Crezi c\u0103 este tot un vis?&#8230; Ce ar fi s\u0103 deschizi ochii \u015fi s\u0103 cite\u015fti despre noul BMW 330E ca s\u0103 vezi cum visele devin, c\u00e2teodat\u0103, realitate. &#8230;evident, pentru al\u0163ii. [&#8230;]<\/p>\n","protected":false},"excerpt":{"rendered":"<p>Test: BMW 330e \u00cenchide ochii! Imagineaz\u0103-\u0163i c\u0103 ai o ma\u015fin\u0103 de peste 250 CP. Este a ta. O folose\u015fti zilnic \u00een ora\u015f, cam 50 km. Drumurile astea te cost\u0103 mai pu\u0163in de cinci lei. Acum ie\u015fim din ora\u015f \u015fi ai voie s\u0103 faci o liniu\u0163\u0103. Ajungi la 100 km\/h \u00een 6,1 secunde. Crezi c\u0103 este [&hellip;]<\/p>\n","protected":false},"author":3,"featured_media":0,"parent":2699,"menu_order":1,"comment_status":"closed","ping_status":"closed","template":"","meta":{"_acf_changed":false,"footnotes":""},"class_list":["post-2703","page","type-page","status-publish","hentry"],"acf":[],"_links":{"self":[{"href":"https:\/\/www.rarom.ro\/index.php?rest_route=\/wp\/v2\/pages\/2703","targetHints":{"allow":["GET"]}}],"collection":[{"href":"https:\/\/www.rarom.ro\/index.php?rest_route=\/wp\/v2\/pages"}],"about":[{"href":"https:\/\/www.rarom.ro\/index.php?rest_route=\/wp\/v2\/types\/page"}],"author":[{"embeddable":true,"href":"https:\/\/www.rarom.ro\/index.php?rest_route=\/wp\/v2\/users\/3"}],"replies":[{"embeddable":true,"href":"https:\/\/www.rarom.ro\/index.php?rest_route=%2Fwp%2Fv2%2Fcomments&post=2703"}],"version-history":[{"count":1,"href":"https:\/\/www.rarom.ro\/index.php?rest_route=\/wp\/v2\/pages\/2703\/revisions"}],"predecessor-version":[{"id":2704,"href":"https:\/\/www.rarom.ro\/index.php?rest_route=\/wp\/v2\/pages\/2703\/revisions\/2704"}],"up":[{"embeddable":true,"href":"https:\/\/www.rarom.ro\/index.php?rest_route=\/wp\/v2\/pages\/2699"}],"wp:attachment":[{"href":"https:\/\/www.rarom.ro\/index.php?rest_route=%2Fwp%2Fv2%2Fmedia&parent=2703"}],"curies":[{"name":"wp","href":"https:\/\/api.w.org\/{rel}","templated":true}]}}