{"id":269,"date":"2015-10-15T13:23:03","date_gmt":"2015-10-15T13:23:03","guid":{"rendered":"https:\/\/www.rarom.ro\/?page_id=269"},"modified":"2026-03-19T15:53:21","modified_gmt":"2026-03-19T13:53:21","slug":"consiliul-de-administratie","status":"publish","type":"page","link":"https:\/\/www.rarom.ro\/?page_id=269","title":{"rendered":"Consiliul de administra\u0163ie"},"content":{"rendered":"\n<figure class=\"wp-block-table is-style-stripes\"><table class=\"has-fixed-layout\"><tbody><tr><td class=\"has-text-align-center\" data-align=\"center\"><strong>Costel Dorin \u0218TEFAN<\/strong><br>Membru neexecutiv definitiv \u0219i <br>pre\u0219edinte CA<br><a href=\"https:\/\/www.rarom.ro\/wp-content\/uploads\/2015\/10\/CV-Stefan-Costel-Dorel.pdf\" target=\"_blank\" rel=\"noopener noreferrer\">Descarc\u0103 CV<\/a><br><br><a href=\"https:\/\/www.rarom.ro\/wp-content\/uploads\/2025\/06\/DA-Stefan-Costel-Dorin-anuala.pdf\" target=\"_blank\" rel=\"noreferrer noopener\">Declara\u021bie de avere<\/a><br><a href=\"https:\/\/www.rarom.ro\/wp-content\/uploads\/2025\/06\/DI-Stefan-Costel-Dorin-anuala.pdf\" target=\"_blank\" rel=\"noreferrer noopener\">Declara\u021bie de interese<\/a><\/td><td><br>Data numire: 09.08.2024<br>Data \u00eencetare: 08.08.2028<br><br>Apartenen\u021ba politic\u0103: neafiliat politic<br><br><em>Remunera\u021bie <\/em>&#8211; p\u00e2n\u0103 la de 2 ori media pe ultimele 12 luni a c\u00e2\u0219tigului salarial mediu brut lunar pentru activitatea desf\u0103\u0219urat\u0103 conform obiectului principal de activitate \u00eenregistrat de regia autonom\u0103, la nivel de clas\u0103, conform clasifica\u021biei activit\u0103\u021bilor din economia na\u021bional\u0103, comunicat de Institutul Na\u021bional de Statistic\u0103 anterior numirii. <br><br><a href=\"https:\/\/www.rarom.ro\/wp-content\/uploads\/2025\/08\/INS-1066_27-01-2025.pdf\" target=\"_blank\" rel=\"noreferrer noopener\">Anex\u0103m INS la data numirii.<\/a><br><br><\/td><\/tr><tr><td class=\"has-text-align-center\" data-align=\"center\"><strong>Petronel CHIRIAC<\/strong><br>Membru neexecutiv definitiv CA<br><a href=\"https:\/\/www.rarom.ro\/wp-content\/uploads\/2024\/08\/CV_Petronel-CHIRIAC.pdf\" target=\"_blank\" rel=\"noreferrer noopener\">Descarc\u0103 CV<\/a><br><br><a href=\"https:\/\/www.rarom.ro\/wp-content\/uploads\/2025\/06\/DA-Chiriac-Petronel-anuala.pdf\" target=\"_blank\" rel=\"noreferrer noopener\">Declara\u021bie de avere<\/a><br><a href=\"https:\/\/www.rarom.ro\/wp-content\/uploads\/2025\/06\/DI-Chiriac-Petronel-anuala.pdf\" target=\"_blank\" rel=\"noreferrer noopener\">Declara\u021bie de interese<\/a><\/td><td><br>Data numire: 09.08.2024<br>Data \u00eencetare: 08.08.2028<br><br>Apartenen\u021ba politic\u0103: neafiliat politic<br><br><em>Remunera\u021bie<\/em> &#8211; p\u00e2n\u0103 la de 2 ori media pe ultimele 12 luni a c\u00e2\u0219tigului salarial mediu brut lunar pentru activitatea desf\u0103\u0219urat\u0103 conform obiectului principal de activitate \u00eenregistrat de regia autonom\u0103, la nivel de clas\u0103, conform clasifica\u021biei activit\u0103\u021bilor din economia na\u021bional\u0103, comunicat de Institutul Na\u021bional de Statistic\u0103 anterior numirii.<br><br><a href=\"https:\/\/www.rarom.ro\/wp-content\/uploads\/2025\/08\/INS-1066_27-01-2025.pdf\" target=\"_blank\" rel=\"noreferrer noopener\">Anex\u0103m INS la data numirii.<\/a><br><br><\/td><\/tr><tr><td class=\"has-text-align-center\" data-align=\"center\"><strong>Bogdan Stelian M\u00ceNDRESCU<\/strong><br>Membru neexecutiv definitiv CA<br><a href=\"https:\/\/www.rarom.ro\/wp-content\/uploads\/2024\/08\/CV_Bogdan-Mindrescu.pdf\" target=\"_blank\" rel=\"noreferrer noopener\">Descarc\u0103 CV<\/a><br><br><a href=\"https:\/\/www.rarom.ro\/wp-content\/uploads\/2025\/06\/DA-Mindrecu-Bogdan-Stelian.pdf\" target=\"_blank\" rel=\"noreferrer noopener\">Declara\u021bie de avere<\/a><br><a href=\"https:\/\/www.rarom.ro\/wp-content\/uploads\/2025\/06\/DI-Mindrescu-Bogdan-Stelian.pdf\" target=\"_blank\" rel=\"noreferrer noopener\">Declara\u021bie de interese<\/a><\/td><td><br>Data numire: 09.08.2024<br>Data \u00eencetare: 08.08.2028<br><br>Apartenen\u021ba politic\u0103: afiliat politic<br><br><em>Remunera\u021bie<\/em> &#8211; p\u00e2n\u0103 la de 2 ori media pe ultimele 12 luni a c\u00e2\u0219tigului salarial mediu brut lunar pentru activitatea desf\u0103\u0219urat\u0103 conform obiectului principal de activitate \u00eenregistrat de regia autonom\u0103, la nivel de clas\u0103, conform clasifica\u021biei activit\u0103\u021bilor din economia na\u021bional\u0103, comunicat de Institutul Na\u021bional de Statistic\u0103 anterior numirii.<br><br><a href=\"https:\/\/www.rarom.ro\/wp-content\/uploads\/2025\/08\/INS-1066_27-01-2025.pdf\" target=\"_blank\" rel=\"noreferrer noopener\">Anex\u0103m INS la data numirii.<\/a><br><br><\/td><\/tr><tr><td class=\"has-text-align-center\" data-align=\"center\"><strong>Ioan Drago\u0219 MORARU<\/strong><br>Membru neexecutiv definitiv CA<br><a href=\"https:\/\/www.rarom.ro\/wp-content\/uploads\/2024\/08\/CV_Dragos-Moraru.pdf\" target=\"_blank\" rel=\"noreferrer noopener\">Descarc\u0103 CV<\/a><br><br><a href=\"https:\/\/www.rarom.ro\/wp-content\/uploads\/2025\/06\/DA-Moraru-Ioan-Dragos.pdf\" target=\"_blank\" rel=\"noreferrer noopener\">Declara\u021bie de avere<\/a><br><a href=\"https:\/\/www.rarom.ro\/wp-content\/uploads\/2025\/06\/DI-Moraru-Ioan-Dragos-anuala.pdf\" target=\"_blank\" rel=\"noreferrer noopener\">Declara\u021bie de interese<\/a><\/td><td><br>Data numire: 09.08.2024<br>Data \u00eencetare: 08.08.2028<br><br>Apartenen\u021ba politic\u0103: neafiliat politic<br><br><em>Remunera\u021bie<\/em> &#8211; p\u00e2n\u0103 la de 2 ori media pe ultimele 12 luni a c\u00e2\u0219tigului salarial mediu brut lunar pentru activitatea desf\u0103\u0219urat\u0103 conform obiectului principal de activitate \u00eenregistrat de regia autonom\u0103, la nivel de clas\u0103, conform clasifica\u021biei activit\u0103\u021bilor din economia na\u021bional\u0103, comunicat de Institutul Na\u021bional de Statistic\u0103 anterior numirii. <br><br><a href=\"https:\/\/www.rarom.ro\/wp-content\/uploads\/2025\/08\/INS-1066_27-01-2025.pdf\" target=\"_blank\" rel=\"noreferrer noopener\">Anex\u0103m INS la data numirii.<\/a><br><br><\/td><\/tr><tr><td class=\"has-text-align-center\" data-align=\"center\"><strong>Cosmin-Lascu\u021b COSTA<\/strong><br>Membru neexecutiv definitiv CA<br><a href=\"https:\/\/www.rarom.ro\/wp-content\/uploads\/2024\/08\/CV_Cosmin-Costa.pdf\" target=\"_blank\" rel=\"noreferrer noopener\">Descarc\u0103 CV<\/a><br><br><a href=\"https:\/\/www.rarom.ro\/wp-content\/uploads\/2025\/06\/DA-Costa-Cosmin-Lascut-anuala.pdf\" target=\"_blank\" rel=\"noreferrer noopener\">Declara\u021bie de avere<\/a><br><a href=\"https:\/\/www.rarom.ro\/wp-content\/uploads\/2025\/06\/DI-Costa-Cosmin-Lascut-anuala.pdf\" target=\"_blank\" rel=\"noreferrer noopener\">Declara\u021bie de interese<\/a><\/td><td><br>Data numire: 09.08.2024<br>Data \u00eencetare: 08.08.2028<br><br>Apartenen\u021ba politic\u0103: afiliat politic<br><br><em>Remunera\u021bie<\/em> &#8211; p\u00e2n\u0103 la de 2 ori media pe ultimele 12 luni a c\u00e2\u0219tigului salarial mediu brut lunar pentru activitatea desf\u0103\u0219urat\u0103 conform obiectului principal de activitate \u00eenregistrat de regia autonom\u0103, la nivel de clas\u0103, conform clasifica\u021biei activit\u0103\u021bilor din economia na\u021bional\u0103, comunicat de Institutul Na\u021bional de Statistic\u0103 anterior numirii.<br> <br><a href=\"https:\/\/www.rarom.ro\/wp-content\/uploads\/2025\/08\/INS-1066_27-01-2025.pdf\" target=\"_blank\" rel=\"noreferrer noopener\">Anex\u0103m INS la data numirii.<\/a><br><br><\/td><\/tr><\/tbody><\/table><\/figure>\n\n\n\n<div style=\"height:50px\" aria-hidden=\"true\" class=\"wp-block-spacer\"><\/div>\n\n\n\n<hr>\n\n\n\n<p><strong>\u00cencetare mandat \u00een perioada 2022-2025<\/strong><\/p>\n\n\n\n<hr>\n\n\n\n<figure class=\"wp-block-table is-style-stripes\"><table class=\"has-fixed-layout\"><thead><tr><th>Nume \u0219i prenume<\/th><th class=\"has-text-align-center\" data-align=\"center\">Calitatea<\/th><th class=\"has-text-align-center\" data-align=\"center\">CV<\/th><\/tr><\/thead><tbody><tr><td>Andrei DOLINEASCHI<\/td><td class=\"has-text-align-center\" data-align=\"center\">membru provizoriu<\/td><td class=\"has-text-align-center\" data-align=\"center\"><a href=\"https:\/\/www.rarom.ro\/wp-content\/uploads\/2015\/10\/CV-Dolineaschi-Andrei.pdf\" target=\"_blank\" rel=\"noreferrer noopener\">Descarc\u0103 CV<\/a><\/td><\/tr><tr><td>Bogdan Stelian M\u00ceNDRESCU<\/td><td class=\"has-text-align-center\" data-align=\"center\">membru provizoriu<\/td><td class=\"has-text-align-center\" data-align=\"center\"><a href=\"https:\/\/www.rarom.ro\/wp-content\/uploads\/2024\/08\/CV_Bogdan-Mindrescu.pdf\" target=\"_blank\" rel=\"noreferrer noopener\">Descarc\u0103 CV<\/a><\/td><\/tr><tr><td>Costel \u2013 Dorin \u0218TEFAN<\/td><td class=\"has-text-align-center\" data-align=\"center\">membru provizoriu<\/td><td class=\"has-text-align-center\" data-align=\"center\"><a href=\"https:\/\/www.rarom.ro\/wp-content\/uploads\/2015\/10\/CV-Stefan-Costel-Dorel.pdf\" target=\"_blank\" rel=\"noreferrer noopener\">Descarc\u0103 CV<\/a><\/td><\/tr><tr><td>Gigi GIURCAN<\/td><td class=\"has-text-align-center\" data-align=\"center\">membru provizoriu<\/td><td class=\"has-text-align-center\" data-align=\"center\"><\/td><\/tr><tr><td>Ioan Narcis CHIS\u0102LI\u021a\u0102<\/td><td class=\"has-text-align-center\" data-align=\"center\">membru provizoriu<\/td><td class=\"has-text-align-center\" data-align=\"center\"><a href=\"https:\/\/www.rarom.ro\/wp-content\/uploads\/2015\/10\/CV-Chisalita-Ioan-Narcis.pdf\" target=\"_blank\" rel=\"noreferrer noopener\">Descarc\u0103 CV<\/a><\/td><\/tr><tr><td>Ion POPA<\/td><td class=\"has-text-align-center\" data-align=\"center\">membru provizoriu<\/td><td class=\"has-text-align-center\" data-align=\"center\"><\/td><\/tr><tr><td>Ion ULICI<\/td><td class=\"has-text-align-center\" data-align=\"center\">membru provizoriu<\/td><td class=\"has-text-align-center\" data-align=\"center\"><a href=\"https:\/\/www.rarom.ro\/?management=ion-ulici\">Descarc\u0103 CV<\/a><\/td><\/tr><tr><td>Marius ZINCA<\/td><td class=\"has-text-align-center\" data-align=\"center\">membru provizoriu<\/td><td class=\"has-text-align-center\" data-align=\"center\"><a href=\"https:\/\/www.rarom.ro\/wp-content\/uploads\/2015\/10\/CV-Marius-Zinca_12012022.pdf\" target=\"_blank\" rel=\"noreferrer noopener\">Descarc\u0103 CV<\/a><\/td><\/tr><tr><td>M\u0103d\u0103lina GHEORGHE<\/td><td class=\"has-text-align-center\" data-align=\"center\">membru provizoriu<\/td><td class=\"has-text-align-center\" data-align=\"center\"><a href=\"https:\/\/www.rarom.ro\/wp-content\/uploads\/2015\/10\/CV-Madalina-Gheorghe-1.pdf\" target=\"_blank\" rel=\"noreferrer noopener\">Descarc\u0103 CV<\/a><\/td><\/tr><tr><td>Nelu \u2013 Vasile BARBU<\/td><td class=\"has-text-align-center\" data-align=\"center\">membru provizoriu<\/td><td class=\"has-text-align-center\" data-align=\"center\"><a href=\"https:\/\/www.rarom.ro\/wp-content\/uploads\/2015\/10\/CV-Barbu-Nelu-Vasile.pdf\" target=\"_blank\" rel=\"noreferrer noopener\">Descarc\u0103 CV<\/a><\/td><\/tr><\/tbody><\/table><\/figure>\n\n\n\n<p><a href=\"https:\/\/www.rarom.ro\/?page_id=1297\"><strong>Declara\u021bii de avere<\/strong> <strong>\u0219i de interese<\/strong><\/a><\/p>\n","protected":false},"excerpt":{"rendered":"<p>Costel Dorin \u0218TEFANMembru neexecutiv definitiv \u0219i pre\u0219edinte CADescarc\u0103 CV Declara\u021bie de avereDeclara\u021bie de interese Data numire: 09.08.2024Data \u00eencetare: 08.08.2028 Apartenen\u021ba politic\u0103: neafiliat politic Remunera\u021bie &#8211; p\u00e2n\u0103 la de 2 ori media pe ultimele 12 luni a c\u00e2\u0219tigului salarial mediu brut lunar pentru activitatea desf\u0103\u0219urat\u0103 conform obiectului principal de activitate \u00eenregistrat de regia autonom\u0103, la nivel [&hellip;]<\/p>\n","protected":false},"author":1,"featured_media":0,"parent":6,"menu_order":3,"comment_status":"closed","ping_status":"closed","template":"","meta":{"_acf_changed":false,"footnotes":""},"class_list":["post-269","page","type-page","status-publish","hentry"],"acf":[],"_links":{"self":[{"href":"https:\/\/www.rarom.ro\/index.php?rest_route=\/wp\/v2\/pages\/269","targetHints":{"allow":["GET"]}}],"collection":[{"href":"https:\/\/www.rarom.ro\/index.php?rest_route=\/wp\/v2\/pages"}],"about":[{"href":"https:\/\/www.rarom.ro\/index.php?rest_route=\/wp\/v2\/types\/page"}],"author":[{"embeddable":true,"href":"https:\/\/www.rarom.ro\/index.php?rest_route=\/wp\/v2\/users\/1"}],"replies":[{"embeddable":true,"href":"https:\/\/www.rarom.ro\/index.php?rest_route=%2Fwp%2Fv2%2Fcomments&post=269"}],"version-history":[{"count":165,"href":"https:\/\/www.rarom.ro\/index.php?rest_route=\/wp\/v2\/pages\/269\/revisions"}],"predecessor-version":[{"id":302328,"href":"https:\/\/www.rarom.ro\/index.php?rest_route=\/wp\/v2\/pages\/269\/revisions\/302328"}],"up":[{"embeddable":true,"href":"https:\/\/www.rarom.ro\/index.php?rest_route=\/wp\/v2\/pages\/6"}],"wp:attachment":[{"href":"https:\/\/www.rarom.ro\/index.php?rest_route=%2Fwp%2Fv2%2Fmedia&parent=269"}],"curies":[{"name":"wp","href":"https:\/\/api.w.org\/{rel}","templated":true}]}}