{"id":2548,"date":"2016-04-27T09:46:24","date_gmt":"2016-04-27T06:46:24","guid":{"rendered":"https:\/\/www.rarom.ro\/?page_id=2548"},"modified":"2016-04-27T09:46:24","modified_gmt":"2016-04-27T06:46:24","slug":"magazin","status":"publish","type":"page","link":"https:\/\/www.rarom.ro\/?page_id=2548","title":{"rendered":"Magazin"},"content":{"rendered":"<p><strong>Cele mai rapide ma\u015fini de serie<\/strong><\/p>\n<p><img loading=\"lazy\" decoding=\"async\" class=\"aligncenter size-full wp-image-2668\" src=\"https:\/\/www.rarom.ro\/wp-content\/uploads\/2016\/04\/Magazin_mare215.jpg\" alt=\"Magazin_mare215\" width=\"730\" height=\"450\" \/><\/p>\n<p style=\"text-align: justify;\"><img loading=\"lazy\" decoding=\"async\" class=\"size-full wp-image-2670 alignleft\" src=\"https:\/\/www.rarom.ro\/wp-content\/uploads\/2016\/04\/Magazin_pagini215.jpg\" alt=\"Magazin_pagini215\" width=\"250\" height=\"165\" \/>Dac\u0103 luna trecut\u0103 am v\u0103zut care sunt cele mai scumpe ma\u015fini de serie din lume, acum este vremea pentru cele mai rapide. Pentru c\u0103 viteza cu care ne deplas\u0103m ne-a fascinat mereu \u015fi am \u00eencercat s\u0103 ne dep\u0103\u015fim \u00eentotdeauna recordurile, trecem \u00een revist\u0103 cinci dintre cele mai rapide automobile de serie din lume. [&#8230;]<\/p>\n<p>&nbsp;<\/p>\n","protected":false},"excerpt":{"rendered":"<p>Cele mai rapide ma\u015fini de serie Dac\u0103 luna trecut\u0103 am v\u0103zut care sunt cele mai scumpe ma\u015fini de serie din lume, acum este vremea pentru cele mai rapide. Pentru c\u0103 viteza cu care ne deplas\u0103m ne-a fascinat mereu \u015fi am \u00eencercat s\u0103 ne dep\u0103\u015fim \u00eentotdeauna recordurile, trecem \u00een revist\u0103 cinci dintre cele mai rapide automobile [&hellip;]<\/p>\n","protected":false},"author":3,"featured_media":0,"parent":2474,"menu_order":4,"comment_status":"closed","ping_status":"closed","template":"","meta":{"_acf_changed":false,"footnotes":""},"class_list":["post-2548","page","type-page","status-publish","hentry"],"acf":[],"_links":{"self":[{"href":"https:\/\/www.rarom.ro\/index.php?rest_route=\/wp\/v2\/pages\/2548","targetHints":{"allow":["GET"]}}],"collection":[{"href":"https:\/\/www.rarom.ro\/index.php?rest_route=\/wp\/v2\/pages"}],"about":[{"href":"https:\/\/www.rarom.ro\/index.php?rest_route=\/wp\/v2\/types\/page"}],"author":[{"embeddable":true,"href":"https:\/\/www.rarom.ro\/index.php?rest_route=\/wp\/v2\/users\/3"}],"replies":[{"embeddable":true,"href":"https:\/\/www.rarom.ro\/index.php?rest_route=%2Fwp%2Fv2%2Fcomments&post=2548"}],"version-history":[{"count":1,"href":"https:\/\/www.rarom.ro\/index.php?rest_route=\/wp\/v2\/pages\/2548\/revisions"}],"predecessor-version":[{"id":2549,"href":"https:\/\/www.rarom.ro\/index.php?rest_route=\/wp\/v2\/pages\/2548\/revisions\/2549"}],"up":[{"embeddable":true,"href":"https:\/\/www.rarom.ro\/index.php?rest_route=\/wp\/v2\/pages\/2474"}],"wp:attachment":[{"href":"https:\/\/www.rarom.ro\/index.php?rest_route=%2Fwp%2Fv2%2Fmedia&parent=2548"}],"curies":[{"name":"wp","href":"https:\/\/api.w.org\/{rel}","templated":true}]}}