{"id":2546,"date":"2016-04-27T09:44:02","date_gmt":"2016-04-27T06:44:02","guid":{"rendered":"https:\/\/www.rarom.ro\/?page_id=2546"},"modified":"2016-04-27T09:44:02","modified_gmt":"2016-04-27T06:44:02","slug":"interviu","status":"publish","type":"page","link":"https:\/\/www.rarom.ro\/?page_id=2546","title":{"rendered":"Interviu"},"content":{"rendered":"<p><strong>Lucian M\u00e2ndru\u0163\u0103<\/strong><\/p>\n<p><img loading=\"lazy\" decoding=\"async\" class=\"aligncenter size-full wp-image-2662\" src=\"https:\/\/www.rarom.ro\/wp-content\/uploads\/2016\/04\/Interviu_mare215.jpg\" alt=\"Interviu_mare215\" width=\"730\" height=\"450\" \/><\/p>\n<p style=\"text-align: justify;\"><img loading=\"lazy\" decoding=\"async\" class=\"size-full wp-image-2664 alignleft\" src=\"https:\/\/www.rarom.ro\/wp-content\/uploads\/2016\/04\/Interviu_pagini215.jpg\" alt=\"Interviu_pagini215\" width=\"250\" height=\"165\" \/>Rar \u00eent\u00e2lne\u015fti un om care conduce \u00een aceea\u015fi zi avionul, ma\u015fina, iahtul \u015fi apoi mai face \u015fi o plimbare cu bicicleta. Lucian M\u00e2ndru\u0163\u0103 este unul dintre ei. A\u015fa c\u0103 nu am ratat ocazia s\u0103-i lu\u0103m un interviu. Ne-am \u00eent\u00e2lnit la radio, chiar dup\u0103 &#8222;Interactiv&#8221;, emisiunea pe care Lucian M\u00e2ndru\u0163\u0103 o realizeaz\u0103 la Digi FM \u015fi \u00een care \u00a0dezbate, \u00eempreun\u0103 cu ascult\u0103torii, cele mai arz\u0103toare probleme ale societ\u0103\u0163ii rom\u00e2ne\u015fti. [&#8230;]<\/p>\n<p>&nbsp;<\/p>\n","protected":false},"excerpt":{"rendered":"<p>Lucian M\u00e2ndru\u0163\u0103 Rar \u00eent\u00e2lne\u015fti un om care conduce \u00een aceea\u015fi zi avionul, ma\u015fina, iahtul \u015fi apoi mai face \u015fi o plimbare cu bicicleta. Lucian M\u00e2ndru\u0163\u0103 este unul dintre ei. A\u015fa c\u0103 nu am ratat ocazia s\u0103-i lu\u0103m un interviu. Ne-am \u00eent\u00e2lnit la radio, chiar dup\u0103 &#8222;Interactiv&#8221;, emisiunea pe care Lucian M\u00e2ndru\u0163\u0103 o realizeaz\u0103 la Digi [&hellip;]<\/p>\n","protected":false},"author":3,"featured_media":0,"parent":2474,"menu_order":3,"comment_status":"closed","ping_status":"closed","template":"","meta":{"_acf_changed":false,"footnotes":""},"class_list":["post-2546","page","type-page","status-publish","hentry"],"acf":[],"_links":{"self":[{"href":"https:\/\/www.rarom.ro\/index.php?rest_route=\/wp\/v2\/pages\/2546","targetHints":{"allow":["GET"]}}],"collection":[{"href":"https:\/\/www.rarom.ro\/index.php?rest_route=\/wp\/v2\/pages"}],"about":[{"href":"https:\/\/www.rarom.ro\/index.php?rest_route=\/wp\/v2\/types\/page"}],"author":[{"embeddable":true,"href":"https:\/\/www.rarom.ro\/index.php?rest_route=\/wp\/v2\/users\/3"}],"replies":[{"embeddable":true,"href":"https:\/\/www.rarom.ro\/index.php?rest_route=%2Fwp%2Fv2%2Fcomments&post=2546"}],"version-history":[{"count":1,"href":"https:\/\/www.rarom.ro\/index.php?rest_route=\/wp\/v2\/pages\/2546\/revisions"}],"predecessor-version":[{"id":2547,"href":"https:\/\/www.rarom.ro\/index.php?rest_route=\/wp\/v2\/pages\/2546\/revisions\/2547"}],"up":[{"embeddable":true,"href":"https:\/\/www.rarom.ro\/index.php?rest_route=\/wp\/v2\/pages\/2474"}],"wp:attachment":[{"href":"https:\/\/www.rarom.ro\/index.php?rest_route=%2Fwp%2Fv2%2Fmedia&parent=2546"}],"curies":[{"name":"wp","href":"https:\/\/api.w.org\/{rel}","templated":true}]}}