{"id":254,"date":"2015-10-15T12:29:55","date_gmt":"2015-10-15T12:29:55","guid":{"rendered":"https:\/\/www.rarom.ro\/?page_id=254"},"modified":"2025-08-13T09:29:50","modified_gmt":"2025-08-13T06:29:50","slug":"programari","status":"publish","type":"page","link":"https:\/\/www.rarom.ro\/?page_id=254","title":{"rendered":"Program\u0103ri"},"content":{"rendered":"\n<p><\/p>\n\n\n\n<p><strong><span style=\"color: #ff0000;\">IMPORTANT!<\/span> Se aplic\u0103 \u00een toate reprezentan\u021bele RAR, \u00een baza prevederilor Ordonan\u021bei de Urgen\u021b\u0103 a Guvernului nr.120\/2021<\/strong><\/p>\n\n\n\n<p>\u00cencep\u00e2nd din <strong>25.07.2022,<\/strong> Registrul Auto Rom\u00e2n va elibera cartea de identitate a unui vehicul utilizat (CIV) provenit din spa\u021biul UE doar achizitorului intracomunitar, adic\u0103 persoanei fizice sau juridice care a dob\u00e2ndit autovehiculul dintr-o \u021bar\u0103 membr\u0103 UE \u0219i care este men\u021bionat\u0103 \u00een documentele de achizi\u021bie.<\/p>\n\n\n\n<p>Solicitantul CIV (sau \u00eemputernicitul legal al acestuia) va prezenta la RAR \u0219i documentele de achizi\u021bie intracomunitar\u0103 (de exemplu: factur\u0103 sau contract de v\u00e2nzare-cump\u0103rare).<\/p>\n\n\n\n<p>Documentele de achizi\u021bie pot fi prezentate \u00een original sau \u00een copie, dar trebuie s\u0103 fie lizibile, av\u00e2nd \u00een vedere obliga\u021bia legal\u0103 ca acestea s\u0103 fie scanate de angaja\u021bii RAR \u0219i transmise \u00een format digital c\u0103tre ANAF, care poate decide suspendarea eliber\u0103rii CIV pentru cel mult 5 zile.<\/p>\n\n\n\n<p><em>Pentru detalii suplimentare,<\/em> accesa\u021bi acest&nbsp;<strong><a href=\"https:\/\/www.rarom.ro\/?page_id=13524\">link<\/a>.<\/strong><\/p>\n\n\n\n<hr class=\"wp-block-separator has-alpha-channel-opacity\"\/>\n\n\n\n<p><strong>Registrul Auto Rom\u00e2n<\/strong>&nbsp;v\u0103 pune la dispozi\u0163ie aceast\u0103 modalitate prin care:<\/p>\n\n\n\n<ul class=\"wp-block-list\">\n<li>verifica\u0163i dac\u0103 ave\u0163i o programare valid\u0103<\/li>\n\n\n\n<li>ob\u0163ine\u0163i, simplu \u015fi direct, o programare la R.A.R.<\/li>\n<\/ul>\n\n\n\n<p><strong><span style=\"color: #ff0000;\">ANULARE PROGRAM\u0102RI:<\/span><\/strong>&nbsp;\u00cencep\u00e2nd cu data de 05.02.2020, program\u0103rile ob\u021binute pentru activit\u0103\u021bile pe care le presteaz\u0103 Registrul Auto Rom\u00e2n&nbsp;<span style=\"color: #ff0000;\">NU MAI POT FI ANULATE \/ MODIFICATE \/ COMPLETATE.<\/span><\/p>\n\n\n\n<p><em>M\u0103sura a fost luat\u0103 \u00een favoarea tuturor clien\u021bilor, care astfel vor avea acces facil \u0219i nediscriminatoriu la sistemul de program\u0103ri gestionat de Registrul Auto Rom\u00e2n.<\/em><\/p>\n\n\n\n<p>Iat\u0103 care sunt pa\u0219ii pe care trebuie s\u0103-i urma\u021bi pentru a ob\u021bine o programare la Registrul Auto Rom\u00e2n:<\/p>\n\n\n\n<p>1. furnizarea datelor necesare (este necesar s\u0103 ave\u021bi la \u00eendem\u00e2n\u0103 documentele vehiculului);<br>2. alegerea zilei \u015fi orei preferate;<br>3. ob\u0163inerea num\u0103rului de programare.<\/p>\n\n\n\n<p class=\"has-text-align-left\"><strong><span style=\"color: #ff0000;\">IMPORTANT!<\/span><\/strong><\/p>\n\n\n\n<p>V\u0103 rug\u0103m s\u0103 furniza\u021bi cu aten\u021bie \u0219i \u00een mod corect informa\u021biile solicitate, inclusiv intervalul de timp ales, pentru ob\u021binerea program\u0103rii. \u00cen cazul \u00een care detaliile comunicate <strong>NU<\/strong> sunt corecte \u015fi complete, ne rezerv\u0103m dreptul de a refuza efectuarea presta\u0163iei.<\/p>\n\n\n\n<p>V\u0103 inform\u0103m c\u0103 ave\u021bi la dispozi\u021bie \u0219i posibilitatea efectu\u0103rii unei program\u0103ri direct pe site-ul Registrului Auto Rom\u00e2n, caz \u00een care v\u0103 rug\u0103m s\u0103 selecta\u0163i cu aten\u0163ie activitatea dorit\u0103 \u015fi categoria vehiculului, \u00een func\u0163ie de masa maxim\u0103 autorizat\u0103 a acestuia. Programarea este efectuat\u0103 cu succes atunci c\u00e2nd ob\u0163ine\u0163i <strong>num\u0103rul program\u0103rii,<\/strong> care apare pe ultima pagin\u0103, \u00eempreun\u0103 cu data \u015fi <strong>intervalul orar programat.<\/strong><\/p>\n\n\n\n<p><strong>Program\u0103rile online<\/strong>&nbsp;se fac ap\u0103s\u00e2nd butonul de mai jos:<\/p>\n\n\n<div class=\"wp-bootstrap-blocks-button\">\n\t<a\n\t\thref=\"https:\/\/portal.rarom.ro\/rar-public\/appointment\"\n\t\t\t\t\ttarget=\"_blank\"\n\t\t\t\t\t\t\trel=\"noreferrer noopener\"\n\t\t\t\tclass=\"btn btn-primary\"\n\t>\n\t\tProgramare Online\t<\/a>\n<\/div>\n\n\n\n<div style=\"height:30px\" aria-hidden=\"true\" class=\"wp-block-spacer\"><\/div>\n\n\n\n<p class=\"has-text-align-left\"><strong>Verific\u0103rile program\u0103rilor<\/strong>&nbsp;efectuate&nbsp;se fac ap\u0103s\u00e2nd butonul de mai jos:<\/p>\n\n\n<div class=\"wp-bootstrap-blocks-button\">\n\t<a\n\t\thref=\"https:\/\/portal.rarom.ro\/rar-public\/appointment-verification\"\n\t\t\t\t\ttarget=\"_blank\"\n\t\t\t\t\t\t\trel=\"noreferrer noopener\"\n\t\t\t\tclass=\"btn btn-primary\"\n\t>\n\t\tVerificare programare\t<\/a>\n<\/div>\n\n\n\n<div style=\"height:30px\" aria-hidden=\"true\" class=\"wp-block-spacer\"><\/div>\n\n\n\n<p class=\"has-text-align-left\"><strong><span style=\"color: #ff0000;\">ATEN\u021aIE!<\/span><\/strong><\/p>\n\n\n\n<p><strong>Intervalul \u00een care v-a\u021bi programat<\/strong> reprezint\u0103 perioada de timp \u00een care v\u0103 este permis accesul cu vehiculul \u00een curtea reprezentan\u021bei RAR, \u00een vederea ini\u021bierii activit\u0103\u021bii. Durata de efectuare a presta\u021biei depinde de complexitatea acesteia.<\/p>\n\n\n\n<p><strong>Nerespectarea datei \u0219i orei<\/strong> <strong>de prezentare <\/strong>\u00eenscrise pe biletul de programare <strong>atrage dup\u0103 sine anularea program\u0103rii<\/strong>.<\/p>\n\n\n\n<p>Nota\u0163i cu grij\u0103 <strong>num\u0103rul program\u0103rii,<\/strong> deoarece dup\u0103 acesta ve\u0163i fi identifica\u021bi la data la care v\u0103 prezenta\u021bi la RAR pentru efectuarea activit\u0103\u0163ii.<\/p>\n\n\n\n<p>Vehiculele prezentate la ITP trebuie s\u0103 fie <strong>curate,<\/strong> \u00een special caroseria, \u0219asiul, ansamblurile \u0219i subansamblurile ce urmeaz\u0103 s\u0103 fie controlate. Ele trebuie prezentate cu anvelope umflate la presiunea nominal\u0103.<\/p>\n\n\n\n<hr class=\"wp-block-separator has-alpha-channel-opacity\"\/>\n\n\n\n<p><a href=\"https:\/\/www.rarom.ro\/?page_id=7340\"><strong>Prelucrarea datelor cu caracter personal<\/strong><\/a><\/p>\n\n\n\n<hr class=\"wp-block-separator has-alpha-channel-opacity\"\/>\n\n\n\n<h3 class=\"wp-block-heading\">&nbsp;<\/h3>\n\n\n\n<p class=\"has-text-align-left\">Program\u0103rile telefonice pentru toate reprezentan\u0163ele din \u0163ar\u0103&nbsp;se vor face<\/p>\n\n\n\n<p><strong>NUMAI<\/strong> la num\u0103rul <span style=\"font-size: large;\"><strong>021\/9672<br><\/strong><\/span><em>(*tarif normal RCS &amp; RDS<\/em>)<\/p>\n\n\n\n<p><strong>Luni &#8211; Joi:&nbsp;<\/strong>8:00 &#8211; 16:30<br><strong>Vineri:<\/strong> 8:00 &#8211; 14:00<\/p>\n\n\n\n<p class=\"has-text-align-left\"><em>* Tariful standard este de 0.01Euro\/minut<\/em><\/p>\n","protected":false},"excerpt":{"rendered":"<p>IMPORTANT! Se aplic\u0103 \u00een toate reprezentan\u021bele RAR, \u00een baza prevederilor Ordonan\u021bei de Urgen\u021b\u0103 a Guvernului nr.120\/2021 \u00cencep\u00e2nd din 25.07.2022, Registrul Auto Rom\u00e2n va elibera cartea de identitate a unui vehicul utilizat (CIV) provenit din spa\u021biul UE doar achizitorului intracomunitar, adic\u0103 persoanei fizice sau juridice care a dob\u00e2ndit autovehiculul dintr-o \u021bar\u0103 membr\u0103 UE \u0219i care este [&hellip;]<\/p>\n","protected":false},"author":1,"featured_media":0,"parent":292121,"menu_order":4,"comment_status":"closed","ping_status":"closed","template":"","meta":{"_acf_changed":false,"footnotes":""},"class_list":["post-254","page","type-page","status-publish","hentry"],"acf":[],"_links":{"self":[{"href":"https:\/\/www.rarom.ro\/index.php?rest_route=\/wp\/v2\/pages\/254","targetHints":{"allow":["GET"]}}],"collection":[{"href":"https:\/\/www.rarom.ro\/index.php?rest_route=\/wp\/v2\/pages"}],"about":[{"href":"https:\/\/www.rarom.ro\/index.php?rest_route=\/wp\/v2\/types\/page"}],"author":[{"embeddable":true,"href":"https:\/\/www.rarom.ro\/index.php?rest_route=\/wp\/v2\/users\/1"}],"replies":[{"embeddable":true,"href":"https:\/\/www.rarom.ro\/index.php?rest_route=%2Fwp%2Fv2%2Fcomments&post=254"}],"version-history":[{"count":50,"href":"https:\/\/www.rarom.ro\/index.php?rest_route=\/wp\/v2\/pages\/254\/revisions"}],"predecessor-version":[{"id":301392,"href":"https:\/\/www.rarom.ro\/index.php?rest_route=\/wp\/v2\/pages\/254\/revisions\/301392"}],"up":[{"embeddable":true,"href":"https:\/\/www.rarom.ro\/index.php?rest_route=\/wp\/v2\/pages\/292121"}],"wp:attachment":[{"href":"https:\/\/www.rarom.ro\/index.php?rest_route=%2Fwp%2Fv2%2Fmedia&parent=254"}],"curies":[{"name":"wp","href":"https:\/\/api.w.org\/{rel}","templated":true}]}}