{"id":2528,"date":"2016-04-27T09:23:53","date_gmt":"2016-04-27T06:23:53","guid":{"rendered":"https:\/\/www.rarom.ro\/?page_id=2528"},"modified":"2016-04-27T09:26:28","modified_gmt":"2016-04-27T06:26:28","slug":"ford-ranger","status":"publish","type":"page","link":"https:\/\/www.rarom.ro\/?page_id=2528","title":{"rendered":"Ford Ranger"},"content":{"rendered":"<p><strong>Test: Ford Ranger<\/strong><\/p>\n<p><img loading=\"lazy\" decoding=\"async\" class=\"aligncenter size-full wp-image-2619\" src=\"https:\/\/www.rarom.ro\/wp-content\/uploads\/2016\/04\/TestFord_mare215.jpg\" alt=\"TestFord_mare215\" width=\"730\" height=\"450\" \/><\/p>\n<p style=\"text-align: justify;\"><img loading=\"lazy\" decoding=\"async\" class=\"size-full wp-image-2631 alignleft\" src=\"https:\/\/www.rarom.ro\/wp-content\/uploads\/2016\/04\/TestFord_pagini215.jpg\" alt=\"TestFord_pagini215\" width=\"250\" height=\"165\" \/>Citeam prin jurnale \u00eendep\u0103rtate, de pe la antipozi, c\u0103 Ford Ranger se b\u0103tea de la egal la egal cu japonezii de la Toyota \u00een clasa pickup-urilor mici \u015fi c\u0103 \u00eentr-o anumit\u0103 lun\u0103 chiar le-au ar\u0103tat stopurile&#8230; \u015fi apoi mi-a picat o \u00eentrebare \u00een moalele \u00een\u0163elegerii: cum adic\u0103 pick-up mic?!?&#8230; mai ales dup\u0103 ce am avut de-a face cu ultimul avatar al lui Ranger. OK, mi-am spus cu \u00eendoial\u0103, \u015fi atunci Duster pick-up ce este? [&#8230;]<\/p>\n","protected":false},"excerpt":{"rendered":"<p>Test: Ford Ranger Citeam prin jurnale \u00eendep\u0103rtate, de pe la antipozi, c\u0103 Ford Ranger se b\u0103tea de la egal la egal cu japonezii de la Toyota \u00een clasa pickup-urilor mici \u015fi c\u0103 \u00eentr-o anumit\u0103 lun\u0103 chiar le-au ar\u0103tat stopurile&#8230; \u015fi apoi mi-a picat o \u00eentrebare \u00een moalele \u00een\u0163elegerii: cum adic\u0103 pick-up mic?!?&#8230; mai ales dup\u0103 [&hellip;]<\/p>\n","protected":false},"author":3,"featured_media":0,"parent":2526,"menu_order":1,"comment_status":"closed","ping_status":"closed","template":"","meta":{"_acf_changed":false,"footnotes":""},"class_list":["post-2528","page","type-page","status-publish","hentry"],"acf":[],"_links":{"self":[{"href":"https:\/\/www.rarom.ro\/index.php?rest_route=\/wp\/v2\/pages\/2528","targetHints":{"allow":["GET"]}}],"collection":[{"href":"https:\/\/www.rarom.ro\/index.php?rest_route=\/wp\/v2\/pages"}],"about":[{"href":"https:\/\/www.rarom.ro\/index.php?rest_route=\/wp\/v2\/types\/page"}],"author":[{"embeddable":true,"href":"https:\/\/www.rarom.ro\/index.php?rest_route=\/wp\/v2\/users\/3"}],"replies":[{"embeddable":true,"href":"https:\/\/www.rarom.ro\/index.php?rest_route=%2Fwp%2Fv2%2Fcomments&post=2528"}],"version-history":[{"count":1,"href":"https:\/\/www.rarom.ro\/index.php?rest_route=\/wp\/v2\/pages\/2528\/revisions"}],"predecessor-version":[{"id":2529,"href":"https:\/\/www.rarom.ro\/index.php?rest_route=\/wp\/v2\/pages\/2528\/revisions\/2529"}],"up":[{"embeddable":true,"href":"https:\/\/www.rarom.ro\/index.php?rest_route=\/wp\/v2\/pages\/2526"}],"wp:attachment":[{"href":"https:\/\/www.rarom.ro\/index.php?rest_route=%2Fwp%2Fv2%2Fmedia&parent=2528"}],"curies":[{"name":"wp","href":"https:\/\/api.w.org\/{rel}","templated":true}]}}