{"id":240,"date":"2015-10-15T09:36:27","date_gmt":"2015-10-15T09:36:27","guid":{"rendered":"https:\/\/www.rarom.ro\/?page_id=240"},"modified":"2025-10-22T09:19:38","modified_gmt":"2025-10-22T06:19:38","slug":"formulare-necesare","status":"publish","type":"page","link":"https:\/\/www.rarom.ro\/?page_id=240","title":{"rendered":"Formulare necesare"},"content":{"rendered":"\n<p>\u00cen dorin\u0163a de a u\u015fura c\u00e2t mai mult comunicarea cu Dumneavoastr\u0103, solicitan\u0163ii activit\u0103\u0163ilor sau serviciilor noastre, c\u00e2t \u015fi de a scurta timpul de rezolvare a lucr\u0103rilor pe care le efectu\u0103m, am creat posibilitatea acces\u0103rii rapide a formularelor care trebuie completate pentru eliberarea certificatelor, autoriza\u0163iilor sau atestatelor necesare desf\u0103\u015fur\u0103rii activit\u0103\u0163ii prestate.<\/p>\n\n\n\n<p>Eliberarea de certificate sau autoriza\u0163ii necesit\u0103 c\u0103 etapa ini\u0163ial\u0103 \u00eentocmirea unor dosare, const\u00e2nd \u00een formulare completate cu datele Dumneavoastr\u0103, formulare pe care le desc\u0103rca\u0163i din cadrul activit\u0103\u0163ii pentru care solicita\u0163i autoriza\u0163ie, omologare, certificare sau atestare. Dup\u0103 desc\u0103rcare, aceste formulare trebuie completate cu datele necesare, iar dup\u0103 completare (\u015fi uneori \u00eentocmirea unui &#8222;dosar&#8221;) urmeaz\u0103 expedierea lor c\u0103tre serviciul care va prelucra datele \u015fi va ini\u0163ia procedura care se va finaliza prin eliberarea certificatului, atestatului sau autoriza\u0163iei pe care le solicita\u0163i.<\/p>\n\n\n\n<p>\u00cen momentul de fa\u0163\u0103 asigur\u0103m primirea formularelor prezentate \u00een paginile urm\u0103toare (dup\u0103 imprimare\/printare \u015fi completare), <strong>pe cale electronic\u0103 prin e-mail<\/strong> c\u0103 ata\u015famente la scrisori trimise la adresele specificate, <strong>prin fax<\/strong> la numerele indicate pentru fiecare activitate \u015fi <strong>prin depunere personal\u0103<\/strong> sau transmitere <strong>prin po\u015ft\u0103<\/strong> la sediile reprezentan\u0163elor jude\u0163ene ale R.A.R., iar \u00een Bucure\u015fti la sediul central. Localizarea sediului reprezentan\u0163ei jude\u0163ene se face vizit\u00e2nd pagina &#8222;<a href=\"https:\/\/www.rarom.ro\/?page_id=16\">Contact<\/a>&#8221; din partea de sus a site-ului RAR.<\/p>\n\n\n\n<p>Deoarece dorim \u00een continuare \u00eembun\u0103t\u0103\u0163irea modului de acces la formulare, p\u0103rerea dumneavoastr\u0103 privind aceast\u0103 sec\u0163iune a site-ului este deosebit de important\u0103 pentru noi. De aceea p\u0103rerile, opiniile, sugestiile pe care le ave\u0163i le a\u015ftept\u0103m cu deosebit interes la adresa: <a href=\"mailto:office@rarom.ro\" target=\"_blank\" rel=\"noopener noreferrer\">office@rarom.ro<\/a>.<\/p>\n\n\n\n<hr>\n\n\n\n<p><strong><span style=\"color: #394f8b;\">ALTE TIPURI DE DOCUMENTE NECESARE<\/span><\/strong><\/p>\n\n\n\n<hr>\n\n\n\n<p><a href=\"https:\/\/www.rarom.ro\/?page_id=14933\"><strong>CERERE ACTIVITATE RAR<\/strong><\/a><\/p>\n\n\n\n<p>Activitatile efectuate la reprezentan\u021bele RAR sunt condi\u0163ionate de completarea de c\u0103tre solicitant a formularului&nbsp;<em>\u201eCerere activitate RAR\u201d<\/em>&nbsp;cu date privind identitatea sa, a vehiculului \u015fi a de\u0163in\u0103torului acestuia.<\/p>\n\n\n\n<p><strong><a href=\"https:\/\/www.rarom.ro\/?page_id=301445\">Documente de reprezentare omolog\u0103ri individuale<\/a><\/strong> (DOIIT)<br>Direc\u021bia de Omolog\u0103ri Individuale \u015fi Inspec\u0163ii Tehnice (denumit \u00een continuare DOIIT) reprezint\u0103 acea entitate a Registrului Auto Rom\u00e2n ale c\u0103rei activit\u0103\u0163i se adreseaz\u0103 \u2013 a\u015fa dup\u0103 cum sugereaz\u0103 \u015fi titulatura \u2013 \u00een mod particular fiec\u0103rui vehicul rutier, ceea ce presupune c\u0103 \u00een majoritatea cov\u00e2r\u015fitoare a cazurilor este necesar\u0103 identificarea vehiculului.<\/p>\n\n\n\n<p><strong><a href=\"?page_id=733\">Certificare\/\u00cenregistrare \u015fi Autorizare<\/a><\/strong><br>RAR-OCS \u00ee\u015fi desf\u0103\u015foar\u0103 activitatea \u00een conformitate cu Hot\u0103r\u00e2rea Guvernului nr. 768\/1991, modificat\u0103 \u015fi completat\u0103 prin Hot\u0103r\u00e2rea Guvernului nr. 650\/1994 \u015fi republicat\u0103.<\/p>\n\n\n\n<p><a href=\"https:\/\/www.rarom.ro\/?page_id=756\"><strong>Omologare \u0219i Certificare<\/strong><\/a><br>Direc\u0163ia General\u0103 Omologare de Tip \u015fi Certificare Produse este responsabil\u0103 de toate aspectele omolog\u0103rii de tip acordate unui vehicul, sistem, component\u0103 sau unitate tehnic\u0103 separat\u0103, de procesul de autorizare pentru piese \u0219i echipamente, de acordarea omolog\u0103rii \u0219i, dup\u0103 caz, de retragerea sau refuzul de a acorda omologarea de tip, de leg\u0103tura cu autorit\u0103\u0163ile de omologare ale celorlalte state membre, de desemnarea serviciilor tehnice \u0219i de asigurarea respect\u0103rii de c\u0103tre produc\u0103tor a obliga\u0163iilor \u00een materie de conformitate a produc\u0163iei.<\/p>\n\n\n\n<p><a href=\"https:\/\/www.rarom.ro\/?page_id=296467\"><strong>\u00cencerc\u0103ri<\/strong><\/a><br>Direc\u021bia \u00cencerc\u0103ri este responsabil\u0103 pentru activit\u0103\u021bile de \u00eencercare, inspec\u021bie \u0219i verificare a vehiculelor desf\u0103\u0219urate la centrele tehnice RAR din Voluntari (Ilfov) \u0219i Meri\u0219ani (Arge\u0219). Activit\u0103\u021bile includ evaluarea siguran\u021bei generale a vehiculelor, emisiilor poluante, consumului de combustibil \u0219i sistemelor ADAS \u00een condi\u021bii controlate din laborator, pe pista de \u00eencerc\u0103ri sau \u00een condi\u021bii reale de trafic.<\/p>\n\n\n\n<p><strong><a href=\"?page_id=768\">Poluare \u015fi Consultan\u0163\u0103 Tehnic\u0103<\/a><\/strong><br>Consultan\u0163a tehnic\u0103 pentru persoanele fizice \u015fi juridice \u00een vederea stabilirii:<br>1. gradului de poluare chimic\u0103 pentru autovehicule;<br>2. acceptului schimb\u0103rii caroseriei\/\u015fasiului la un vehicul omologat\/\u00eenmatriculat \u00een Rom\u00e2nia;<br>3. acceptului schimb\u0103rii motorului la un vehicul omologat\/\u00eenmatriculat \u00een Rom\u00e2nia.<\/p>\n\n\n\n<p><strong><a href=\"?page_id=770\">Atest\u0103ri personal<\/a><\/strong><br>Desf\u0103\u015furarea de c\u0103tre operatorii economici a anumitor activit\u0103\u0163i \u00een domeniul vehiculelor rutiere este condi\u0163ionat\u0103 de existen\u0163a unui personal care s\u0103 fie atestat de c\u0103tre RAR.<\/p>\n\n\n\n<p><strong><a href=\"?page_id=776\">Certificat de Inspec\u0163ie Tehnic\u0103 Periodic\u0103<\/a><\/strong><br>Introducerea Certificatului de Inspec\u0163ie Tehnic\u0103 Periodic\u0103 a fost prev\u0103zut\u0103 prin OG nr. 6\/25.01.2012, data de intrare \u00een vigoare a acestei obliga\u0163ii, 31 decembrie 2013, fiind prev\u0103zut\u0103 prin OMTI nr. 1.107\/29.06.2012.<\/p>\n\n\n\n<p>Eliberarea obligatorie, pentru prima dat\u0103, a unui Certificat de Inspec\u0163ie Tehnic\u0103 Periodic\u0103, precum \u015fi data intr\u0103rii \u00een vigoare a acestei obliga\u0163ii au fost prev\u0103zute \u00een cadrul Directivei 2010\/48\/UE de adaptare la progresul tehnic a Directivei 2009\/40\/CE a Parlamentului European \u015fi a Consiliului privind inspec\u0163ia tehnic\u0103 auto pentru autovehicule \u015fi remorcile acestora. Ulterior, Directiva 2014\/45\/UE privind inspec\u0163ia tehnic\u0103 periodic\u0103 a autovehiculelor \u015fi a remorcilor acestora \u015fi de abrogare a Directivei 2009\/40\/CE men\u0163ine obliga\u0163ia eliber\u0103rii unui certificat de inspec\u0163ie tehnic\u0103 periodic\u0103 con\u0163in\u00e2nd cel pu\u0163in elementele standardizate aferente codurilor armonizate ale Uniunii prev\u0103zute \u00een Anexa II la directiv\u0103. Prevederile legisla\u0163iei europene sunt transpuse corespunz\u0103tor \u00een legisla\u0163ia na\u0163ional\u0103 specific\u0103.<\/p>\n\n\n\n<p><strong><a href=\"https:\/\/www.rarom.ro\/?page_id=301671\" data-type=\"link\" data-id=\"https:\/\/www.rarom.ro\/?page_id=301671\">Resurse Umane<\/a><\/strong><\/p>\n","protected":false},"excerpt":{"rendered":"<p>\u00cen dorin\u0163a de a u\u015fura c\u00e2t mai mult comunicarea cu Dumneavoastr\u0103, solicitan\u0163ii activit\u0103\u0163ilor sau serviciilor noastre, c\u00e2t \u015fi de a scurta timpul de rezolvare a lucr\u0103rilor pe care le efectu\u0103m, am creat posibilitatea acces\u0103rii rapide a formularelor care trebuie completate pentru eliberarea certificatelor, autoriza\u0163iilor sau atestatelor necesare desf\u0103\u015fur\u0103rii activit\u0103\u0163ii prestate. Eliberarea de certificate sau autoriza\u0163ii [&hellip;]<\/p>\n","protected":false},"author":1,"featured_media":0,"parent":0,"menu_order":0,"comment_status":"closed","ping_status":"closed","template":"","meta":{"_acf_changed":false,"footnotes":""},"class_list":["post-240","page","type-page","status-publish","hentry"],"acf":[],"_links":{"self":[{"href":"https:\/\/www.rarom.ro\/index.php?rest_route=\/wp\/v2\/pages\/240","targetHints":{"allow":["GET"]}}],"collection":[{"href":"https:\/\/www.rarom.ro\/index.php?rest_route=\/wp\/v2\/pages"}],"about":[{"href":"https:\/\/www.rarom.ro\/index.php?rest_route=\/wp\/v2\/types\/page"}],"author":[{"embeddable":true,"href":"https:\/\/www.rarom.ro\/index.php?rest_route=\/wp\/v2\/users\/1"}],"replies":[{"embeddable":true,"href":"https:\/\/www.rarom.ro\/index.php?rest_route=%2Fwp%2Fv2%2Fcomments&post=240"}],"version-history":[{"count":17,"href":"https:\/\/www.rarom.ro\/index.php?rest_route=\/wp\/v2\/pages\/240\/revisions"}],"predecessor-version":[{"id":301675,"href":"https:\/\/www.rarom.ro\/index.php?rest_route=\/wp\/v2\/pages\/240\/revisions\/301675"}],"wp:attachment":[{"href":"https:\/\/www.rarom.ro\/index.php?rest_route=%2Fwp%2Fv2%2Fmedia&parent=240"}],"curies":[{"name":"wp","href":"https:\/\/api.w.org\/{rel}","templated":true}]}}