{"id":2338,"date":"2016-04-01T10:26:10","date_gmt":"2016-04-01T07:26:10","guid":{"rendered":"https:\/\/www.rarom.ro\/?page_id=2338"},"modified":"2016-04-01T10:26:10","modified_gmt":"2016-04-01T07:26:10","slug":"design","status":"publish","type":"page","link":"https:\/\/www.rarom.ro\/?page_id=2338","title":{"rendered":"Design"},"content":{"rendered":"<p><strong>ARO<\/strong><\/p>\n<p><img loading=\"lazy\" decoding=\"async\" class=\"aligncenter size-full wp-image-2463\" src=\"https:\/\/www.rarom.ro\/wp-content\/uploads\/2016\/04\/Design_mare214.jpg\" alt=\"Design_mare214\" width=\"730\" height=\"450\" \/><\/p>\n<p><img loading=\"lazy\" decoding=\"async\" class=\"size-full wp-image-2465 alignleft\" src=\"https:\/\/www.rarom.ro\/wp-content\/uploads\/2016\/04\/Design_pagini214.jpg\" alt=\"Design_pagini214\" width=\"250\" height=\"165\" \/>\u00a0Imagina\u0163i-v\u0103 c\u0103 v\u0103 preg\u0103ti\u0163i s\u0103 merge\u0163i \u00een vacan\u0163\u0103 la mare, chiar dac\u0103 suntem la \u00eenceputul prim\u0103verii. Dar nu s\u0103 locui\u0163i la un hotel de cinci stele ci \u00een propria ma\u015fin\u0103, tocmai ca s\u0103 ave\u0163i libertate deplin\u0103 de mi\u015fcare. V\u0103 g\u00e2ndi\u0163i c\u0103 un van ar fi o alegere \u00een\u0163eleapt\u0103. Dar dac\u0103 scrie pe el AMG? [&#8230;]<\/p>\n","protected":false},"excerpt":{"rendered":"<p>ARO \u00a0Imagina\u0163i-v\u0103 c\u0103 v\u0103 preg\u0103ti\u0163i s\u0103 merge\u0163i \u00een vacan\u0163\u0103 la mare, chiar dac\u0103 suntem la \u00eenceputul prim\u0103verii. Dar nu s\u0103 locui\u0163i la un hotel de cinci stele ci \u00een propria ma\u015fin\u0103, tocmai ca s\u0103 ave\u0163i libertate deplin\u0103 de mi\u015fcare. V\u0103 g\u00e2ndi\u0163i c\u0103 un van ar fi o alegere \u00een\u0163eleapt\u0103. Dar dac\u0103 scrie pe el AMG? [&hellip;]<\/p>\n","protected":false},"author":3,"featured_media":0,"parent":2247,"menu_order":5,"comment_status":"closed","ping_status":"closed","template":"","meta":{"_acf_changed":false,"footnotes":""},"class_list":["post-2338","page","type-page","status-publish","hentry"],"acf":[],"_links":{"self":[{"href":"https:\/\/www.rarom.ro\/index.php?rest_route=\/wp\/v2\/pages\/2338","targetHints":{"allow":["GET"]}}],"collection":[{"href":"https:\/\/www.rarom.ro\/index.php?rest_route=\/wp\/v2\/pages"}],"about":[{"href":"https:\/\/www.rarom.ro\/index.php?rest_route=\/wp\/v2\/types\/page"}],"author":[{"embeddable":true,"href":"https:\/\/www.rarom.ro\/index.php?rest_route=\/wp\/v2\/users\/3"}],"replies":[{"embeddable":true,"href":"https:\/\/www.rarom.ro\/index.php?rest_route=%2Fwp%2Fv2%2Fcomments&post=2338"}],"version-history":[{"count":1,"href":"https:\/\/www.rarom.ro\/index.php?rest_route=\/wp\/v2\/pages\/2338\/revisions"}],"predecessor-version":[{"id":2339,"href":"https:\/\/www.rarom.ro\/index.php?rest_route=\/wp\/v2\/pages\/2338\/revisions\/2339"}],"up":[{"embeddable":true,"href":"https:\/\/www.rarom.ro\/index.php?rest_route=\/wp\/v2\/pages\/2247"}],"wp:attachment":[{"href":"https:\/\/www.rarom.ro\/index.php?rest_route=%2Fwp%2Fv2%2Fmedia&parent=2338"}],"curies":[{"name":"wp","href":"https:\/\/api.w.org\/{rel}","templated":true}]}}