{"id":2332,"date":"2016-04-01T10:21:51","date_gmt":"2016-04-01T07:21:51","guid":{"rendered":"https:\/\/www.rarom.ro\/?page_id=2332"},"modified":"2016-04-01T10:21:51","modified_gmt":"2016-04-01T07:21:51","slug":"eveniment","status":"publish","type":"page","link":"https:\/\/www.rarom.ro\/?page_id=2332","title":{"rendered":"Eveniment"},"content":{"rendered":"<p><strong>Renault Megane<\/strong><\/p>\n<p><img loading=\"lazy\" decoding=\"async\" class=\"aligncenter size-full wp-image-2445\" src=\"https:\/\/www.rarom.ro\/wp-content\/uploads\/2016\/04\/Eveniment_mare214.jpg\" alt=\"Eveniment_mare214\" width=\"730\" height=\"450\" \/><\/p>\n<p><img loading=\"lazy\" decoding=\"async\" class=\"size-full wp-image-2447 alignleft\" src=\"https:\/\/www.rarom.ro\/wp-content\/uploads\/2016\/04\/Eveniment_pagini214.jpg\" alt=\"Eveniment_pagini214\" width=\"250\" height=\"165\" \/>\u00a0Dup\u0103 20 de ani de la apari\u0163ie, Renault Megane r\u0103m\u00e2ne unul dintre juc\u0103torii importan\u0163i de pe pia\u0163a noastr\u0103. Lansat\u0103 anul trecut la Frankfurt, cea de-a patra genera\u0163ie Megane vine cu ambi\u0163ii mari pe un t\u0103r\u00e2m feroce cum este segmentul compact unde are parte de adversari de talia lui Ford Focus, Peugeot 308, VW Golf sau Kia Ceed. [&#8230;]<\/p>\n","protected":false},"excerpt":{"rendered":"<p>Renault Megane \u00a0Dup\u0103 20 de ani de la apari\u0163ie, Renault Megane r\u0103m\u00e2ne unul dintre juc\u0103torii importan\u0163i de pe pia\u0163a noastr\u0103. Lansat\u0103 anul trecut la Frankfurt, cea de-a patra genera\u0163ie Megane vine cu ambi\u0163ii mari pe un t\u0103r\u00e2m feroce cum este segmentul compact unde are parte de adversari de talia lui Ford Focus, Peugeot 308, VW [&hellip;]<\/p>\n","protected":false},"author":3,"featured_media":0,"parent":2247,"menu_order":2,"comment_status":"closed","ping_status":"closed","template":"","meta":{"_acf_changed":false,"footnotes":""},"class_list":["post-2332","page","type-page","status-publish","hentry"],"acf":[],"_links":{"self":[{"href":"https:\/\/www.rarom.ro\/index.php?rest_route=\/wp\/v2\/pages\/2332","targetHints":{"allow":["GET"]}}],"collection":[{"href":"https:\/\/www.rarom.ro\/index.php?rest_route=\/wp\/v2\/pages"}],"about":[{"href":"https:\/\/www.rarom.ro\/index.php?rest_route=\/wp\/v2\/types\/page"}],"author":[{"embeddable":true,"href":"https:\/\/www.rarom.ro\/index.php?rest_route=\/wp\/v2\/users\/3"}],"replies":[{"embeddable":true,"href":"https:\/\/www.rarom.ro\/index.php?rest_route=%2Fwp%2Fv2%2Fcomments&post=2332"}],"version-history":[{"count":1,"href":"https:\/\/www.rarom.ro\/index.php?rest_route=\/wp\/v2\/pages\/2332\/revisions"}],"predecessor-version":[{"id":2333,"href":"https:\/\/www.rarom.ro\/index.php?rest_route=\/wp\/v2\/pages\/2332\/revisions\/2333"}],"up":[{"embeddable":true,"href":"https:\/\/www.rarom.ro\/index.php?rest_route=\/wp\/v2\/pages\/2247"}],"wp:attachment":[{"href":"https:\/\/www.rarom.ro\/index.php?rest_route=%2Fwp%2Fv2%2Fmedia&parent=2332"}],"curies":[{"name":"wp","href":"https:\/\/api.w.org\/{rel}","templated":true}]}}