{"id":2330,"date":"2016-04-01T10:19:37","date_gmt":"2016-04-01T07:19:37","guid":{"rendered":"https:\/\/www.rarom.ro\/?page_id=2330"},"modified":"2016-04-01T10:19:37","modified_gmt":"2016-04-01T07:19:37","slug":"opel-mokka","status":"publish","type":"page","link":"https:\/\/www.rarom.ro\/?page_id=2330","title":{"rendered":"Opel Mokka"},"content":{"rendered":"<p><strong>Test: Opel Mokka<\/strong><\/p>\n<p><img loading=\"lazy\" decoding=\"async\" class=\"aligncenter size-full wp-image-2442\" src=\"https:\/\/www.rarom.ro\/wp-content\/uploads\/2016\/04\/TestOpel_mare214.jpg\" alt=\"TestOpel_mare214\" width=\"730\" height=\"450\" \/><\/p>\n<p><img loading=\"lazy\" decoding=\"async\" class=\"size-full wp-image-2473 alignleft\" src=\"https:\/\/www.rarom.ro\/wp-content\/uploads\/2016\/04\/TestOpel_pagini214.jpg\" alt=\"TestOpel_pagini214\" width=\"250\" height=\"165\" \/><\/p>\n<p>Un crossover urban de clas\u0103 mic\u0103 poate p\u0103rea ceva inadecvat condi\u0163iilor specifice de rulare \u00een care vorbim de str\u0103zi, semafoare, intersec\u0163ii \u015fi agen\u0163i de circula\u0163ie. Dar de z\u0103pad\u0103, borduri, ploaie \u015fi gropi \u00een asfalt a uitat cineva? [&#8230;]<\/p>\n<p>&nbsp;<\/p>\n","protected":false},"excerpt":{"rendered":"<p>Test: Opel Mokka Un crossover urban de clas\u0103 mic\u0103 poate p\u0103rea ceva inadecvat condi\u0163iilor specifice de rulare \u00een care vorbim de str\u0103zi, semafoare, intersec\u0163ii \u015fi agen\u0163i de circula\u0163ie. Dar de z\u0103pad\u0103, borduri, ploaie \u015fi gropi \u00een asfalt a uitat cineva? [&#8230;] &nbsp;<\/p>\n","protected":false},"author":3,"featured_media":0,"parent":2251,"menu_order":4,"comment_status":"closed","ping_status":"closed","template":"","meta":{"_acf_changed":false,"footnotes":""},"class_list":["post-2330","page","type-page","status-publish","hentry"],"acf":[],"_links":{"self":[{"href":"https:\/\/www.rarom.ro\/index.php?rest_route=\/wp\/v2\/pages\/2330","targetHints":{"allow":["GET"]}}],"collection":[{"href":"https:\/\/www.rarom.ro\/index.php?rest_route=\/wp\/v2\/pages"}],"about":[{"href":"https:\/\/www.rarom.ro\/index.php?rest_route=\/wp\/v2\/types\/page"}],"author":[{"embeddable":true,"href":"https:\/\/www.rarom.ro\/index.php?rest_route=\/wp\/v2\/users\/3"}],"replies":[{"embeddable":true,"href":"https:\/\/www.rarom.ro\/index.php?rest_route=%2Fwp%2Fv2%2Fcomments&post=2330"}],"version-history":[{"count":1,"href":"https:\/\/www.rarom.ro\/index.php?rest_route=\/wp\/v2\/pages\/2330\/revisions"}],"predecessor-version":[{"id":2331,"href":"https:\/\/www.rarom.ro\/index.php?rest_route=\/wp\/v2\/pages\/2330\/revisions\/2331"}],"up":[{"embeddable":true,"href":"https:\/\/www.rarom.ro\/index.php?rest_route=\/wp\/v2\/pages\/2251"}],"wp:attachment":[{"href":"https:\/\/www.rarom.ro\/index.php?rest_route=%2Fwp%2Fv2%2Fmedia&parent=2330"}],"curies":[{"name":"wp","href":"https:\/\/api.w.org\/{rel}","templated":true}]}}