{"id":2156,"date":"2016-03-02T11:39:35","date_gmt":"2016-03-02T09:39:35","guid":{"rendered":"https:\/\/www.rarom.ro\/?page_id=2156"},"modified":"2016-03-02T11:39:35","modified_gmt":"2016-03-02T09:39:35","slug":"prezentare","status":"publish","type":"page","link":"https:\/\/www.rarom.ro\/?page_id=2156","title":{"rendered":"Prezentare"},"content":{"rendered":"<h3>AMG Marco Polo<\/h3>\n<h3><img loading=\"lazy\" decoding=\"async\" class=\"alignleft size-full wp-image-2193\" src=\"\/wp-content\/uploads\/2016\/03\/Prezentare-mare.jpg\" alt=\"Der neue Marco Polo ACTIVITY \u2013 220 CDI \/ The New Marco Polo AC\" width=\"730\" height=\"450\" \/><\/h3>\n<p><img loading=\"lazy\" decoding=\"async\" class=\"alignleft size-full wp-image-2196\" src=\"\/wp-content\/uploads\/2016\/03\/Prezentare-pagini.jpg\" alt=\"Prezentare-pagini\" width=\"250\" height=\"165\" \/><\/p>\n<p>Imagina\u0163i-v\u0103 c\u0103 v\u0103 preg\u0103ti\u0163i s\u0103 merge\u0163i \u00een vacan\u0163\u0103 la mare, chiar dac\u0103 suntem la \u00eenceputul prim\u0103verii. Dar nu s\u0103 locui\u0163i la un hotel de cinci stele ci \u00een propria ma\u015fin\u0103, tocmai ca s\u0103 ave\u0163i libertate deplin\u0103 de mi\u015fcare. V\u0103 g\u00e2ndi\u0163i c\u0103 un van ar fi o alegere \u00een\u0163eleapt\u0103. Dar dac\u0103 scrie pe el AMG? [&#8230;]<\/p>\n","protected":false},"excerpt":{"rendered":"<p>AMG Marco Polo Imagina\u0163i-v\u0103 c\u0103 v\u0103 preg\u0103ti\u0163i s\u0103 merge\u0163i \u00een vacan\u0163\u0103 la mare, chiar dac\u0103 suntem la \u00eenceputul prim\u0103verii. Dar nu s\u0103 locui\u0163i la un hotel de cinci stele ci \u00een propria ma\u015fin\u0103, tocmai ca s\u0103 ave\u0163i libertate deplin\u0103 de mi\u015fcare. V\u0103 g\u00e2ndi\u0163i c\u0103 un van ar fi o alegere \u00een\u0163eleapt\u0103. Dar dac\u0103 scrie pe [&hellip;]<\/p>\n","protected":false},"author":3,"featured_media":0,"parent":2084,"menu_order":4,"comment_status":"closed","ping_status":"closed","template":"","meta":{"_acf_changed":false,"footnotes":""},"class_list":["post-2156","page","type-page","status-publish","hentry"],"acf":[],"_links":{"self":[{"href":"https:\/\/www.rarom.ro\/index.php?rest_route=\/wp\/v2\/pages\/2156","targetHints":{"allow":["GET"]}}],"collection":[{"href":"https:\/\/www.rarom.ro\/index.php?rest_route=\/wp\/v2\/pages"}],"about":[{"href":"https:\/\/www.rarom.ro\/index.php?rest_route=\/wp\/v2\/types\/page"}],"author":[{"embeddable":true,"href":"https:\/\/www.rarom.ro\/index.php?rest_route=\/wp\/v2\/users\/3"}],"replies":[{"embeddable":true,"href":"https:\/\/www.rarom.ro\/index.php?rest_route=%2Fwp%2Fv2%2Fcomments&post=2156"}],"version-history":[{"count":1,"href":"https:\/\/www.rarom.ro\/index.php?rest_route=\/wp\/v2\/pages\/2156\/revisions"}],"predecessor-version":[{"id":2157,"href":"https:\/\/www.rarom.ro\/index.php?rest_route=\/wp\/v2\/pages\/2156\/revisions\/2157"}],"up":[{"embeddable":true,"href":"https:\/\/www.rarom.ro\/index.php?rest_route=\/wp\/v2\/pages\/2084"}],"wp:attachment":[{"href":"https:\/\/www.rarom.ro\/index.php?rest_route=%2Fwp%2Fv2%2Fmedia&parent=2156"}],"curies":[{"name":"wp","href":"https:\/\/api.w.org\/{rel}","templated":true}]}}