{"id":2150,"date":"2016-03-02T11:35:04","date_gmt":"2016-03-02T09:35:04","guid":{"rendered":"https:\/\/www.rarom.ro\/?page_id=2150"},"modified":"2016-03-02T11:35:04","modified_gmt":"2016-03-02T09:35:04","slug":"ford-mondeo","status":"publish","type":"page","link":"https:\/\/www.rarom.ro\/?page_id=2150","title":{"rendered":"Ford Mondeo"},"content":{"rendered":"<h3>Test: Ford Mondeo<\/h3>\n<h3><img loading=\"lazy\" decoding=\"async\" class=\"aligncenter size-full wp-image-2245\" src=\"\/wp-content\/uploads\/2016\/03\/TestFord_mare213.jpg\" alt=\"TestFord_mare213\" width=\"730\" height=\"450\" \/><\/h3>\n<p><img loading=\"lazy\" decoding=\"async\" class=\"alignleft size-full wp-image-2247\" src=\"\/wp-content\/uploads\/2016\/03\/TestFord_pagini213.jpg\" alt=\"TestFord_pagini213\" width=\"250\" height=\"165\" \/><\/p>\n<p>Nici c\u0103 se putea s\u0103 am parte de un scenariu mai potrivit pentru a testa un Ford Mondeo cu trac\u0163iune integral\u0103: temperaturi de zero grade, cea\u0163\u0103, chiciur\u0103 \u015fi un drum de peste 500 km. [&#8230;]<\/p>\n<p>&nbsp;<\/p>\n","protected":false},"excerpt":{"rendered":"<p>Test: Ford Mondeo Nici c\u0103 se putea s\u0103 am parte de un scenariu mai potrivit pentru a testa un Ford Mondeo cu trac\u0163iune integral\u0103: temperaturi de zero grade, cea\u0163\u0103, chiciur\u0103 \u015fi un drum de peste 500 km. [&#8230;] &nbsp;<\/p>\n","protected":false},"author":3,"featured_media":0,"parent":2088,"menu_order":5,"comment_status":"closed","ping_status":"closed","template":"","meta":{"_acf_changed":false,"footnotes":""},"class_list":["post-2150","page","type-page","status-publish","hentry"],"acf":[],"_links":{"self":[{"href":"https:\/\/www.rarom.ro\/index.php?rest_route=\/wp\/v2\/pages\/2150","targetHints":{"allow":["GET"]}}],"collection":[{"href":"https:\/\/www.rarom.ro\/index.php?rest_route=\/wp\/v2\/pages"}],"about":[{"href":"https:\/\/www.rarom.ro\/index.php?rest_route=\/wp\/v2\/types\/page"}],"author":[{"embeddable":true,"href":"https:\/\/www.rarom.ro\/index.php?rest_route=\/wp\/v2\/users\/3"}],"replies":[{"embeddable":true,"href":"https:\/\/www.rarom.ro\/index.php?rest_route=%2Fwp%2Fv2%2Fcomments&post=2150"}],"version-history":[{"count":1,"href":"https:\/\/www.rarom.ro\/index.php?rest_route=\/wp\/v2\/pages\/2150\/revisions"}],"predecessor-version":[{"id":2151,"href":"https:\/\/www.rarom.ro\/index.php?rest_route=\/wp\/v2\/pages\/2150\/revisions\/2151"}],"up":[{"embeddable":true,"href":"https:\/\/www.rarom.ro\/index.php?rest_route=\/wp\/v2\/pages\/2088"}],"wp:attachment":[{"href":"https:\/\/www.rarom.ro\/index.php?rest_route=%2Fwp%2Fv2%2Fmedia&parent=2150"}],"curies":[{"name":"wp","href":"https:\/\/api.w.org\/{rel}","templated":true}]}}