{"id":2148,"date":"2016-03-02T11:33:04","date_gmt":"2016-03-02T09:33:04","guid":{"rendered":"https:\/\/www.rarom.ro\/?page_id=2148"},"modified":"2016-03-02T11:33:04","modified_gmt":"2016-03-02T09:33:04","slug":"land-rover-defender-60th-anniversary","status":"publish","type":"page","link":"https:\/\/www.rarom.ro\/?page_id=2148","title":{"rendered":"Land Rover Defender 60th Anniversary"},"content":{"rendered":"<h3>Test: Land Rover Defender 60th Anniversary<\/h3>\n<p><img loading=\"lazy\" decoding=\"async\" class=\"aligncenter size-full wp-image-2239\" src=\"\/wp-content\/uploads\/2016\/03\/TestLandRover_mare213.jpg\" alt=\"TestLandRover_mare213\" width=\"730\" height=\"450\" \/><\/p>\n<p><img loading=\"lazy\" decoding=\"async\" class=\"alignleft size-full wp-image-2241\" src=\"\/wp-content\/uploads\/2016\/03\/TestLandRover_pagini213.jpg\" alt=\"TestLandRover_pagini213\" width=\"250\" height=\"165\" \/><\/p>\n<p>Land Rover Defender este \u015fi va r\u0103m\u00e2ne o piatr\u0103 de hotar \u00een istoria offroad. Atunci c\u00e2nd am aflat vestea c\u0103 modelul Land Rover Defender, simbolul offroad-erilor din Marea Britanie \u015fi nu numai, va fi scos din produc\u0163ie \u00eencep\u00e2nd cu 2016, din cauza restric\u0163iilor UE, am tr\u0103it o senza\u0163ie ciudat\u0103. Parc\u0103 urm\u0103ream o \u015ftire despre o specie care a disp\u0103rut \u00een decursul vie\u0163ii noastre. [&#8230;]<\/p>\n","protected":false},"excerpt":{"rendered":"<p>Test: Land Rover Defender 60th Anniversary Land Rover Defender este \u015fi va r\u0103m\u00e2ne o piatr\u0103 de hotar \u00een istoria offroad. Atunci c\u00e2nd am aflat vestea c\u0103 modelul Land Rover Defender, simbolul offroad-erilor din Marea Britanie \u015fi nu numai, va fi scos din produc\u0163ie \u00eencep\u00e2nd cu 2016, din cauza restric\u0163iilor UE, am tr\u0103it o senza\u0163ie ciudat\u0103. [&hellip;]<\/p>\n","protected":false},"author":3,"featured_media":0,"parent":2088,"menu_order":4,"comment_status":"closed","ping_status":"closed","template":"","meta":{"_acf_changed":false,"footnotes":""},"class_list":["post-2148","page","type-page","status-publish","hentry"],"acf":[],"_links":{"self":[{"href":"https:\/\/www.rarom.ro\/index.php?rest_route=\/wp\/v2\/pages\/2148","targetHints":{"allow":["GET"]}}],"collection":[{"href":"https:\/\/www.rarom.ro\/index.php?rest_route=\/wp\/v2\/pages"}],"about":[{"href":"https:\/\/www.rarom.ro\/index.php?rest_route=\/wp\/v2\/types\/page"}],"author":[{"embeddable":true,"href":"https:\/\/www.rarom.ro\/index.php?rest_route=\/wp\/v2\/users\/3"}],"replies":[{"embeddable":true,"href":"https:\/\/www.rarom.ro\/index.php?rest_route=%2Fwp%2Fv2%2Fcomments&post=2148"}],"version-history":[{"count":1,"href":"https:\/\/www.rarom.ro\/index.php?rest_route=\/wp\/v2\/pages\/2148\/revisions"}],"predecessor-version":[{"id":2149,"href":"https:\/\/www.rarom.ro\/index.php?rest_route=\/wp\/v2\/pages\/2148\/revisions\/2149"}],"up":[{"embeddable":true,"href":"https:\/\/www.rarom.ro\/index.php?rest_route=\/wp\/v2\/pages\/2088"}],"wp:attachment":[{"href":"https:\/\/www.rarom.ro\/index.php?rest_route=%2Fwp%2Fv2%2Fmedia&parent=2148"}],"curies":[{"name":"wp","href":"https:\/\/api.w.org\/{rel}","templated":true}]}}