{"id":2098,"date":"2016-03-02T11:30:34","date_gmt":"2016-03-02T09:30:34","guid":{"rendered":"https:\/\/www.rarom.ro\/?page_id=2098"},"modified":"2016-03-02T11:30:34","modified_gmt":"2016-03-02T09:30:34","slug":"mercedes-benz-c-class","status":"publish","type":"page","link":"https:\/\/www.rarom.ro\/?page_id=2098","title":{"rendered":"Mercedes-Benz C-Class"},"content":{"rendered":"<h3>Test: Mercedes-Benz C-Class<\/h3>\n<h3><img loading=\"lazy\" decoding=\"async\" class=\"aligncenter size-full wp-image-2222\" src=\"\/wp-content\/uploads\/2016\/03\/TestMercedes_mare213.jpg\" alt=\"TestMercedes_mare213\" width=\"730\" height=\"450\" \/><\/h3>\n<p><img loading=\"lazy\" decoding=\"async\" class=\"alignleft size-full wp-image-2224\" src=\"\/wp-content\/uploads\/2016\/03\/TestMercedes_pagini213.jpg\" alt=\"TestMercedes_pagini213\" width=\"250\" height=\"165\" \/>Metamorfoza modelelor Mercedes din ultima perioad\u0103 promoveaz\u0103 o imagine proasp\u0103t\u0103, \u00eentinerit\u0103, sub care descoperi ADN-ul unei m\u0103rci a c\u0103rei evolu\u0163ie s-a axat pe un mix irepro\u015fabil \u00eentre mecanica de calitate, interioarele luxoase \u015fi performan\u0163ele dinamice de top. Ast\u0103zi, datorit\u0103 acestei metamorfoze, te po\u0163i bucura de acest mix premium cu mult \u00eenainte de ajunge s\u0103 te r\u0103sfe\u0163i \u00eentr-un S-Class. [&#8230;]<\/p>\n","protected":false},"excerpt":{"rendered":"<p>Test: Mercedes-Benz C-Class Metamorfoza modelelor Mercedes din ultima perioad\u0103 promoveaz\u0103 o imagine proasp\u0103t\u0103, \u00eentinerit\u0103, sub care descoperi ADN-ul unei m\u0103rci a c\u0103rei evolu\u0163ie s-a axat pe un mix irepro\u015fabil \u00eentre mecanica de calitate, interioarele luxoase \u015fi performan\u0163ele dinamice de top. Ast\u0103zi, datorit\u0103 acestei metamorfoze, te po\u0163i bucura de acest mix premium cu mult \u00eenainte de [&hellip;]<\/p>\n","protected":false},"author":3,"featured_media":0,"parent":2088,"menu_order":2,"comment_status":"closed","ping_status":"closed","template":"","meta":{"_acf_changed":false,"footnotes":""},"class_list":["post-2098","page","type-page","status-publish","hentry"],"acf":[],"_links":{"self":[{"href":"https:\/\/www.rarom.ro\/index.php?rest_route=\/wp\/v2\/pages\/2098","targetHints":{"allow":["GET"]}}],"collection":[{"href":"https:\/\/www.rarom.ro\/index.php?rest_route=\/wp\/v2\/pages"}],"about":[{"href":"https:\/\/www.rarom.ro\/index.php?rest_route=\/wp\/v2\/types\/page"}],"author":[{"embeddable":true,"href":"https:\/\/www.rarom.ro\/index.php?rest_route=\/wp\/v2\/users\/3"}],"replies":[{"embeddable":true,"href":"https:\/\/www.rarom.ro\/index.php?rest_route=%2Fwp%2Fv2%2Fcomments&post=2098"}],"version-history":[{"count":1,"href":"https:\/\/www.rarom.ro\/index.php?rest_route=\/wp\/v2\/pages\/2098\/revisions"}],"predecessor-version":[{"id":2145,"href":"https:\/\/www.rarom.ro\/index.php?rest_route=\/wp\/v2\/pages\/2098\/revisions\/2145"}],"up":[{"embeddable":true,"href":"https:\/\/www.rarom.ro\/index.php?rest_route=\/wp\/v2\/pages\/2088"}],"wp:attachment":[{"href":"https:\/\/www.rarom.ro\/index.php?rest_route=%2Fwp%2Fv2%2Fmedia&parent=2098"}],"curies":[{"name":"wp","href":"https:\/\/api.w.org\/{rel}","templated":true}]}}