{"id":1984,"date":"2016-02-04T14:57:33","date_gmt":"2016-02-04T12:57:33","guid":{"rendered":"https:\/\/www.rarom.ro\/?page_id=1984"},"modified":"2016-02-04T14:57:33","modified_gmt":"2016-02-04T12:57:33","slug":"istorie","status":"publish","type":"page","link":"https:\/\/www.rarom.ro\/?page_id=1984","title":{"rendered":"Istorie"},"content":{"rendered":"<h3>Goggomobil<\/h3>\n<p><a href=\"https:\/\/www.rarom.ro\/wp-content\/uploads\/2016\/02\/Istorie_mare212.jpg\"><img loading=\"lazy\" decoding=\"async\" class=\"alignleft size-full wp-image-1985\" src=\"https:\/\/www.rarom.ro\/wp-content\/uploads\/2016\/02\/Istorie_mare212.jpg\" alt=\"Istorie_mare212\" width=\"730\" height=\"450\" srcset=\"https:\/\/www.rarom.ro\/wp-content\/uploads\/2016\/02\/Istorie_mare212.jpg 730w, https:\/\/www.rarom.ro\/wp-content\/uploads\/2016\/02\/Istorie_mare212-300x185.jpg 300w\" sizes=\"auto, (max-width: 730px) 100vw, 730px\" \/><\/a><\/p>\n<p><a href=\"https:\/\/www.rarom.ro\/wp-content\/uploads\/2016\/02\/Istorie_pagini212.jpg\"><img loading=\"lazy\" decoding=\"async\" class=\"alignleft size-full wp-image-1987\" src=\"https:\/\/www.rarom.ro\/wp-content\/uploads\/2016\/02\/Istorie_pagini212.jpg\" alt=\"Istorie_pagini212\" width=\"250\" height=\"165\" \/><\/a>O marc\u0103 auto ce avea s\u0103 fie \u00eenglobat\u0103 de BMW a produs o ma\u015fin\u0103 cu nume simpatic: Goggomobil. Acest mic automobil fabricat \u00een anii \u201950 de Glas este azi o raritate cunoscut\u0103 doar de colec\u0163ionari. [&#8230;]<\/p>\n<p>&nbsp;<\/p>\n","protected":false},"excerpt":{"rendered":"<p>Goggomobil O marc\u0103 auto ce avea s\u0103 fie \u00eenglobat\u0103 de BMW a produs o ma\u015fin\u0103 cu nume simpatic: Goggomobil. Acest mic automobil fabricat \u00een anii \u201950 de Glas este azi o raritate cunoscut\u0103 doar de colec\u0163ionari. [&#8230;] &nbsp;<\/p>\n","protected":false},"author":2,"featured_media":0,"parent":1932,"menu_order":4,"comment_status":"closed","ping_status":"closed","template":"","meta":{"_acf_changed":false,"footnotes":""},"class_list":["post-1984","page","type-page","status-publish","hentry"],"acf":[],"_links":{"self":[{"href":"https:\/\/www.rarom.ro\/index.php?rest_route=\/wp\/v2\/pages\/1984","targetHints":{"allow":["GET"]}}],"collection":[{"href":"https:\/\/www.rarom.ro\/index.php?rest_route=\/wp\/v2\/pages"}],"about":[{"href":"https:\/\/www.rarom.ro\/index.php?rest_route=\/wp\/v2\/types\/page"}],"author":[{"embeddable":true,"href":"https:\/\/www.rarom.ro\/index.php?rest_route=\/wp\/v2\/users\/2"}],"replies":[{"embeddable":true,"href":"https:\/\/www.rarom.ro\/index.php?rest_route=%2Fwp%2Fv2%2Fcomments&post=1984"}],"version-history":[{"count":1,"href":"https:\/\/www.rarom.ro\/index.php?rest_route=\/wp\/v2\/pages\/1984\/revisions"}],"predecessor-version":[{"id":1989,"href":"https:\/\/www.rarom.ro\/index.php?rest_route=\/wp\/v2\/pages\/1984\/revisions\/1989"}],"up":[{"embeddable":true,"href":"https:\/\/www.rarom.ro\/index.php?rest_route=\/wp\/v2\/pages\/1932"}],"wp:attachment":[{"href":"https:\/\/www.rarom.ro\/index.php?rest_route=%2Fwp%2Fv2%2Fmedia&parent=1984"}],"curies":[{"name":"wp","href":"https:\/\/api.w.org\/{rel}","templated":true}]}}