{"id":175,"date":"2015-10-14T15:56:10","date_gmt":"2015-10-14T15:56:10","guid":{"rendered":"https:\/\/www.rarom.ro\/?page_id=175"},"modified":"2025-12-19T09:30:24","modified_gmt":"2025-12-19T07:30:24","slug":"birou-de-presa","status":"publish","type":"page","link":"https:\/\/www.rarom.ro\/?page_id=175","title":{"rendered":"Biroul de pres\u0103"},"content":{"rendered":"\n<p>Jurnali\u015ftii sunt ruga\u0163i s\u0103 trimit\u0103 un mail pe adresa&nbsp;<a href=\"mailto:roxana.dima@rarom.ro\" target=\"_blank\" rel=\"noreferrer noopener\">roxana.dima@rarom.ro<\/a>, pentru orice informa\u0163ie pe care doresc s\u0103 o ob\u0163in\u0103 (e-mailul s\u0103 con\u0163in\u0103 \u00eentreb\u0103ri punctuale sau solicit\u0103ri) \u015fi s\u0103 o anun\u0163e telefonic pe doamna Roxana Dima \u00een leg\u0103tur\u0103 cu solicitarea formulat\u0103 pentru a putea primi un r\u0103spuns \u00een cel mai scurt timp \u015fi c\u00e2t mai documentat.<\/p>\n\n\n\n<p>Pute\u021bi scrie \u0219i pe adresa&nbsp;<a href=\"mailto:presa@rarom.ro\" target=\"_blank\" rel=\"noreferrer noopener\">presa@rarom.ro<\/a>.<br>Aceast\u0103 adres\u0103 de email este destinat\u0103&nbsp;<strong>exclusiv<\/strong>&nbsp;comunic\u0103rii cu reprezentan\u021bii mass-media (solicit\u0103ri din partea presei) \u0219i cu institu\u021biile statului.<\/p>\n\n\n\n<p>Dac\u0103 dori\u021bi s\u0103 \u00eenregistra\u021bi o peti\u021bie sau o reclama\u021bie va rug\u0103m s\u0103 folosi\u021bi formularul de pe prima pagin\u0103 a site-ului&nbsp;<a href=\"http:\/\/www.rarom.ro\/\">www.rarom.ro<\/a>, sec\u021biunea \u201dContact\u201d.<br>Pute\u021bi l\u0103sa mesajul dvs. aici:&nbsp;<a href=\"https:\/\/prog.rarom.ro\/petitii\/\" target=\"_blank\" rel=\"noreferrer noopener\">https:\/\/prog.rarom.ro\/petitii\/<\/a><br>Doar prin intermediul acestei platforme sesiz\u0103rile dumneavoastr\u0103 vor fi \u00eenregistrate, procesate \u0219i solu\u021bionate.<\/p>\n\n\n\n<p>Mul\u021bumim pentru \u00een\u021belegere!<\/p>\n\n\n\n<p>V\u0103 asigur\u0103m de \u00eentreaga noastr\u0103 disponibilitate.<\/p>\n\n\n\n<div style=\"height:20px\" aria-hidden=\"true\" class=\"wp-block-spacer\"><\/div>\n\n\n\n<hr>\n\n\n\n<p><strong><strong>Biroul de pres\u0103<\/strong><\/strong><\/p>\n\n\n\n<hr>\n\n\n\n<div style=\"height:20px\" aria-hidden=\"true\" class=\"wp-block-spacer\"><\/div>\n\n\n\n<div class=\"wp-block-group\"><div class=\"wp-block-group__inner-container is-layout-constrained wp-block-group-is-layout-constrained\">\n<div class=\"wp-block-columns is-layout-flex wp-container-core-columns-is-layout-9d6595d7 wp-block-columns-is-layout-flex\">\n<div class=\"wp-block-column is-layout-flow wp-block-column-is-layout-flow\" style=\"flex-basis:33.33%\"><div class=\"wp-block-image is-style-default\">\n<figure class=\"aligncenter size-full\"><a href=\"https:\/\/www.rarom.ro\/wp-content\/uploads\/2023\/06\/Roxana-Dima.jpeg\"><img loading=\"lazy\" decoding=\"async\" width=\"170\" height=\"280\" src=\"https:\/\/www.rarom.ro\/wp-content\/uploads\/2023\/06\/Roxana-Dima.jpeg\" alt=\"\" class=\"wp-image-292713\"\/><\/a><\/figure><\/div>\n\n\n<div style=\"height:20px\" aria-hidden=\"true\" class=\"wp-block-spacer\"><\/div>\n\n\n\n<p class=\"has-text-align-center\"><strong><strong>Roxana Dima<\/strong><\/strong><br><em><em>Purt\u0103tor de cuv\u00e2nt<\/em><\/em><\/p>\n<\/div>\n\n\n\n<div class=\"wp-block-column is-layout-flow wp-block-column-is-layout-flow\" style=\"flex-basis:66.66%\">\n<p><strong>Adresa:<\/strong> Calea Grivi\u0163ei nr. 391A, cod 010719<br>Bucure\u015fti, sector 1<\/p>\n\n\n\n<p><strong><em>Coordonate GPS: <\/em><\/strong>44.468488, 26.051998<\/p>\n\n\n\n<hr>\n\n\n\n<p>Tel.: <a href=\"tel:021 202.70.47\">021 202.70.47<\/a><\/p>\n\n\n\n<hr>\n\n\n\n<p>E-mail: <a href=\"mailto:presa@rarom.ro\" target=\"_blank\" rel=\"noreferrer noopener\">presa@rarom.ro<\/a><br><a href=\"mailto:roxana.dima@rarom.ro\" target=\"_blank\" rel=\"noreferrer noopener\">roxana.dima@rarom.ro<\/a><\/p>\n<\/div>\n<\/div>\n<\/div><\/div>\n","protected":false},"excerpt":{"rendered":"<p>Jurnali\u015ftii sunt ruga\u0163i s\u0103 trimit\u0103 un mail pe adresa&nbsp;roxana.dima@rarom.ro, pentru orice informa\u0163ie pe care doresc s\u0103 o ob\u0163in\u0103 (e-mailul s\u0103 con\u0163in\u0103 \u00eentreb\u0103ri punctuale sau solicit\u0103ri) \u015fi s\u0103 o anun\u0163e telefonic pe doamna Roxana Dima \u00een leg\u0103tur\u0103 cu solicitarea formulat\u0103 pentru a putea primi un r\u0103spuns \u00een cel mai scurt timp \u015fi c\u00e2t mai documentat. Pute\u021bi [&hellip;]<\/p>\n","protected":false},"author":1,"featured_media":0,"parent":292121,"menu_order":5,"comment_status":"closed","ping_status":"closed","template":"","meta":{"_acf_changed":false,"footnotes":""},"class_list":["post-175","page","type-page","status-publish","hentry"],"acf":[],"_links":{"self":[{"href":"https:\/\/www.rarom.ro\/index.php?rest_route=\/wp\/v2\/pages\/175","targetHints":{"allow":["GET"]}}],"collection":[{"href":"https:\/\/www.rarom.ro\/index.php?rest_route=\/wp\/v2\/pages"}],"about":[{"href":"https:\/\/www.rarom.ro\/index.php?rest_route=\/wp\/v2\/types\/page"}],"author":[{"embeddable":true,"href":"https:\/\/www.rarom.ro\/index.php?rest_route=\/wp\/v2\/users\/1"}],"replies":[{"embeddable":true,"href":"https:\/\/www.rarom.ro\/index.php?rest_route=%2Fwp%2Fv2%2Fcomments&post=175"}],"version-history":[{"count":37,"href":"https:\/\/www.rarom.ro\/index.php?rest_route=\/wp\/v2\/pages\/175\/revisions"}],"predecessor-version":[{"id":301921,"href":"https:\/\/www.rarom.ro\/index.php?rest_route=\/wp\/v2\/pages\/175\/revisions\/301921"}],"up":[{"embeddable":true,"href":"https:\/\/www.rarom.ro\/index.php?rest_route=\/wp\/v2\/pages\/292121"}],"wp:attachment":[{"href":"https:\/\/www.rarom.ro\/index.php?rest_route=%2Fwp%2Fv2%2Fmedia&parent=175"}],"curies":[{"name":"wp","href":"https:\/\/api.w.org\/{rel}","templated":true}]}}