{"id":15169,"date":"2023-05-03T13:51:07","date_gmt":"2023-05-03T10:51:07","guid":{"rendered":"https:\/\/www.rarom.ro\/?page_id=15169"},"modified":"2023-05-03T13:51:07","modified_gmt":"2023-05-03T10:51:07","slug":"interviu","status":"publish","type":"page","link":"https:\/\/www.rarom.ro\/?page_id=15169","title":{"rendered":"Interviu"},"content":{"rendered":"<p><strong>Codru\u021b Keghe\u0219<\/strong><\/p>\n<p><img loading=\"lazy\" decoding=\"async\" class=\"aligncenter size-full wp-image-15170\" src=\"https:\/\/www.rarom.ro\/wp-content\/uploads\/2023\/05\/Interviu-mare.jpeg\" alt=\"\" width=\"730\" height=\"450\" srcset=\"https:\/\/www.rarom.ro\/wp-content\/uploads\/2023\/05\/Interviu-mare.jpeg 730w, https:\/\/www.rarom.ro\/wp-content\/uploads\/2023\/05\/Interviu-mare-300x185.jpeg 300w\" sizes=\"auto, (max-width: 730px) 100vw, 730px\" \/><\/p>\n<p style=\"text-align: justify;\"><img loading=\"lazy\" decoding=\"async\" class=\"size-full wp-image-15172 alignleft\" src=\"https:\/\/www.rarom.ro\/wp-content\/uploads\/2023\/05\/Interviu-pagini.jpg\" alt=\"\" width=\"250\" height=\"165\" \/>Au trecut aproape 24 de ani de c\u00e2nd Dezbr\u0103catu` a ap\u0103rut prima oar\u0103 \u00een celebra emisiune \u201eCronica C\u00e2rcota\u0219ilor\u201d de la Prima TV. Un personaj haios, pus pe \u0219otii, pe care p\u0103rea c\u0103 a c\u0103zut un \u0219ifonier plin cu haine fistichii \u0219i care \u00ee\u0219i surprindea invita\u021bii l\u0103s\u00e2ndu-i, de multe ori, s\u0103 vorbeasc\u0103 singuri. Codru\u0163 Keghe\u015f este cel ce a dat via\u021b\u0103 acestui personaj care apare \u0219i \u00een sezonul cu num\u0103rul 47 al showului, \u00een fiecare miercuri, de la ora 20.00, la Prima TV. [\u2026]<\/p>\n","protected":false},"excerpt":{"rendered":"<p>Codru\u021b Keghe\u0219 Au trecut aproape 24 de ani de c\u00e2nd Dezbr\u0103catu` a ap\u0103rut prima oar\u0103 \u00een celebra emisiune \u201eCronica C\u00e2rcota\u0219ilor\u201d de la Prima TV. Un personaj haios, pus pe \u0219otii, pe care p\u0103rea c\u0103 a c\u0103zut un \u0219ifonier plin cu haine fistichii \u0219i care \u00ee\u0219i surprindea invita\u021bii l\u0103s\u00e2ndu-i, de multe ori, s\u0103 vorbeasc\u0103 singuri. Codru\u0163 [&hellip;]<\/p>\n","protected":false},"author":3,"featured_media":0,"parent":15137,"menu_order":2,"comment_status":"closed","ping_status":"closed","template":"","meta":{"_acf_changed":false,"footnotes":""},"class_list":["post-15169","page","type-page","status-publish","hentry"],"acf":[],"_links":{"self":[{"href":"https:\/\/www.rarom.ro\/index.php?rest_route=\/wp\/v2\/pages\/15169","targetHints":{"allow":["GET"]}}],"collection":[{"href":"https:\/\/www.rarom.ro\/index.php?rest_route=\/wp\/v2\/pages"}],"about":[{"href":"https:\/\/www.rarom.ro\/index.php?rest_route=\/wp\/v2\/types\/page"}],"author":[{"embeddable":true,"href":"https:\/\/www.rarom.ro\/index.php?rest_route=\/wp\/v2\/users\/3"}],"replies":[{"embeddable":true,"href":"https:\/\/www.rarom.ro\/index.php?rest_route=%2Fwp%2Fv2%2Fcomments&post=15169"}],"version-history":[{"count":1,"href":"https:\/\/www.rarom.ro\/index.php?rest_route=\/wp\/v2\/pages\/15169\/revisions"}],"predecessor-version":[{"id":15174,"href":"https:\/\/www.rarom.ro\/index.php?rest_route=\/wp\/v2\/pages\/15169\/revisions\/15174"}],"up":[{"embeddable":true,"href":"https:\/\/www.rarom.ro\/index.php?rest_route=\/wp\/v2\/pages\/15137"}],"wp:attachment":[{"href":"https:\/\/www.rarom.ro\/index.php?rest_route=%2Fwp%2Fv2%2Fmedia&parent=15169"}],"curies":[{"name":"wp","href":"https:\/\/api.w.org\/{rel}","templated":true}]}}