{"id":15163,"date":"2023-05-03T13:49:59","date_gmt":"2023-05-03T10:49:59","guid":{"rendered":"https:\/\/www.rarom.ro\/?page_id=15163"},"modified":"2023-05-03T13:49:59","modified_gmt":"2023-05-03T10:49:59","slug":"ford-focus","status":"publish","type":"page","link":"https:\/\/www.rarom.ro\/?page_id=15163","title":{"rendered":"Ford Focus"},"content":{"rendered":"<p><strong>Test: Ford Focus<\/strong><\/p>\n<p><img loading=\"lazy\" decoding=\"async\" class=\"aligncenter size-full wp-image-15164\" src=\"https:\/\/www.rarom.ro\/wp-content\/uploads\/2023\/05\/Test-Ford-mare.jpg\" alt=\"\" width=\"730\" height=\"450\" srcset=\"https:\/\/www.rarom.ro\/wp-content\/uploads\/2023\/05\/Test-Ford-mare.jpg 730w, https:\/\/www.rarom.ro\/wp-content\/uploads\/2023\/05\/Test-Ford-mare-300x185.jpg 300w\" sizes=\"auto, (max-width: 730px) 100vw, 730px\" \/><\/p>\n<p style=\"text-align: justify;\"><img loading=\"lazy\" decoding=\"async\" class=\"size-full wp-image-15166 alignleft\" src=\"https:\/\/www.rarom.ro\/wp-content\/uploads\/2023\/05\/Test-Ford-pagini.jpg\" alt=\"\" width=\"250\" height=\"165\" \/>Nu mai \u0219tiu exact c\u00e2t a trecut de c\u00e2nd am urcat ultima dat\u0103 \u00eentr-un Ford Focus. Atmosfera \u00eemi este oarecum familiar\u0103. \u015ei atunci de ce, c\u00e2nd str\u00e2ng volanul \u00eembr\u0103cat \u00een piele Sensico, m\u0103 \u00eencearc\u0103 un sentiment complet nou? [\u2026]<\/p>\n","protected":false},"excerpt":{"rendered":"<p>Test: Ford Focus Nu mai \u0219tiu exact c\u00e2t a trecut de c\u00e2nd am urcat ultima dat\u0103 \u00eentr-un Ford Focus. Atmosfera \u00eemi este oarecum familiar\u0103. \u015ei atunci de ce, c\u00e2nd str\u00e2ng volanul \u00eembr\u0103cat \u00een piele Sensico, m\u0103 \u00eencearc\u0103 un sentiment complet nou? [\u2026]<\/p>\n","protected":false},"author":3,"featured_media":0,"parent":15141,"menu_order":4,"comment_status":"closed","ping_status":"closed","template":"","meta":{"_acf_changed":false,"footnotes":""},"class_list":["post-15163","page","type-page","status-publish","hentry"],"acf":[],"_links":{"self":[{"href":"https:\/\/www.rarom.ro\/index.php?rest_route=\/wp\/v2\/pages\/15163","targetHints":{"allow":["GET"]}}],"collection":[{"href":"https:\/\/www.rarom.ro\/index.php?rest_route=\/wp\/v2\/pages"}],"about":[{"href":"https:\/\/www.rarom.ro\/index.php?rest_route=\/wp\/v2\/types\/page"}],"author":[{"embeddable":true,"href":"https:\/\/www.rarom.ro\/index.php?rest_route=\/wp\/v2\/users\/3"}],"replies":[{"embeddable":true,"href":"https:\/\/www.rarom.ro\/index.php?rest_route=%2Fwp%2Fv2%2Fcomments&post=15163"}],"version-history":[{"count":1,"href":"https:\/\/www.rarom.ro\/index.php?rest_route=\/wp\/v2\/pages\/15163\/revisions"}],"predecessor-version":[{"id":15168,"href":"https:\/\/www.rarom.ro\/index.php?rest_route=\/wp\/v2\/pages\/15163\/revisions\/15168"}],"up":[{"embeddable":true,"href":"https:\/\/www.rarom.ro\/index.php?rest_route=\/wp\/v2\/pages\/15141"}],"wp:attachment":[{"href":"https:\/\/www.rarom.ro\/index.php?rest_route=%2Fwp%2Fv2%2Fmedia&parent=15163"}],"curies":[{"name":"wp","href":"https:\/\/api.w.org\/{rel}","templated":true}]}}