{"id":15157,"date":"2023-05-03T13:48:28","date_gmt":"2023-05-03T10:48:28","guid":{"rendered":"https:\/\/www.rarom.ro\/?page_id=15157"},"modified":"2023-05-03T13:48:28","modified_gmt":"2023-05-03T10:48:28","slug":"mitsubishi-asx-hev","status":"publish","type":"page","link":"https:\/\/www.rarom.ro\/?page_id=15157","title":{"rendered":"Mitsubishi ASX HEV"},"content":{"rendered":"<p><strong>Test: Mitsubishi ASX HEV<\/strong><\/p>\n<p><img loading=\"lazy\" decoding=\"async\" class=\"aligncenter size-full wp-image-15158\" src=\"https:\/\/www.rarom.ro\/wp-content\/uploads\/2023\/05\/Test-Mitsubishi-mare.jpg\" alt=\"\" width=\"730\" height=\"450\" srcset=\"https:\/\/www.rarom.ro\/wp-content\/uploads\/2023\/05\/Test-Mitsubishi-mare.jpg 730w, https:\/\/www.rarom.ro\/wp-content\/uploads\/2023\/05\/Test-Mitsubishi-mare-300x185.jpg 300w\" sizes=\"auto, (max-width: 730px) 100vw, 730px\" \/><\/p>\n<p style=\"text-align: justify;\"><img loading=\"lazy\" decoding=\"async\" class=\"size-full wp-image-15160 alignleft\" src=\"https:\/\/www.rarom.ro\/wp-content\/uploads\/2023\/05\/Test-Mitsubishi-pagini.jpg\" alt=\"\" width=\"250\" height=\"165\" \/>A doua genera\u021bie de la Mitsubishi ASX a ajuns \u0219i pe p\u0103m\u00e2nt mioritic, un SUV-ule\u021b care se simte bine cam pe oriunde ar merge. Ce-i cu el? Practic este un veritabil japonez cu suflet fran\u021buzesc \u0219i care se comport\u0103 \u00eentr-o manier\u0103 foarte&#8230; electric\u0103 denumit\u0103 HEV, asta pentru c\u0103 are sub capot\u0103 \u0219i un motor termic. [\u2026]<\/p>\n","protected":false},"excerpt":{"rendered":"<p>Test: Mitsubishi ASX HEV A doua genera\u021bie de la Mitsubishi ASX a ajuns \u0219i pe p\u0103m\u00e2nt mioritic, un SUV-ule\u021b care se simte bine cam pe oriunde ar merge. Ce-i cu el? Practic este un veritabil japonez cu suflet fran\u021buzesc \u0219i care se comport\u0103 \u00eentr-o manier\u0103 foarte&#8230; electric\u0103 denumit\u0103 HEV, asta pentru c\u0103 are sub capot\u0103 [&hellip;]<\/p>\n","protected":false},"author":3,"featured_media":0,"parent":15141,"menu_order":3,"comment_status":"closed","ping_status":"closed","template":"","meta":{"_acf_changed":false,"footnotes":""},"class_list":["post-15157","page","type-page","status-publish","hentry"],"acf":[],"_links":{"self":[{"href":"https:\/\/www.rarom.ro\/index.php?rest_route=\/wp\/v2\/pages\/15157","targetHints":{"allow":["GET"]}}],"collection":[{"href":"https:\/\/www.rarom.ro\/index.php?rest_route=\/wp\/v2\/pages"}],"about":[{"href":"https:\/\/www.rarom.ro\/index.php?rest_route=\/wp\/v2\/types\/page"}],"author":[{"embeddable":true,"href":"https:\/\/www.rarom.ro\/index.php?rest_route=\/wp\/v2\/users\/3"}],"replies":[{"embeddable":true,"href":"https:\/\/www.rarom.ro\/index.php?rest_route=%2Fwp%2Fv2%2Fcomments&post=15157"}],"version-history":[{"count":1,"href":"https:\/\/www.rarom.ro\/index.php?rest_route=\/wp\/v2\/pages\/15157\/revisions"}],"predecessor-version":[{"id":15162,"href":"https:\/\/www.rarom.ro\/index.php?rest_route=\/wp\/v2\/pages\/15157\/revisions\/15162"}],"up":[{"embeddable":true,"href":"https:\/\/www.rarom.ro\/index.php?rest_route=\/wp\/v2\/pages\/15141"}],"wp:attachment":[{"href":"https:\/\/www.rarom.ro\/index.php?rest_route=%2Fwp%2Fv2%2Fmedia&parent=15157"}],"curies":[{"name":"wp","href":"https:\/\/api.w.org\/{rel}","templated":true}]}}