{"id":15145,"date":"2023-05-03T13:44:40","date_gmt":"2023-05-03T10:44:40","guid":{"rendered":"https:\/\/www.rarom.ro\/?page_id=15145"},"modified":"2023-07-06T10:51:20","modified_gmt":"2023-07-06T07:51:20","slug":"dacia-duster-tce150-4x4","status":"publish","type":"page","link":"https:\/\/www.rarom.ro\/?page_id=15145","title":{"rendered":"Dacia Duster TCe150 4&#215;4"},"content":{"rendered":"\n<p><strong>Test: Dacia Duster TCe150 4&#215;4<\/strong><\/p>\n\n\n<div class=\"wp-block-image\">\n<figure class=\"aligncenter size-full\"><a href=\"https:\/\/www.rarom.ro\/wp-content\/uploads\/2023\/05\/Test-Dacia-mare.jpg\"><img loading=\"lazy\" decoding=\"async\" width=\"730\" height=\"450\" src=\"https:\/\/www.rarom.ro\/wp-content\/uploads\/2023\/05\/Test-Dacia-mare.jpg\" alt=\"\" class=\"wp-image-15146\" srcset=\"https:\/\/www.rarom.ro\/wp-content\/uploads\/2023\/05\/Test-Dacia-mare.jpg 730w, https:\/\/www.rarom.ro\/wp-content\/uploads\/2023\/05\/Test-Dacia-mare-300x185.jpg 300w\" sizes=\"auto, (max-width: 730px) 100vw, 730px\" \/><\/a><\/figure><\/div>\n\n<div class=\"wp-block-image\">\n<figure class=\"alignleft\"><img loading=\"lazy\" decoding=\"async\" width=\"250\" height=\"165\" src=\"https:\/\/www.rarom.ro\/wp-content\/uploads\/2023\/05\/Test-Dacia-pagini.jpg\" alt=\"\" class=\"wp-image-15148\"\/><\/figure><\/div>\n\n\n<p>Noua imagine Dacia, subordonat\u0103 programului de remodelare a identit\u0103\u0163ii de marc\u0103, anvelopeaz\u0103 \u00een ritm alert \u00eentregul portofoliu de produse. M-am \u00eent\u00e2lnit cu liderul gamei, Duster, care se prezint\u0103 \u00een cea mai performant\u0103 varianta a sa: motor pe benzin\u0103 de 150 CP \u015fi trac\u0163iune integral\u0103. [\u2026]<\/p>\n","protected":false},"excerpt":{"rendered":"<p>Test: Dacia Duster TCe150 4&#215;4 Noua imagine Dacia, subordonat\u0103 programului de remodelare a identit\u0103\u0163ii de marc\u0103, anvelopeaz\u0103 \u00een ritm alert \u00eentregul portofoliu de produse. M-am \u00eent\u00e2lnit cu liderul gamei, Duster, care se prezint\u0103 \u00een cea mai performant\u0103 varianta a sa: motor pe benzin\u0103 de 150 CP \u015fi trac\u0163iune integral\u0103. [\u2026]<\/p>\n","protected":false},"author":3,"featured_media":0,"parent":15141,"menu_order":1,"comment_status":"closed","ping_status":"closed","template":"","meta":{"_acf_changed":false,"footnotes":""},"class_list":["post-15145","page","type-page","status-publish","hentry"],"acf":[],"_links":{"self":[{"href":"https:\/\/www.rarom.ro\/index.php?rest_route=\/wp\/v2\/pages\/15145","targetHints":{"allow":["GET"]}}],"collection":[{"href":"https:\/\/www.rarom.ro\/index.php?rest_route=\/wp\/v2\/pages"}],"about":[{"href":"https:\/\/www.rarom.ro\/index.php?rest_route=\/wp\/v2\/types\/page"}],"author":[{"embeddable":true,"href":"https:\/\/www.rarom.ro\/index.php?rest_route=\/wp\/v2\/users\/3"}],"replies":[{"embeddable":true,"href":"https:\/\/www.rarom.ro\/index.php?rest_route=%2Fwp%2Fv2%2Fcomments&post=15145"}],"version-history":[{"count":3,"href":"https:\/\/www.rarom.ro\/index.php?rest_route=\/wp\/v2\/pages\/15145\/revisions"}],"predecessor-version":[{"id":293982,"href":"https:\/\/www.rarom.ro\/index.php?rest_route=\/wp\/v2\/pages\/15145\/revisions\/293982"}],"up":[{"embeddable":true,"href":"https:\/\/www.rarom.ro\/index.php?rest_route=\/wp\/v2\/pages\/15141"}],"wp:attachment":[{"href":"https:\/\/www.rarom.ro\/index.php?rest_route=%2Fwp%2Fv2%2Fmedia&parent=15145"}],"curies":[{"name":"wp","href":"https:\/\/api.w.org\/{rel}","templated":true}]}}