{"id":15032,"date":"2023-03-31T13:37:36","date_gmt":"2023-03-31T10:37:36","guid":{"rendered":"https:\/\/www.rarom.ro\/?page_id=15032"},"modified":"2023-04-03T09:27:28","modified_gmt":"2023-04-03T06:27:28","slug":"istorie","status":"publish","type":"page","link":"https:\/\/www.rarom.ro\/?page_id=15032","title":{"rendered":"Istorie"},"content":{"rendered":"<p><strong>Volvo OV4<\/strong><\/p>\n<p><img loading=\"lazy\" decoding=\"async\" class=\"size-full wp-image-15033\" src=\"https:\/\/www.rarom.ro\/wp-content\/uploads\/2023\/03\/Istorie-mare.jpg\" alt=\"\" width=\"730\" height=\"450\" srcset=\"https:\/\/www.rarom.ro\/wp-content\/uploads\/2023\/03\/Istorie-mare.jpg 730w, https:\/\/www.rarom.ro\/wp-content\/uploads\/2023\/03\/Istorie-mare-300x185.jpg 300w\" sizes=\"auto, (max-width: 730px) 100vw, 730px\" \/><\/p>\n<p style=\"text-align: justify;\"><img loading=\"lazy\" decoding=\"async\" class=\"size-full wp-image-15035 alignleft\" src=\"https:\/\/www.rarom.ro\/wp-content\/uploads\/2023\/03\/Istorie-pagini.jpg\" alt=\"\" width=\"250\" height=\"165\" \/>\u00a0Volvo a \u00eenceput s\u0103 produc\u0103 automobile \u00een 1927, iar primul model construit folosea un motor de 1944 cmc, cu patru cilindri, ce dezvolta 28 de cai putere. A\u0219a se n\u0103\u0219tea Volvo \u00d6V4, cunoscut \u0219i sub numele Jakob, dup\u0103 porecla popular\u0103. [\u2026]<\/p>\n","protected":false},"excerpt":{"rendered":"<p>Volvo OV4 \u00a0Volvo a \u00eenceput s\u0103 produc\u0103 automobile \u00een 1927, iar primul model construit folosea un motor de 1944 cmc, cu patru cilindri, ce dezvolta 28 de cai putere. A\u0219a se n\u0103\u0219tea Volvo \u00d6V4, cunoscut \u0219i sub numele Jakob, dup\u0103 porecla popular\u0103. [\u2026]<\/p>\n","protected":false},"author":3,"featured_media":0,"parent":14987,"menu_order":6,"comment_status":"closed","ping_status":"closed","template":"","meta":{"_acf_changed":false,"footnotes":""},"class_list":["post-15032","page","type-page","status-publish","hentry"],"acf":[],"_links":{"self":[{"href":"https:\/\/www.rarom.ro\/index.php?rest_route=\/wp\/v2\/pages\/15032","targetHints":{"allow":["GET"]}}],"collection":[{"href":"https:\/\/www.rarom.ro\/index.php?rest_route=\/wp\/v2\/pages"}],"about":[{"href":"https:\/\/www.rarom.ro\/index.php?rest_route=\/wp\/v2\/types\/page"}],"author":[{"embeddable":true,"href":"https:\/\/www.rarom.ro\/index.php?rest_route=\/wp\/v2\/users\/3"}],"replies":[{"embeddable":true,"href":"https:\/\/www.rarom.ro\/index.php?rest_route=%2Fwp%2Fv2%2Fcomments&post=15032"}],"version-history":[{"count":1,"href":"https:\/\/www.rarom.ro\/index.php?rest_route=\/wp\/v2\/pages\/15032\/revisions"}],"predecessor-version":[{"id":15037,"href":"https:\/\/www.rarom.ro\/index.php?rest_route=\/wp\/v2\/pages\/15032\/revisions\/15037"}],"up":[{"embeddable":true,"href":"https:\/\/www.rarom.ro\/index.php?rest_route=\/wp\/v2\/pages\/14987"}],"wp:attachment":[{"href":"https:\/\/www.rarom.ro\/index.php?rest_route=%2Fwp%2Fv2%2Fmedia&parent=15032"}],"curies":[{"name":"wp","href":"https:\/\/api.w.org\/{rel}","templated":true}]}}