{"id":15008,"date":"2023-03-31T13:30:41","date_gmt":"2023-03-31T10:30:41","guid":{"rendered":"https:\/\/www.rarom.ro\/?page_id=15008"},"modified":"2023-04-03T09:25:19","modified_gmt":"2023-04-03T06:25:19","slug":"interviu","status":"publish","type":"page","link":"https:\/\/www.rarom.ro\/?page_id=15008","title":{"rendered":"Interviu"},"content":{"rendered":"<p><strong>Alexandra Ungureanu<\/strong><\/p>\n<p><img loading=\"lazy\" decoding=\"async\" class=\"aligncenter size-full wp-image-15009\" src=\"https:\/\/www.rarom.ro\/wp-content\/uploads\/2023\/03\/Interviu-mare.jpeg\" alt=\"\" width=\"730\" height=\"450\" srcset=\"https:\/\/www.rarom.ro\/wp-content\/uploads\/2023\/03\/Interviu-mare.jpeg 730w, https:\/\/www.rarom.ro\/wp-content\/uploads\/2023\/03\/Interviu-mare-300x185.jpeg 300w\" sizes=\"auto, (max-width: 730px) 100vw, 730px\" \/><\/p>\n<p style=\"text-align: justify;\"><img loading=\"lazy\" decoding=\"async\" class=\"size-full wp-image-15011 alignleft\" src=\"https:\/\/www.rarom.ro\/wp-content\/uploads\/2023\/03\/Interviu-pagini.jpg\" alt=\"\" width=\"250\" height=\"165\" \/>\u00a0P\u0103rin\u021bii au fost cei care i-au descoperit talentul artistic, iar la \u0219ase ani a urcat prima oar\u0103 pe o scen\u0103. A fost primul pas spre o carier\u0103 pe care \u0219i-a construit-o cu mult talent, ambi\u021bie \u0219i \u00eend\u00e2rjire, iar multe dintre piesele ei au avut un succes foarte mare. De aproape doi ani s-a lansat \u0219i \u00eentr-un proiect online, care din luna aprilie va ajunge \u0219i pe nou \u00eenfiin\u021batul post de televiziune Kanal D2. \u201eDuet cu Alexandra\u201d este o emisiune \u00een care gazda st\u0103 \u201ela pove\u0219ti\u201d cu invita\u021bii, dar \u0219i c\u00e2nt\u0103 al\u0103turi de ei. [\u2026]<\/p>\n","protected":false},"excerpt":{"rendered":"<p>Alexandra Ungureanu \u00a0P\u0103rin\u021bii au fost cei care i-au descoperit talentul artistic, iar la \u0219ase ani a urcat prima oar\u0103 pe o scen\u0103. A fost primul pas spre o carier\u0103 pe care \u0219i-a construit-o cu mult talent, ambi\u021bie \u0219i \u00eend\u00e2rjire, iar multe dintre piesele ei au avut un succes foarte mare. De aproape doi ani s-a [&hellip;]<\/p>\n","protected":false},"author":3,"featured_media":0,"parent":14987,"menu_order":2,"comment_status":"closed","ping_status":"closed","template":"","meta":{"_acf_changed":false,"footnotes":""},"class_list":["post-15008","page","type-page","status-publish","hentry"],"acf":[],"_links":{"self":[{"href":"https:\/\/www.rarom.ro\/index.php?rest_route=\/wp\/v2\/pages\/15008","targetHints":{"allow":["GET"]}}],"collection":[{"href":"https:\/\/www.rarom.ro\/index.php?rest_route=\/wp\/v2\/pages"}],"about":[{"href":"https:\/\/www.rarom.ro\/index.php?rest_route=\/wp\/v2\/types\/page"}],"author":[{"embeddable":true,"href":"https:\/\/www.rarom.ro\/index.php?rest_route=\/wp\/v2\/users\/3"}],"replies":[{"embeddable":true,"href":"https:\/\/www.rarom.ro\/index.php?rest_route=%2Fwp%2Fv2%2Fcomments&post=15008"}],"version-history":[{"count":1,"href":"https:\/\/www.rarom.ro\/index.php?rest_route=\/wp\/v2\/pages\/15008\/revisions"}],"predecessor-version":[{"id":15013,"href":"https:\/\/www.rarom.ro\/index.php?rest_route=\/wp\/v2\/pages\/15008\/revisions\/15013"}],"up":[{"embeddable":true,"href":"https:\/\/www.rarom.ro\/index.php?rest_route=\/wp\/v2\/pages\/14987"}],"wp:attachment":[{"href":"https:\/\/www.rarom.ro\/index.php?rest_route=%2Fwp%2Fv2%2Fmedia&parent=15008"}],"curies":[{"name":"wp","href":"https:\/\/api.w.org\/{rel}","templated":true}]}}