{"id":14996,"date":"2023-03-31T13:26:52","date_gmt":"2023-03-31T10:26:52","guid":{"rendered":"https:\/\/www.rarom.ro\/?page_id=14996"},"modified":"2023-04-03T09:24:47","modified_gmt":"2023-04-03T06:24:47","slug":"ds4","status":"publish","type":"page","link":"https:\/\/www.rarom.ro\/?page_id=14996","title":{"rendered":"DS4"},"content":{"rendered":"<p><strong>Test: DS4 Hatchback<\/strong><\/p>\n<p><img loading=\"lazy\" decoding=\"async\" class=\"aligncenter size-full wp-image-14997\" src=\"https:\/\/www.rarom.ro\/wp-content\/uploads\/2023\/03\/Test-DS4-mare.jpg\" alt=\"\" width=\"730\" height=\"450\" srcset=\"https:\/\/www.rarom.ro\/wp-content\/uploads\/2023\/03\/Test-DS4-mare.jpg 730w, https:\/\/www.rarom.ro\/wp-content\/uploads\/2023\/03\/Test-DS4-mare-300x185.jpg 300w\" sizes=\"auto, (max-width: 730px) 100vw, 730px\" \/><\/p>\n<p style=\"text-align: justify;\"><img loading=\"lazy\" decoding=\"async\" class=\"size-full wp-image-14999 alignleft\" src=\"https:\/\/www.rarom.ro\/wp-content\/uploads\/2023\/03\/Test-DS4-pagini.jpg\" alt=\"\" width=\"250\" height=\"165\" \/>\u00a0Premiul \u201eCea mai frumoas\u0103 ma\u015fin\u0103 a anului 2022\u201d este concludent pentru personalitatea carismatic\u0103 a lui DS4. Al\u0103turi de design, noul model etaleaz\u0103 aptitudini \u015fi tr\u0103s\u0103turi care \u00eei confirm\u0103 apartenen\u0163a la segmentul premium. Tehnologiile avansate \u015fi o aten\u0163ie crescut\u0103 pentru artizanat, ajut\u0103 ca avangardismul \u015fi originalitatea specifice brandului s\u0103 fie dublate de performan\u0163\u0103 \u015fi calitate. [\u2026]<\/p>\n","protected":false},"excerpt":{"rendered":"<p>Test: DS4 Hatchback \u00a0Premiul \u201eCea mai frumoas\u0103 ma\u015fin\u0103 a anului 2022\u201d este concludent pentru personalitatea carismatic\u0103 a lui DS4. Al\u0103turi de design, noul model etaleaz\u0103 aptitudini \u015fi tr\u0103s\u0103turi care \u00eei confirm\u0103 apartenen\u0163a la segmentul premium. Tehnologiile avansate \u015fi o aten\u0163ie crescut\u0103 pentru artizanat, ajut\u0103 ca avangardismul \u015fi originalitatea specifice brandului s\u0103 fie dublate de performan\u0163\u0103 [&hellip;]<\/p>\n","protected":false},"author":3,"featured_media":0,"parent":14991,"menu_order":1,"comment_status":"closed","ping_status":"closed","template":"","meta":{"_acf_changed":false,"footnotes":""},"class_list":["post-14996","page","type-page","status-publish","hentry"],"acf":[],"_links":{"self":[{"href":"https:\/\/www.rarom.ro\/index.php?rest_route=\/wp\/v2\/pages\/14996","targetHints":{"allow":["GET"]}}],"collection":[{"href":"https:\/\/www.rarom.ro\/index.php?rest_route=\/wp\/v2\/pages"}],"about":[{"href":"https:\/\/www.rarom.ro\/index.php?rest_route=\/wp\/v2\/types\/page"}],"author":[{"embeddable":true,"href":"https:\/\/www.rarom.ro\/index.php?rest_route=\/wp\/v2\/users\/3"}],"replies":[{"embeddable":true,"href":"https:\/\/www.rarom.ro\/index.php?rest_route=%2Fwp%2Fv2%2Fcomments&post=14996"}],"version-history":[{"count":1,"href":"https:\/\/www.rarom.ro\/index.php?rest_route=\/wp\/v2\/pages\/14996\/revisions"}],"predecessor-version":[{"id":15001,"href":"https:\/\/www.rarom.ro\/index.php?rest_route=\/wp\/v2\/pages\/14996\/revisions\/15001"}],"up":[{"embeddable":true,"href":"https:\/\/www.rarom.ro\/index.php?rest_route=\/wp\/v2\/pages\/14991"}],"wp:attachment":[{"href":"https:\/\/www.rarom.ro\/index.php?rest_route=%2Fwp%2Fv2%2Fmedia&parent=14996"}],"curies":[{"name":"wp","href":"https:\/\/api.w.org\/{rel}","templated":true}]}}