{"id":14915,"date":"2023-03-13T13:56:54","date_gmt":"2023-03-13T11:56:54","guid":{"rendered":"https:\/\/www.rarom.ro\/?page_id=14915"},"modified":"2026-01-15T14:08:39","modified_gmt":"2026-01-15T12:08:39","slug":"declaratii-de-avere-si-de-interese-2022","status":"publish","type":"page","link":"https:\/\/www.rarom.ro\/?page_id=14915","title":{"rendered":"Declara\u0163ii de avere \u015fi interese 2022"},"content":{"rendered":"\n<hr>\n\n\n\n<p><strong>Conducerea RAR<\/strong><\/p>\n\n\n\n<hr>\n\n\n\n<p><strong>Alina NI\u021a\u0102<\/strong><\/p>\n\n\n\n<p>30 de zile de la&nbsp;numire &#8211; 20.03.2023<br><a href=\"https:\/\/www.rarom.ro\/wp-content\/uploads\/2020\/06\/DA-ALINA-MIHAELA-NITA-30zile-numire.pdf\">Declara\u0163ie de avere<br><\/a><a href=\"https:\/\/www.rarom.ro\/wp-content\/uploads\/2020\/06\/DI-ALINA-MIHAELA-NITA-30zile-numire.pdf\">Declara\u0163ie de interese<\/a><\/p>\n\n\n\n<p><a href=\"https:\/\/www.rarom.ro\/wp-content\/uploads\/2023\/03\/DA-Alina-Nita-Rectificativa.pdf\">Rectificativ\u0103<\/a>&nbsp;&#8211; 15.05.2023<\/p>\n\n\n\n<p>Anual, p\u00e2n\u0103 la 15 iunie &#8211; 31.05.2023<br>&#8211; <a href=\"https:\/\/www.rarom.ro\/wp-content\/uploads\/2020\/06\/DA-Nita-Alina-Mihaela-Anuala.pdf\" target=\"_blank\" rel=\"noreferrer noopener\">declara\u0163ie de avere<\/a><br>&#8211; <a href=\"https:\/\/www.rarom.ro\/wp-content\/uploads\/2020\/06\/DI-Nita-Alina-Mihaela-Anuala.pdf\" target=\"_blank\" rel=\"noreferrer noopener\">declara\u0163ie de interese<\/a><\/p>\n\n\n\n<p>30 de zile de la&nbsp;\u00eencetare &#8211; 13.09.2023<br>&#8211; <a href=\"https:\/\/www.rarom.ro\/wp-content\/uploads\/2023\/09\/DA-Nita-Alina-Mihaela-30-zile-incetare.pdf\" target=\"_blank\" rel=\"noreferrer noopener\">declara\u0163ie de avere<\/a><br>&#8211; <a href=\"https:\/\/www.rarom.ro\/wp-content\/uploads\/2023\/09\/DI-Nita-Alina-Mihaela-30-zile-incetare.pdf\" target=\"_blank\" rel=\"noreferrer noopener\">declara\u0163ie de interese<\/a><\/p>\n\n\n\n<hr class=\"wp-block-separator has-alpha-channel-opacity\"\/>\n\n\n\n<p><strong>Mihai Alecu<\/strong><\/p>\n\n\n\n<p>Anual, p\u00e2n\u0103 la 15 iunie &#8211; 07.06.2023<br>&#8211; <a href=\"https:\/\/www.rarom.ro\/cs-uploads\/DA-DI\/2022\/DA\/DA%20Alecu%20Mihai.pdf\" target=\"_blank\" rel=\"noreferrer noopener\">declara\u0163ie de avere<\/a><br>&#8211; <a href=\"https:\/\/www.rarom.ro\/cs-uploads\/DA-DI\/2022\/DI\/DI%20Alecu%20Mihai.pdf\" target=\"_blank\" rel=\"noreferrer noopener\">declara\u0163ie de interese<\/a><\/p>\n\n\n\n<p>30 de zile de la&nbsp;\u00eencetare &#8211; 20.09.2023<br>&#8211; <a href=\"https:\/\/www.rarom.ro\/wp-content\/uploads\/2023\/09\/DA-Alecu-Mihai-30-zile-incetare.pdf\" target=\"_blank\" rel=\"noreferrer noopener\">declara\u0163ie de avere<\/a><br>&#8211; <a href=\"https:\/\/www.rarom.ro\/wp-content\/uploads\/2023\/09\/DI-Alecu-Mihai-30-zile-incetare.pdf\" target=\"_blank\" rel=\"noreferrer noopener\">declara\u0163ie de interese<\/a><\/p>\n\n\n\n<p><\/p>\n\n\n\n<hr>\n\n\n\n<p><strong>Consiliul de administra\u021bie<\/strong><\/p>\n\n\n\n<hr>\n\n\n\n<p><strong>George-Adrian DINC\u0102<\/strong><\/p>\n\n\n\n<p>30 de zile de la \u00eencetare &#8211; 28.01.2022<br>&#8211; <a href=\"https:\/\/www.rarom.ro\/wp-content\/uploads\/2015\/10\/DA-Dinca-George-Adrian_28-01-2022.pdf\" target=\"_blank\" rel=\"noreferrer noopener\">declara\u0163ie de avere<\/a><br>&#8211; <a href=\"https:\/\/www.rarom.ro\/wp-content\/uploads\/2015\/10\/DI-Dinca-George-Adrian_28-01-2022.pdf\" target=\"_blank\" rel=\"noreferrer noopener\">declara\u0163ie de interese<\/a><\/p>\n\n\n\n<hr>\n\n\n\n<p><strong>M\u00eendrescu Bogdan Stelian<\/strong> &#8211;&nbsp;<em>membru provizoriu<\/em><\/p>\n\n\n\n<p>30 de zile de la&nbsp;numire &#8211; 18.01.2023<br>&#8211;&nbsp;<a href=\"https:\/\/www.rarom.ro\/wp-content\/uploads\/2015\/10\/Mindrescu-Bogdan-Stelian-DA-30-zile-numire-1.pdf\" target=\"_blank\" rel=\"noopener noreferrer\">declara\u0163ie de avere<\/a><br>&#8211;&nbsp;<a href=\"https:\/\/www.rarom.ro\/wp-content\/uploads\/2015\/10\/Mindrescu-Bogdan-Stelian-DI-30-zile-numire-1.pdf\" target=\"_blank\" rel=\"noopener noreferrer\">declara\u0163ie de interese<\/a><\/p>\n\n\n\n<p>Anual, p\u00e2n\u0103 la 15 iunie &#8211; 06.06.2023<\/p>\n\n\n\n<p>&#8211;&nbsp;<a href=\"https:\/\/www.rarom.ro\/wp-content\/uploads\/2015\/10\/DA-Mindrescu-Bogdan-Stelian-Anuala.pdf\">declara\u0163ie de avere<\/a><br>&#8211;&nbsp;<a href=\"https:\/\/www.rarom.ro\/wp-content\/uploads\/2015\/10\/DI-Mindrescu-Bogdan-Stelian-Anuala.pdf\">declara\u0163ie de interese<\/a><\/p>\n\n\n\n<p><a href=\"https:\/\/www.rarom.ro\/wp-content\/uploads\/2023\/08\/Mindrescu-Bogdan-Stelian-DA-rectificativa.pdf\" target=\"_blank\" rel=\"noreferrer noopener\">Rectificativ\u0103<\/a>&nbsp;&#8211; 03.07.2023<\/p>\n\n\n\n<p>30 de zile de la \u00eencetare &#8211; 27.07.2023<\/p>\n\n\n\n<p>&#8211;&nbsp;<a href=\"https:\/\/www.rarom.ro\/wp-content\/uploads\/2023\/08\/Mindrescu-Bogdan-Stelian-DA-30-incetare.pdf\" target=\"_blank\" rel=\"noreferrer noopener\">declara\u0163ie de avere<\/a><br>&#8211;&nbsp;<a href=\"https:\/\/www.rarom.ro\/wp-content\/uploads\/2023\/08\/Mindrescu-Bogdan-Stelian-DI-30-incetare.pdf\" target=\"_blank\" rel=\"noreferrer noopener\">declara\u0163ie de interese<\/a><\/p>\n\n\n\n<p>30 de zile de la numire &#8211; 27.07.2023<\/p>\n\n\n\n<p>&#8211;&nbsp;<a href=\"https:\/\/www.rarom.ro\/wp-content\/uploads\/2023\/08\/Mindrescu-Bogdan-Stelian-DA-30-numire.pdf\" target=\"_blank\" rel=\"noreferrer noopener\">declara\u0163ie de avere<\/a><br>&#8211;&nbsp;<a href=\"https:\/\/www.rarom.ro\/wp-content\/uploads\/2023\/08\/Mindrescu-Bogdan-Stelian-DI-30-numire.pdf\" target=\"_blank\" rel=\"noreferrer noopener\">declara\u0163ie de interese<\/a><\/p>\n\n\n\n<p><\/p>\n\n\n\n<hr class=\"wp-block-separator has-alpha-channel-opacity\"\/>\n\n\n\n<p><strong>Barbu Nelu Vasile&nbsp;<\/strong>&#8211;&nbsp;<em>membru provizoriu<\/em><\/p>\n\n\n\n<p>30 de zile de la&nbsp;numire &#8211; 29.11.2022<br>&#8211;&nbsp;<a href=\"https:\/\/www.rarom.ro\/wp-content\/uploads\/2015\/10\/Barbu-NeluVasile-DA30-zile-numire.pdf\" target=\"_blank\" rel=\"noopener noreferrer\">declara\u0163ie de avere<\/a><br>&#8211;&nbsp;<a href=\"https:\/\/www.rarom.ro\/wp-content\/uploads\/2015\/10\/Barbu-NeluVasile-DI30-zile-numire.pdf\" target=\"_blank\" rel=\"noopener noreferrer\">declara\u0163ie de interese<\/a><\/p>\n\n\n\n<p>30 de zile de la&nbsp;numire &#8211; 03.06.2023<br>&#8211;&nbsp;<a href=\"https:\/\/www.rarom.ro\/wp-content\/uploads\/2023\/03\/DA-Barbu-Nelu-Vasile-30-zile-numire.pdf\">declara\u0163ie de avere<br><\/a>&#8211;&nbsp;<a href=\"https:\/\/www.rarom.ro\/wp-content\/uploads\/2023\/03\/DI-Barbu-Nelu-Vasile-30-zile-numire.pdf\">declara\u0163ie de interese<\/a><\/p>\n\n\n\n<p>30 zile de la \u00eencetare &#8211;&nbsp;03.06.2023<br>&#8211;&nbsp;<a href=\"https:\/\/www.rarom.ro\/wp-content\/uploads\/2023\/03\/DA-Barbu-Nelu-Vasile-30-zile-incetare.pdf\">declara\u0163ie de avere<\/a><br>&#8211;&nbsp;<a href=\"https:\/\/www.rarom.ro\/wp-content\/uploads\/2023\/03\/DI-Barbu-Nelu-Vasile-30-zile-incetare.pdf\">declara\u0163ie de interese<\/a><\/p>\n\n\n\n<p>Anual, p\u00e2na la 15 iunie &#8211; 03.06.2023<br>&#8211;&nbsp;<a href=\"https:\/\/www.rarom.ro\/wp-content\/uploads\/2015\/10\/DA-Barbu-Nelu-Vasile-Anuala.pdf\">declara\u0163ie de avere<\/a><br>&#8211;&nbsp;<a href=\"https:\/\/www.rarom.ro\/wp-content\/uploads\/2015\/10\/DI-Barbu-Nelu-Vasile-Anuala.pdf\">declara\u0163ie de interese<\/a><\/p>\n\n\n\n<hr class=\"wp-block-separator has-alpha-channel-opacity\"\/>\n\n\n\n<p><strong>Chis\u0103li\u021b\u0103 Ioan Narcis <\/strong>&#8211;&nbsp;<em>membru provizoriu<\/em><\/p>\n\n\n\n<p>30 de zile de la&nbsp;numire &#8211; 05.12.2022<em><br><\/em>&#8211;&nbsp;<a href=\"https:\/\/www.rarom.ro\/wp-content\/uploads\/2015\/10\/Chisalita-IoanNarcis-DA30-zile-numire.pdf\" target=\"_blank\" rel=\"noopener noreferrer\">declara\u0163ie de avere<\/a><br>&#8211;&nbsp;<a href=\"https:\/\/www.rarom.ro\/wp-content\/uploads\/2015\/10\/Chisalita-IoanNarcis-DI30-zile-numire.pdf\" target=\"_blank\" rel=\"noopener noreferrer\">declara\u0163ie de interese<\/a><\/p>\n\n\n\n<p>30 de zile de la&nbsp;numire &#8211; 26.05.2023<br>&#8211; <a href=\"https:\/\/www.rarom.ro\/wp-content\/uploads\/2023\/03\/DA-Chisalita-Ioan-Narcis-30-zile-de-la-numire.pdf\">declara\u0163ie de avere<\/a><br>&#8211;&nbsp;<a href=\"https:\/\/www.rarom.ro\/wp-content\/uploads\/2023\/03\/DI-Chisalita-Ioan-Narcis-30-zile-de-la-numire.pdf\">declara\u0163ie de interese<\/a><\/p>\n\n\n\n<p>30 zile de la \u00eencetare &#8211; 26.05.2023<br>&#8211;&nbsp;<a href=\"https:\/\/www.rarom.ro\/wp-content\/uploads\/2023\/03\/DA-Chisalita-Ioan-Narcis-30-zile-de-la-incetare.pdf\">declara\u0163ie de avere<\/a><br>&#8211;&nbsp;<a href=\"https:\/\/www.rarom.ro\/wp-content\/uploads\/2023\/03\/DI-Chisalita-Ioan-Narcis-30-zile-de-la-incetare.pdf\">declara\u0163ie de interese<\/a><\/p>\n\n\n\n<p>Anual, p\u00e2na la 15 iunie &#8211; 09.06.2023<br>&#8211;&nbsp;<a href=\"https:\/\/www.rarom.ro\/wp-content\/uploads\/2015\/10\/DA-Chisalita-Ioan-Narcis-Anuala.pdf\">declara\u0163ie de avere<\/a><br>&#8211;&nbsp;<a href=\"https:\/\/www.rarom.ro\/wp-content\/uploads\/2015\/10\/DI-Chisalita-Ioan-Narcis-Anuala.pdf\">declara\u0163ie de interese<\/a><\/p>\n\n\n\n<hr class=\"wp-block-separator has-alpha-channel-opacity\"\/>\n\n\n\n<p><strong>Dolineaschi Andrei<\/strong> &#8211;&nbsp;<em>membru provizoriu<\/em><\/p>\n\n\n\n<p>30 de zile de la&nbsp;numire &#8211;&nbsp;29.11.2022<em><br><\/em>&#8211;&nbsp;<a href=\"https:\/\/www.rarom.ro\/wp-content\/uploads\/2015\/10\/Dolineaschi-Andrei-DA30-zile-numire.pdf\" target=\"_blank\" rel=\"noopener noreferrer\">declara\u0163ie de avere<\/a><br>&#8211;&nbsp;<a href=\"https:\/\/www.rarom.ro\/wp-content\/uploads\/2015\/10\/Dolineaschi-Andrei-DI30-zile-numire.pdf\" target=\"_blank\" rel=\"noopener noreferrer\">declara\u0163ie de interese<\/a><\/p>\n\n\n\n<p>30 de zile de la&nbsp;numire &#8211; 07.06.2023<br>&#8211;&nbsp;<a href=\"https:\/\/www.rarom.ro\/wp-content\/uploads\/2023\/03\/DA-Dolineaschi-Andrei-30-zile-de-la-numire.pdf\">declara\u0163ie de avere<\/a><br>&#8211;&nbsp;<a href=\"https:\/\/www.rarom.ro\/wp-content\/uploads\/2023\/03\/DI-Dolineaschi-Andrei-30-zile-numire.pdf\">declara\u0163ie de interese<\/a><\/p>\n\n\n\n<p>30 zile de la \u00eencetare &#8211; 29.05.2023<br>&#8211;&nbsp;<a href=\"https:\/\/www.rarom.ro\/wp-content\/uploads\/2023\/03\/DA-Dolineachi-Andrei-30-zile-de-la-incetare.pdf\">declara\u0163ie de avere<\/a><br>&#8211;&nbsp;<a href=\"https:\/\/www.rarom.ro\/wp-content\/uploads\/2023\/03\/DI-Dolineaschi-Andrei-30-zile-incetare.pdf\">declara\u0163ie de interese<\/a><\/p>\n\n\n\n<p>Anual, p\u00e2na la 15 iunie &#8211; 29.05.2023<br>&#8211;&nbsp;<a href=\"https:\/\/www.rarom.ro\/wp-content\/uploads\/2015\/10\/DA-Dolineachi-Andrei-Anuala.pdf\">declara\u0163ie de avere<\/a><br>&#8211;&nbsp;<a href=\"https:\/\/www.rarom.ro\/wp-content\/uploads\/2015\/10\/DI-Dolineachi-Andrei-Anuala.pdf\">declara\u0163ie de interese<\/a><\/p>\n\n\n\n<hr class=\"wp-block-separator has-alpha-channel-opacity\"\/>\n\n\n\n<p><strong>\u0218tefan Costel Dorin<\/strong> &#8211;&nbsp;<em>membru provizoriu<\/em><\/p>\n\n\n\n<p>30 de zile de la&nbsp;numire &#8211; 12.12.2022<em><br><\/em>&#8211;&nbsp;<a href=\"https:\/\/www.rarom.ro\/wp-content\/uploads\/2015\/10\/Stefan_CostelDorin-DA30-zile-numire.pdf\" target=\"_blank\" rel=\"noopener noreferrer\">declara\u0163ie de avere<br><\/a>&#8211;&nbsp;<a href=\"https:\/\/www.rarom.ro\/wp-content\/uploads\/2015\/10\/Stefan_CostelDorin-DI30-zile-numire.pdf\" target=\"_blank\" rel=\"noopener noreferrer\">declara\u0163ie de interese<\/a><\/p>\n\n\n\n<p>30 de zile de la&nbsp;numire &#8211; 25.05.2023<br>&#8211;&nbsp;<a href=\"https:\/\/www.rarom.ro\/wp-content\/uploads\/2023\/03\/DA-Stefan-Costel-Dorin-30-zile-numire.pdf\">declara\u0163ie de avere<\/a><br>&#8211;&nbsp;<a href=\"https:\/\/www.rarom.ro\/wp-content\/uploads\/2023\/03\/DI-Stefan-Costel-Dorin-30-zile-numire.pdf\">declara\u0163ie de interese<\/a><\/p>\n\n\n\n<p>30 zile de la \u00eencetare &#8211;&nbsp;25.05.2023<br>&#8211;&nbsp;<a href=\"https:\/\/www.rarom.ro\/wp-content\/uploads\/2023\/03\/DA-Stefan-Costel-Dorin-30-zile-incetare.pdf\">declara\u0163ie de avere<\/a><br>&#8211;&nbsp;<a href=\"https:\/\/www.rarom.ro\/wp-content\/uploads\/2023\/03\/DI-Stefan-Costel-Dorin-30-zile-incetare.pdf\">declara\u0163ie de interese<\/a><\/p>\n\n\n\n<p>Anual, p\u00e2na la 15 iunie &#8211; 25.05.2023<br>&#8211;&nbsp;<a href=\"https:\/\/www.rarom.ro\/wp-content\/uploads\/2015\/10\/DA-Stefan-Costel-Dorin-Anuala.pdf\">declara\u0163ie de avere<\/a><br>&#8211;&nbsp;<a href=\"https:\/\/www.rarom.ro\/wp-content\/uploads\/2015\/10\/DI-Stefan-Costel-Dorin-Anuala.pdf\">declara\u0163ie de interese<\/a><\/p>\n\n\n\n<hr class=\"wp-block-separator has-alpha-channel-opacity\"\/>\n\n\n\n<p><strong>Popa Ion<\/strong> &#8211;&nbsp;<em>membru provizoriu<\/em><\/p>\n\n\n\n<p>30 de zile de la&nbsp;numire &#8211; 13.12.2022<em><br><\/em>&#8211;&nbsp;<a href=\"https:\/\/www.rarom.ro\/wp-content\/uploads\/2015\/10\/PopaIon-DA30-zile-numire.pdf\" target=\"_blank\" rel=\"noopener noreferrer\">declara\u0163ie de avere<br><\/a>&#8211;&nbsp;<a href=\"https:\/\/www.rarom.ro\/wp-content\/uploads\/2015\/10\/PopaIon-DI30-zile-numire.pdf\" target=\"_blank\" rel=\"noopener noreferrer\">declara\u0163ie de interese<\/a><\/p>\n\n\n\n<p>30 de zile de la&nbsp;numire &#8211; 06.06.2023<br>&#8211;&nbsp;<a href=\"https:\/\/www.rarom.ro\/wp-content\/uploads\/2023\/03\/DA-Popa-Ion-30-zile-numire.pdf\">declara\u0163ie de avere<\/a><br>&#8211;&nbsp;<a href=\"https:\/\/www.rarom.ro\/wp-content\/uploads\/2023\/03\/DI-Popa-Ion-30-zile-numire.pdf\">declara\u0163ie de interese<\/a><\/p>\n\n\n\n<p>30 zile de la \u00eencetare &#8211; 06.06.2023<br>&#8211;&nbsp;<a href=\"https:\/\/www.rarom.ro\/wp-content\/uploads\/2023\/03\/DA-Popa-Ion-30-zile-incetare.pdf\">declara\u0163ie de avere<\/a><br>&#8211;&nbsp;<a href=\"https:\/\/www.rarom.ro\/wp-content\/uploads\/2023\/03\/DI-Stefan-Costel-Dorin-30-zile-incetare-1.pdf\">declara\u0163ie de interese<\/a><\/p>\n\n\n\n<p>Anual, p\u00e2na la 15 iunie &#8211; 06.06.2023<br>&#8211;&nbsp;<a href=\"https:\/\/www.rarom.ro\/wp-content\/uploads\/2015\/10\/DA-Popa-Ion-Anuala.pdf\">declara\u0163ie de avere<\/a><br>&#8211;&nbsp;<a href=\"https:\/\/www.rarom.ro\/wp-content\/uploads\/2015\/10\/DI-Popa-Ion-Anuala.pdf\">declara\u0163ie de interese<\/a><\/p>\n\n\n\n<p><\/p>\n\n\n\n<hr class=\"wp-block-separator has-alpha-channel-opacity\"\/>\n\n\n\n<p><strong>Zinca Marius<\/strong> &#8211; <em>membru provizoriu<\/em><\/p>\n\n\n\n<p>30 de zile de la \u00eencetare &#8211; 28.02.2023<br>&#8211;&nbsp;<a href=\"https:\/\/www.rarom.ro\/wp-content\/uploads\/2022\/01\/DA-Zinca-Marius-30zile-incetare.pdf\" target=\"_blank\" rel=\"noopener noreferrer\">declara\u021bie de avere<\/a><br>&#8211;&nbsp;<a href=\"https:\/\/www.rarom.ro\/wp-content\/uploads\/2022\/01\/DI-Zinca-Marius-30zile-incetare.pdf\" target=\"_blank\" rel=\"noopener noreferrer\">declara\u0163ie de interese<\/a><\/p>\n\n\n\n<p>30 de zile de la&nbsp;numire &#8211; 10.03.2023<br>&#8211;&nbsp;<a href=\"https:\/\/www.rarom.ro\/wp-content\/uploads\/2015\/10\/DA-Zinca-Marius-30zile-numire.pdf\" target=\"_blank\" rel=\"noopener noreferrer\">declaratie de avere<\/a><br>&#8211;&nbsp;<a href=\"https:\/\/www.rarom.ro\/wp-content\/uploads\/2015\/10\/DI-Zinca-Marius-30zile-numire.pdf\" target=\"_blank\" rel=\"noopener noreferrer\">declaratie de interese<\/a><\/p>\n\n\n\n<p>Anual, p\u00e2na la 15 iunie &#8211; 29.05.2023<br>&#8211;&nbsp;<a href=\"https:\/\/www.rarom.ro\/wp-content\/uploads\/2023\/03\/DA-Zinca-Marius-anuala.pdf\" target=\"_blank\" rel=\"noopener noreferrer\">declaratie de avere<br><\/a>&#8211;&nbsp;<a href=\"https:\/\/www.rarom.ro\/wp-content\/uploads\/2023\/03\/DI-Zinca-Marius-anuala.pdf\" target=\"_blank\" rel=\"noopener noreferrer\">declaratie de interese<\/a><\/p>\n\n\n\n<hr class=\"wp-block-separator has-alpha-channel-opacity\"\/>\n\n\n\n<p><strong>Gheorghe M\u0103d\u0103lina<\/strong> &#8211;&nbsp;<em>membru provizoriu<\/em><\/p>\n\n\n\n<p>30 de zile de la&nbsp;numire &#8211;&nbsp;29.05.2023<br>&#8211;&nbsp;<a href=\"https:\/\/www.rarom.ro\/wp-content\/uploads\/2015\/10\/Gheorghe-Madalina-DA-30-zile-numire.pdf\" target=\"_blank\" rel=\"noopener noreferrer\">declara\u0163ie de avere<\/a><br>&#8211;&nbsp;<a href=\"https:\/\/www.rarom.ro\/wp-content\/uploads\/2015\/10\/Gheorghe-Madalina-DI-30-zile-numire.pdf\" target=\"_blank\" rel=\"noopener noreferrer\">declara\u0163ie de interese<\/a><\/p>\n\n\n\n<p>Anual, p\u00e2na la 15 iunie &#8211; 08.06.2023<br>&#8211;&nbsp;<a href=\"https:\/\/www.rarom.ro\/wp-content\/uploads\/2015\/10\/DA-Gheorghe-Madalina-Anuala.pdf\" target=\"_blank\" rel=\"noreferrer noopener\">declara\u0163ie de avere<\/a><br>&#8211;&nbsp;<a href=\"https:\/\/www.rarom.ro\/wp-content\/uploads\/2015\/10\/DI-Gheorghe-Madalina-Anuala.pdf\" target=\"_blank\" rel=\"noreferrer noopener\">declara\u0163ie de interese<\/a><\/p>\n\n\n\n<p>30 de zile de la \u00eencetare &#8211; 29.09.2023<br>&#8211; <a href=\"https:\/\/www.rarom.ro\/wp-content\/uploads\/2023\/10\/DA-30-zile-incetare-Gheorghe-Madalina.pdf\" target=\"_blank\" rel=\"noreferrer noopener\">declara\u0163ie de avere<\/a><br>&#8211; <a href=\"https:\/\/www.rarom.ro\/wp-content\/uploads\/2023\/10\/DI-30-zile-incetare-Gheorghe-Madalina.pdf\" target=\"_blank\" rel=\"noreferrer noopener\">declara\u0163ie de interese<\/a><\/p>\n","protected":false},"excerpt":{"rendered":"<p>Conducerea RAR Alina NI\u021a\u0102 30 de zile de la&nbsp;numire &#8211; 20.03.2023Declara\u0163ie de avereDeclara\u0163ie de interese Rectificativ\u0103&nbsp;&#8211; 15.05.2023 Anual, p\u00e2n\u0103 la 15 iunie &#8211; 31.05.2023&#8211; declara\u0163ie de avere&#8211; declara\u0163ie de interese 30 de zile de la&nbsp;\u00eencetare &#8211; 13.09.2023&#8211; declara\u0163ie de avere&#8211; declara\u0163ie de interese Mihai Alecu Anual, p\u00e2n\u0103 la 15 iunie &#8211; 07.06.2023&#8211; declara\u0163ie de avere&#8211; [&hellip;]<\/p>\n","protected":false},"author":3,"featured_media":0,"parent":1297,"menu_order":9979,"comment_status":"closed","ping_status":"closed","template":"","meta":{"_acf_changed":false,"footnotes":""},"class_list":["post-14915","page","type-page","status-publish","hentry"],"acf":[],"_links":{"self":[{"href":"https:\/\/www.rarom.ro\/index.php?rest_route=\/wp\/v2\/pages\/14915","targetHints":{"allow":["GET"]}}],"collection":[{"href":"https:\/\/www.rarom.ro\/index.php?rest_route=\/wp\/v2\/pages"}],"about":[{"href":"https:\/\/www.rarom.ro\/index.php?rest_route=\/wp\/v2\/types\/page"}],"author":[{"embeddable":true,"href":"https:\/\/www.rarom.ro\/index.php?rest_route=\/wp\/v2\/users\/3"}],"replies":[{"embeddable":true,"href":"https:\/\/www.rarom.ro\/index.php?rest_route=%2Fwp%2Fv2%2Fcomments&post=14915"}],"version-history":[{"count":43,"href":"https:\/\/www.rarom.ro\/index.php?rest_route=\/wp\/v2\/pages\/14915\/revisions"}],"predecessor-version":[{"id":302080,"href":"https:\/\/www.rarom.ro\/index.php?rest_route=\/wp\/v2\/pages\/14915\/revisions\/302080"}],"up":[{"embeddable":true,"href":"https:\/\/www.rarom.ro\/index.php?rest_route=\/wp\/v2\/pages\/1297"}],"wp:attachment":[{"href":"https:\/\/www.rarom.ro\/index.php?rest_route=%2Fwp%2Fv2%2Fmedia&parent=14915"}],"curies":[{"name":"wp","href":"https:\/\/api.w.org\/{rel}","templated":true}]}}