{"id":14767,"date":"2023-02-27T16:01:34","date_gmt":"2023-02-27T14:01:34","guid":{"rendered":"https:\/\/www.rarom.ro\/?page_id=14767"},"modified":"2023-03-01T14:34:22","modified_gmt":"2023-03-01T12:34:22","slug":"prezentare","status":"publish","type":"page","link":"https:\/\/www.rarom.ro\/?page_id=14767","title":{"rendered":"Prezentare"},"content":{"rendered":"<p><strong>Chevrolet Corvette E-Ray<\/strong><\/p>\n<p><img loading=\"lazy\" decoding=\"async\" class=\"size-full wp-image-14768 aligncenter\" src=\"https:\/\/www.rarom.ro\/wp-content\/uploads\/2023\/02\/Prezentare-mare.jpeg\" alt=\"\" width=\"730\" height=\"450\" srcset=\"https:\/\/www.rarom.ro\/wp-content\/uploads\/2023\/02\/Prezentare-mare.jpeg 730w, https:\/\/www.rarom.ro\/wp-content\/uploads\/2023\/02\/Prezentare-mare-300x185.jpeg 300w\" sizes=\"auto, (max-width: 730px) 100vw, 730px\" \/><\/p>\n<p style=\"text-align: justify;\"><img loading=\"lazy\" decoding=\"async\" class=\"size-full wp-image-14770 alignleft\" src=\"https:\/\/www.rarom.ro\/wp-content\/uploads\/2023\/02\/Prezentare-pagini-1.jpg\" alt=\"\" width=\"250\" height=\"165\" \/>Chevrolet a lansat, pentru prima dat\u0103 \u00een istoria sa de peste 110 ani, un Corvette hibrid al c\u0103rui sistem de propulsie, format dintr-un V8 aspirat natural \u0219i un motor electric, dezvolt\u0103 655 CP, \u00een total. Purt\u00e2nd sufixul E-Ray, aceast\u0103 variant\u0103 este \u0219i primul Corvette cu motor central \u0219i trac\u021biune integral\u0103. [\u2026]<\/p>\n","protected":false},"excerpt":{"rendered":"<p>Chevrolet Corvette E-Ray Chevrolet a lansat, pentru prima dat\u0103 \u00een istoria sa de peste 110 ani, un Corvette hibrid al c\u0103rui sistem de propulsie, format dintr-un V8 aspirat natural \u0219i un motor electric, dezvolt\u0103 655 CP, \u00een total. Purt\u00e2nd sufixul E-Ray, aceast\u0103 variant\u0103 este \u0219i primul Corvette cu motor central \u0219i trac\u021biune integral\u0103. [\u2026]<\/p>\n","protected":false},"author":3,"featured_media":0,"parent":14735,"menu_order":3,"comment_status":"closed","ping_status":"closed","template":"","meta":{"_acf_changed":false,"footnotes":""},"class_list":["post-14767","page","type-page","status-publish","hentry"],"acf":[],"_links":{"self":[{"href":"https:\/\/www.rarom.ro\/index.php?rest_route=\/wp\/v2\/pages\/14767","targetHints":{"allow":["GET"]}}],"collection":[{"href":"https:\/\/www.rarom.ro\/index.php?rest_route=\/wp\/v2\/pages"}],"about":[{"href":"https:\/\/www.rarom.ro\/index.php?rest_route=\/wp\/v2\/types\/page"}],"author":[{"embeddable":true,"href":"https:\/\/www.rarom.ro\/index.php?rest_route=\/wp\/v2\/users\/3"}],"replies":[{"embeddable":true,"href":"https:\/\/www.rarom.ro\/index.php?rest_route=%2Fwp%2Fv2%2Fcomments&post=14767"}],"version-history":[{"count":2,"href":"https:\/\/www.rarom.ro\/index.php?rest_route=\/wp\/v2\/pages\/14767\/revisions"}],"predecessor-version":[{"id":14797,"href":"https:\/\/www.rarom.ro\/index.php?rest_route=\/wp\/v2\/pages\/14767\/revisions\/14797"}],"up":[{"embeddable":true,"href":"https:\/\/www.rarom.ro\/index.php?rest_route=\/wp\/v2\/pages\/14735"}],"wp:attachment":[{"href":"https:\/\/www.rarom.ro\/index.php?rest_route=%2Fwp%2Fv2%2Fmedia&parent=14767"}],"curies":[{"name":"wp","href":"https:\/\/api.w.org\/{rel}","templated":true}]}}