{"id":14749,"date":"2023-02-27T15:57:22","date_gmt":"2023-02-27T13:57:22","guid":{"rendered":"https:\/\/www.rarom.ro\/?page_id=14749"},"modified":"2023-03-01T14:28:56","modified_gmt":"2023-03-01T12:28:56","slug":"mitsubishi-asx-phev","status":"publish","type":"page","link":"https:\/\/www.rarom.ro\/?page_id=14749","title":{"rendered":"Mitsubishi ASX PHEV"},"content":{"rendered":"<p><strong>Test: Mitsubishi ASX PHEV<\/strong><\/p>\n<p><img loading=\"lazy\" decoding=\"async\" class=\"aligncenter size-full wp-image-14750\" src=\"https:\/\/www.rarom.ro\/wp-content\/uploads\/2023\/02\/Test-Mitsubishi-mare.jpg\" alt=\"\" width=\"730\" height=\"450\" srcset=\"https:\/\/www.rarom.ro\/wp-content\/uploads\/2023\/02\/Test-Mitsubishi-mare.jpg 730w, https:\/\/www.rarom.ro\/wp-content\/uploads\/2023\/02\/Test-Mitsubishi-mare-300x185.jpg 300w\" sizes=\"auto, (max-width: 730px) 100vw, 730px\" \/><\/p>\n<p style=\"text-align: justify;\"><img loading=\"lazy\" decoding=\"async\" class=\"size-full wp-image-14752 alignleft\" src=\"https:\/\/www.rarom.ro\/wp-content\/uploads\/2023\/02\/Test-Mitsubishi-pagini.jpg\" alt=\"\" width=\"250\" height=\"165\" \/>\u00a0Mitsubishi nu se ascunde dup\u0103 deget. Cel mai nou model din gama sa este un Renault Captur cu sigl\u0103 Mitsubishi. Este primul model comun n\u0103scut din alian\u021ba cu constructorul francez. [\u2026]<\/p>\n","protected":false},"excerpt":{"rendered":"<p>Test: Mitsubishi ASX PHEV \u00a0Mitsubishi nu se ascunde dup\u0103 deget. Cel mai nou model din gama sa este un Renault Captur cu sigl\u0103 Mitsubishi. Este primul model comun n\u0103scut din alian\u021ba cu constructorul francez. [\u2026]<\/p>\n","protected":false},"author":3,"featured_media":0,"parent":14739,"menu_order":2,"comment_status":"closed","ping_status":"closed","template":"","meta":{"_acf_changed":false,"footnotes":""},"class_list":["post-14749","page","type-page","status-publish","hentry"],"acf":[],"_links":{"self":[{"href":"https:\/\/www.rarom.ro\/index.php?rest_route=\/wp\/v2\/pages\/14749","targetHints":{"allow":["GET"]}}],"collection":[{"href":"https:\/\/www.rarom.ro\/index.php?rest_route=\/wp\/v2\/pages"}],"about":[{"href":"https:\/\/www.rarom.ro\/index.php?rest_route=\/wp\/v2\/types\/page"}],"author":[{"embeddable":true,"href":"https:\/\/www.rarom.ro\/index.php?rest_route=\/wp\/v2\/users\/3"}],"replies":[{"embeddable":true,"href":"https:\/\/www.rarom.ro\/index.php?rest_route=%2Fwp%2Fv2%2Fcomments&post=14749"}],"version-history":[{"count":1,"href":"https:\/\/www.rarom.ro\/index.php?rest_route=\/wp\/v2\/pages\/14749\/revisions"}],"predecessor-version":[{"id":14754,"href":"https:\/\/www.rarom.ro\/index.php?rest_route=\/wp\/v2\/pages\/14749\/revisions\/14754"}],"up":[{"embeddable":true,"href":"https:\/\/www.rarom.ro\/index.php?rest_route=\/wp\/v2\/pages\/14739"}],"wp:attachment":[{"href":"https:\/\/www.rarom.ro\/index.php?rest_route=%2Fwp%2Fv2%2Fmedia&parent=14749"}],"curies":[{"name":"wp","href":"https:\/\/api.w.org\/{rel}","templated":true}]}}