{"id":14546,"date":"2023-02-06T13:32:36","date_gmt":"2023-02-06T11:32:36","guid":{"rendered":"https:\/\/www.rarom.ro\/?page_id=14546"},"modified":"2023-02-06T13:32:40","modified_gmt":"2023-02-06T11:32:40","slug":"magazin","status":"publish","type":"page","link":"https:\/\/www.rarom.ro\/?page_id=14546","title":{"rendered":"Magazin"},"content":{"rendered":"<p><strong>Ken Block 1967-2023<\/strong><\/p>\n<p><img loading=\"lazy\" decoding=\"async\" class=\"size-full wp-image-14547\" src=\"https:\/\/www.rarom.ro\/wp-content\/uploads\/2023\/02\/Magazin-mare.jpg\" alt=\"\" width=\"730\" height=\"450\" srcset=\"https:\/\/www.rarom.ro\/wp-content\/uploads\/2023\/02\/Magazin-mare.jpg 730w, https:\/\/www.rarom.ro\/wp-content\/uploads\/2023\/02\/Magazin-mare-300x185.jpg 300w\" sizes=\"auto, (max-width: 730px) 100vw, 730px\" \/><\/p>\n<p style=\"text-align: justify;\"><img loading=\"lazy\" decoding=\"async\" class=\"size-full wp-image-14549 alignleft\" src=\"https:\/\/www.rarom.ro\/wp-content\/uploads\/2023\/02\/Magazin-pagini.jpg\" alt=\"\" width=\"250\" height=\"165\" \/>\u00a0Anul 2023 a \u00eenceput cu o veste trist\u0103 venit\u0103 din Statele Unite ale Americii. Pe 2 ianuarie, pilotul american Ken Block, faimos pentru seria de clipuri Gymkhana, a \u00eencetat din via\u021b\u0103 la 55 de ani \u00een urma unui accident de snowmobil. [\u2026]<\/p>\n","protected":false},"excerpt":{"rendered":"<p>Ken Block 1967-2023 \u00a0Anul 2023 a \u00eenceput cu o veste trist\u0103 venit\u0103 din Statele Unite ale Americii. Pe 2 ianuarie, pilotul american Ken Block, faimos pentru seria de clipuri Gymkhana, a \u00eencetat din via\u021b\u0103 la 55 de ani \u00een urma unui accident de snowmobil. [\u2026]<\/p>\n","protected":false},"author":3,"featured_media":0,"parent":14506,"menu_order":5,"comment_status":"closed","ping_status":"closed","template":"","meta":{"_acf_changed":false,"footnotes":""},"class_list":["post-14546","page","type-page","status-publish","hentry"],"acf":[],"_links":{"self":[{"href":"https:\/\/www.rarom.ro\/index.php?rest_route=\/wp\/v2\/pages\/14546","targetHints":{"allow":["GET"]}}],"collection":[{"href":"https:\/\/www.rarom.ro\/index.php?rest_route=\/wp\/v2\/pages"}],"about":[{"href":"https:\/\/www.rarom.ro\/index.php?rest_route=\/wp\/v2\/types\/page"}],"author":[{"embeddable":true,"href":"https:\/\/www.rarom.ro\/index.php?rest_route=\/wp\/v2\/users\/3"}],"replies":[{"embeddable":true,"href":"https:\/\/www.rarom.ro\/index.php?rest_route=%2Fwp%2Fv2%2Fcomments&post=14546"}],"version-history":[{"count":1,"href":"https:\/\/www.rarom.ro\/index.php?rest_route=\/wp\/v2\/pages\/14546\/revisions"}],"predecessor-version":[{"id":14551,"href":"https:\/\/www.rarom.ro\/index.php?rest_route=\/wp\/v2\/pages\/14546\/revisions\/14551"}],"up":[{"embeddable":true,"href":"https:\/\/www.rarom.ro\/index.php?rest_route=\/wp\/v2\/pages\/14506"}],"wp:attachment":[{"href":"https:\/\/www.rarom.ro\/index.php?rest_route=%2Fwp%2Fv2%2Fmedia&parent=14546"}],"curies":[{"name":"wp","href":"https:\/\/api.w.org\/{rel}","templated":true}]}}