{"id":14540,"date":"2023-02-06T13:31:12","date_gmt":"2023-02-06T11:31:12","guid":{"rendered":"https:\/\/www.rarom.ro\/?page_id=14540"},"modified":"2023-02-06T13:31:12","modified_gmt":"2023-02-06T11:31:12","slug":"tehno","status":"publish","type":"page","link":"https:\/\/www.rarom.ro\/?page_id=14540","title":{"rendered":"Tehno"},"content":{"rendered":"<p><strong>Audi R8<\/strong><\/p>\n<p><img loading=\"lazy\" decoding=\"async\" class=\"aligncenter size-full wp-image-14541\" src=\"https:\/\/www.rarom.ro\/wp-content\/uploads\/2023\/02\/Tehno-mare.jpg\" alt=\"\" width=\"730\" height=\"450\" srcset=\"https:\/\/www.rarom.ro\/wp-content\/uploads\/2023\/02\/Tehno-mare.jpg 730w, https:\/\/www.rarom.ro\/wp-content\/uploads\/2023\/02\/Tehno-mare-300x185.jpg 300w\" sizes=\"auto, (max-width: 730px) 100vw, 730px\" \/><\/p>\n<p style=\"text-align: justify;\"><img loading=\"lazy\" decoding=\"async\" class=\"size-full wp-image-14543 alignleft\" src=\"https:\/\/www.rarom.ro\/wp-content\/uploads\/2023\/02\/Tehno-pagini.jpg\" alt=\"\" width=\"250\" height=\"165\" \/>\u00a0La 12 ani de la premiera primului Audi R8 GT, constructorul german a lansat cea de-a doua edi\u021bie a acestei ma\u0219ini super sport, dar cu o denumire ceva mai lung\u0103: Audi R8 Coup\u00e9 V10 GT RWD2. Partea tare este c\u0103 motorul V10 de 5,2 litri, cu aspira\u021bie natural\u0103, ajunge la 620 CP f\u0103c\u00e2nd noul model cu trac\u021biune spate cel mai puternic din istoria m\u0103rcii. [\u2026]<\/p>\n","protected":false},"excerpt":{"rendered":"<p>Audi R8 \u00a0La 12 ani de la premiera primului Audi R8 GT, constructorul german a lansat cea de-a doua edi\u021bie a acestei ma\u0219ini super sport, dar cu o denumire ceva mai lung\u0103: Audi R8 Coup\u00e9 V10 GT RWD2. Partea tare este c\u0103 motorul V10 de 5,2 litri, cu aspira\u021bie natural\u0103, ajunge la 620 CP f\u0103c\u00e2nd [&hellip;]<\/p>\n","protected":false},"author":3,"featured_media":0,"parent":14506,"menu_order":4,"comment_status":"closed","ping_status":"closed","template":"","meta":{"_acf_changed":false,"footnotes":""},"class_list":["post-14540","page","type-page","status-publish","hentry"],"acf":[],"_links":{"self":[{"href":"https:\/\/www.rarom.ro\/index.php?rest_route=\/wp\/v2\/pages\/14540","targetHints":{"allow":["GET"]}}],"collection":[{"href":"https:\/\/www.rarom.ro\/index.php?rest_route=\/wp\/v2\/pages"}],"about":[{"href":"https:\/\/www.rarom.ro\/index.php?rest_route=\/wp\/v2\/types\/page"}],"author":[{"embeddable":true,"href":"https:\/\/www.rarom.ro\/index.php?rest_route=\/wp\/v2\/users\/3"}],"replies":[{"embeddable":true,"href":"https:\/\/www.rarom.ro\/index.php?rest_route=%2Fwp%2Fv2%2Fcomments&post=14540"}],"version-history":[{"count":1,"href":"https:\/\/www.rarom.ro\/index.php?rest_route=\/wp\/v2\/pages\/14540\/revisions"}],"predecessor-version":[{"id":14545,"href":"https:\/\/www.rarom.ro\/index.php?rest_route=\/wp\/v2\/pages\/14540\/revisions\/14545"}],"up":[{"embeddable":true,"href":"https:\/\/www.rarom.ro\/index.php?rest_route=\/wp\/v2\/pages\/14506"}],"wp:attachment":[{"href":"https:\/\/www.rarom.ro\/index.php?rest_route=%2Fwp%2Fv2%2Fmedia&parent=14540"}],"curies":[{"name":"wp","href":"https:\/\/api.w.org\/{rel}","templated":true}]}}